{"id":39176,"date":"2026-04-15T10:44:19","date_gmt":"2026-04-15T08:44:19","guid":{"rendered":"https:\/\/www.ortidimare.it\/?page_id=39176"},"modified":"2026-04-15T15:16:05","modified_gmt":"2026-04-15T13:16:05","slug":"espace-bien-etre","status":"publish","type":"page","link":"https:\/\/www.ortidimare.it\/fr\/espace-bien-etre\/","title":{"rendered":"Espace Bien-\u00catre"},"content":{"rendered":"<div class=\"wpb-content-wrapper\"><p>[vc_row css_animation=\u00a0\u00bb\u00a0\u00bb row_type=\u00a0\u00bbrow\u00a0\u00bb use_row_as_full_screen_section=\u00a0\u00bbno\u00a0\u00bb type=\u00a0\u00bbfull_width\u00a0\u00bb angled_section=\u00a0\u00bbno\u00a0\u00bb text_align=\u00a0\u00bbleft\u00a0\u00bb background_image_as_pattern=\u00a0\u00bbwithout_pattern\u00a0\u00bb][vc_column offset=\u00a0\u00bbvc_hidden-sm vc_hidden-xs\u00a0\u00bb][layerslider_vc id=\u00a0\u00bb27&Prime;][vc_separator type=\u00a0\u00bbtransparent\u00a0\u00bb up=\u00a0\u00bb15&Prime; down=\u00a0\u00bb15&Prime;][\/vc_column][\/vc_row][vc_row css_animation=\u00a0\u00bb\u00a0\u00bb row_type=\u00a0\u00bbrow\u00a0\u00bb use_row_as_full_screen_section=\u00a0\u00bbno\u00a0\u00bb type=\u00a0\u00bbfull_width\u00a0\u00bb angled_section=\u00a0\u00bbno\u00a0\u00bb text_align=\u00a0\u00bbleft\u00a0\u00bb background_image_as_pattern=\u00a0\u00bbwithout_pattern\u00a0\u00bb][vc_column][vc_column_text css=\u00a0\u00bb\u00a0\u00bb]<\/p>\n<h4>Afin d&rsquo;offrir \u00e0 nos clients une exp\u00e9rience de d\u00e9tente, de reconnexion et de r\u00e9g\u00e9n\u00e9ration encore plus profonde et compl\u00e8te, nous avons cr\u00e9\u00e9 un espace bien-\u00eatre o\u00f9 il est possible de b\u00e9n\u00e9ficier de soins de tr\u00e8s haute qualit\u00e9, adapt\u00e9s aux besoins de chacun.<\/h4>\n<p>Le <strong>massage ayurv\u00e9dique-yoga<\/strong>, \u00e9galement connu en Inde sous le nom de \u00ab massage orthop\u00e9dique \u00bb, est extr\u00eamement polyvalent:<\/p>\n<p><span style=\"color: #ff0000;\">\u2665 <\/span>il peut combiner des pressions avec des \u00e9tirements et, si vous le souhaitez, des man\u0153uvres d&rsquo;\u00e9tirement passif pour agir en profondeur et d\u00e9nouer les contractures musculaires, r\u00e9aligner le corps et retrouver la mobilit\u00e9 articulaire. Toujours en respectant et en traitant avec amour les limites de chaque syst\u00e8me individuel, \u00e0 l&rsquo;\u00e9coute des besoins, et en concluant chaque soin par un moment de relaxation profonde.<\/p>\n<p><span style=\"color: #ff0000;\">\u2665 <\/span>il peut se d\u00e9rouler avec une d\u00e9licatesse absolue, sans aucune man\u0153uvre, pour offrir \u00e0 celui qui le re\u00e7oit une simple relaxation, parfois bouleversante par sa profondeur, si souvent m\u00e9connue dans la vie tr\u00e9pidante d&rsquo;aujourd&rsquo;hui.<\/p>\n<p>Notre praticienne, <strong>Chiara Di Clemente<\/strong>, dot\u00e9e d&rsquo;une grande sensibilit\u00e9, de force et de d\u00e9licatesse, ainsi que d&rsquo;une excellente formation et d&rsquo;une exp\u00e9rience de vingt ans, vous propose de choisir entre des massages partiels et des massages du corps entier, de dur\u00e9es et de tarifs vari\u00e9s. Notamment l&rsquo;incroyable \u00ab No time \u00bb, une exp\u00e9rience unique et cathartique, \u00e0 l&rsquo;issue de laquelle vous ne serez plus la m\u00eame personne qu&rsquo;avant.<\/p>\n<p>De plus, lors de certaines journ\u00e9es sp\u00e9ciales, vous pourrez essayer deux types diff\u00e9rents de massages \u00ab bio-lifting \u00bb, dont l\u2019un est pratiqu\u00e9 par la praticienne <strong>Pina Guidetti<\/strong>, exploratrice infatigable et cr\u00e9ative du pouvoir curatif des plantes, qui r\u00e9g\u00e9n\u00e9rera votre visage gr\u00e2ce \u00e0 l\u2019utilisation savante de produits naturels qu\u2019elle pr\u00e9pare elle-m\u00eame, principalement \u00e0 partir de mati\u00e8res premi\u00e8res offertes par cette \u00eele puissante.<\/p>\n<p><strong>Nous vous souhaitons de vous offrir au moins l&rsquo;un de ces soins pendant votre s\u00e9jour et de pouvoir ressentir cette incroyable sensation de libert\u00e9 et de red\u00e9couverte de soi qu&rsquo;ils procurent souvent.<\/strong>[\/vc_column_text][vc_separator type=\u00a0\u00bbtransparent\u00a0\u00bb thickness=\u00a0\u00bb10&Prime; up=\u00a0\u00bb15&Prime; down=\u00a0\u00bb15&Prime;][vc_column_text css=\u00a0\u00bb\u00a0\u00bb]<\/p>\n<h4 style=\"text-align: center;\"><\/h4>\n<p>[\/vc_column_text][vc_separator type=\u00a0\u00bbtransparent\u00a0\u00bb][\/vc_column][\/vc_row]<\/p>\n<\/div>","protected":false},"excerpt":{"rendered":"<p>[vc_row css_animation=\u00a0\u00bb\u00a0\u00bb row_type=\u00a0\u00bbrow\u00a0\u00bb use_row_as_full_screen_section=\u00a0\u00bbno\u00a0\u00bb type=\u00a0\u00bbfull_width\u00a0\u00bb angled_section=\u00a0\u00bbno\u00a0\u00bb text_align=\u00a0\u00bbleft\u00a0\u00bb background_image_as_pattern=\u00a0\u00bbwithout_pattern\u00a0\u00bb][vc_column offset=\u00a0\u00bbvc_hidden-sm vc_hidden-xs\u00a0\u00bb][layerslider_vc id=\u00a0\u00bb27&Prime;][vc_separator type=\u00a0\u00bbtransparent\u00a0\u00bb up=\u00a0\u00bb15&Prime; down=\u00a0\u00bb15&Prime;][\/vc_column][\/vc_row][vc_row css_animation=\u00a0\u00bb\u00a0\u00bb&#8230;<\/p>\n","protected":false},"author":7,"featured_media":33032,"parent":0,"menu_order":0,"comment_status":"closed","ping_status":"closed","template":"","meta":{"footnotes":""},"class_list":["post-39176","page","type-page","status-publish","has-post-thumbnail","hentry"],"yoast_head":"<!-- This site is optimized with the Yoast SEO plugin v27.4 - https:\/\/yoast.com\/product\/yoast-seo-wordpress\/ -->\n<title>Scopri la nostra area benessere<\/title>\n<meta name=\"description\" content=\"Massaggi ayurvedici-yoga, bio-lifting e trattamenti personalizzati con operatrici esperte. Esperienza di relax e rigenerazione totale.\" \/>\n<meta name=\"robots\" content=\"index, follow, max-snippet:-1, max-image-preview:large, max-video-preview:-1\" \/>\n<link rel=\"canonical\" href=\"https:\/\/www.ortidimare.it\/fr\/espace-bien-etre\/\" \/>\n<meta property=\"og:locale\" content=\"fr_FR\" \/>\n<meta property=\"og:type\" content=\"article\" \/>\n<meta property=\"og:title\" content=\"Scopri la nostra area benessere\" \/>\n<meta property=\"og:description\" content=\"Massaggi ayurvedici-yoga, bio-lifting e trattamenti personalizzati con operatrici esperte. Esperienza di relax e rigenerazione totale.\" \/>\n<meta property=\"og:url\" content=\"https:\/\/www.ortidimare.it\/fr\/espace-bien-etre\/\" \/>\n<meta property=\"og:site_name\" content=\"Orti di Mare\" \/>\n<meta property=\"article:modified_time\" content=\"2026-04-15T13:16:05+00:00\" \/>\n<meta property=\"og:image\" content=\"https:\/\/www.ortidimare.it\/wp-content\/uploads\/2015\/03\/bott-m.png\" \/>\n\t<meta property=\"og:image:width\" content=\"217\" \/>\n\t<meta property=\"og:image:height\" content=\"217\" \/>\n\t<meta property=\"og:image:type\" content=\"image\/png\" \/>\n<meta name=\"twitter:label1\" content=\"Dur\u00e9e de lecture estim\u00e9e\" \/>\n\t<meta name=\"twitter:data1\" content=\"3 minutes\" \/>\n<script type=\"application\/ld+json\" class=\"yoast-schema-graph\">{\"@context\":\"https:\\\/\\\/schema.org\",\"@graph\":[{\"@type\":\"WebPage\",\"@id\":\"https:\\\/\\\/www.ortidimare.it\\\/fr\\\/espace-bien-etre\\\/\",\"url\":\"https:\\\/\\\/www.ortidimare.it\\\/fr\\\/espace-bien-etre\\\/\",\"name\":\"Scopri la nostra area benessere\",\"isPartOf\":{\"@id\":\"https:\\\/\\\/www.ortidimare.it\\\/fr\\\/#website\"},\"primaryImageOfPage\":{\"@id\":\"https:\\\/\\\/www.ortidimare.it\\\/fr\\\/espace-bien-etre\\\/#primaryimage\"},\"image\":{\"@id\":\"https:\\\/\\\/www.ortidimare.it\\\/fr\\\/espace-bien-etre\\\/#primaryimage\"},\"thumbnailUrl\":\"https:\\\/\\\/www.ortidimare.it\\\/wp-content\\\/uploads\\\/2015\\\/03\\\/bott-m.png\",\"datePublished\":\"2026-04-15T08:44:19+00:00\",\"dateModified\":\"2026-04-15T13:16:05+00:00\",\"description\":\"Massaggi ayurvedici-yoga, bio-lifting e trattamenti personalizzati con operatrici esperte. Esperienza di relax e rigenerazione totale.\",\"breadcrumb\":{\"@id\":\"https:\\\/\\\/www.ortidimare.it\\\/fr\\\/espace-bien-etre\\\/#breadcrumb\"},\"inLanguage\":\"fr-FR\",\"potentialAction\":[{\"@type\":\"ReadAction\",\"target\":[\"https:\\\/\\\/www.ortidimare.it\\\/fr\\\/espace-bien-etre\\\/\"]}]},{\"@type\":\"ImageObject\",\"inLanguage\":\"fr-FR\",\"@id\":\"https:\\\/\\\/www.ortidimare.it\\\/fr\\\/espace-bien-etre\\\/#primaryimage\",\"url\":\"https:\\\/\\\/www.ortidimare.it\\\/wp-content\\\/uploads\\\/2015\\\/03\\\/bott-m.png\",\"contentUrl\":\"https:\\\/\\\/www.ortidimare.it\\\/wp-content\\\/uploads\\\/2015\\\/03\\\/bott-m.png\",\"width\":217,\"height\":217},{\"@type\":\"BreadcrumbList\",\"@id\":\"https:\\\/\\\/www.ortidimare.it\\\/fr\\\/espace-bien-etre\\\/#breadcrumb\",\"itemListElement\":[{\"@type\":\"ListItem\",\"position\":1,\"name\":\"Home\",\"item\":\"https:\\\/\\\/www.ortidimare.it\\\/fr\\\/\"},{\"@type\":\"ListItem\",\"position\":2,\"name\":\"Espace Bien-\u00catre\"}]},{\"@type\":\"WebSite\",\"@id\":\"https:\\\/\\\/www.ortidimare.it\\\/fr\\\/#website\",\"url\":\"https:\\\/\\\/www.ortidimare.it\\\/fr\\\/\",\"name\":\"Orti di Mare\",\"description\":\"Lacona - Isola d&#039;Elba\",\"publisher\":{\"@id\":\"https:\\\/\\\/www.ortidimare.it\\\/fr\\\/#organization\"},\"potentialAction\":[{\"@type\":\"SearchAction\",\"target\":{\"@type\":\"EntryPoint\",\"urlTemplate\":\"https:\\\/\\\/www.ortidimare.it\\\/fr\\\/?s={search_term_string}\"},\"query-input\":{\"@type\":\"PropertyValueSpecification\",\"valueRequired\":true,\"valueName\":\"search_term_string\"}}],\"inLanguage\":\"fr-FR\"},{\"@type\":\"Organization\",\"@id\":\"https:\\\/\\\/www.ortidimare.it\\\/fr\\\/#organization\",\"name\":\"Orti di Mare\",\"url\":\"https:\\\/\\\/www.ortidimare.it\\\/fr\\\/\",\"logo\":{\"@type\":\"ImageObject\",\"inLanguage\":\"fr-FR\",\"@id\":\"https:\\\/\\\/www.ortidimare.it\\\/fr\\\/#\\\/schema\\\/logo\\\/image\\\/\",\"url\":\"https:\\\/\\\/www.ortidimare.it\\\/wp-content\\\/uploads\\\/logo.jpg\",\"contentUrl\":\"https:\\\/\\\/www.ortidimare.it\\\/wp-content\\\/uploads\\\/logo.jpg\",\"width\":600,\"height\":600,\"caption\":\"Orti di Mare\"},\"image\":{\"@id\":\"https:\\\/\\\/www.ortidimare.it\\\/fr\\\/#\\\/schema\\\/logo\\\/image\\\/\"}}]}<\/script>\n<!-- \/ Yoast SEO plugin. -->","yoast_head_json":{"title":"Scopri la nostra area benessere","description":"Massaggi ayurvedici-yoga, bio-lifting e trattamenti personalizzati con operatrici esperte. Esperienza di relax e rigenerazione totale.","robots":{"index":"index","follow":"follow","max-snippet":"max-snippet:-1","max-image-preview":"max-image-preview:large","max-video-preview":"max-video-preview:-1"},"canonical":"https:\/\/www.ortidimare.it\/fr\/espace-bien-etre\/","og_locale":"fr_FR","og_type":"article","og_title":"Scopri la nostra area benessere","og_description":"Massaggi ayurvedici-yoga, bio-lifting e trattamenti personalizzati con operatrici esperte. Esperienza di relax e rigenerazione totale.","og_url":"https:\/\/www.ortidimare.it\/fr\/espace-bien-etre\/","og_site_name":"Orti di Mare","article_modified_time":"2026-04-15T13:16:05+00:00","og_image":[{"width":217,"height":217,"url":"https:\/\/www.ortidimare.it\/wp-content\/uploads\/2015\/03\/bott-m.png","type":"image\/png"}],"twitter_misc":{"Dur\u00e9e de lecture estim\u00e9e":"3 minutes"},"schema":{"@context":"https:\/\/schema.org","@graph":[{"@type":"WebPage","@id":"https:\/\/www.ortidimare.it\/fr\/espace-bien-etre\/","url":"https:\/\/www.ortidimare.it\/fr\/espace-bien-etre\/","name":"Scopri la nostra area benessere","isPartOf":{"@id":"https:\/\/www.ortidimare.it\/fr\/#website"},"primaryImageOfPage":{"@id":"https:\/\/www.ortidimare.it\/fr\/espace-bien-etre\/#primaryimage"},"image":{"@id":"https:\/\/www.ortidimare.it\/fr\/espace-bien-etre\/#primaryimage"},"thumbnailUrl":"https:\/\/www.ortidimare.it\/wp-content\/uploads\/2015\/03\/bott-m.png","datePublished":"2026-04-15T08:44:19+00:00","dateModified":"2026-04-15T13:16:05+00:00","description":"Massaggi ayurvedici-yoga, bio-lifting e trattamenti personalizzati con operatrici esperte. Esperienza di relax e rigenerazione totale.","breadcrumb":{"@id":"https:\/\/www.ortidimare.it\/fr\/espace-bien-etre\/#breadcrumb"},"inLanguage":"fr-FR","potentialAction":[{"@type":"ReadAction","target":["https:\/\/www.ortidimare.it\/fr\/espace-bien-etre\/"]}]},{"@type":"ImageObject","inLanguage":"fr-FR","@id":"https:\/\/www.ortidimare.it\/fr\/espace-bien-etre\/#primaryimage","url":"https:\/\/www.ortidimare.it\/wp-content\/uploads\/2015\/03\/bott-m.png","contentUrl":"https:\/\/www.ortidimare.it\/wp-content\/uploads\/2015\/03\/bott-m.png","width":217,"height":217},{"@type":"BreadcrumbList","@id":"https:\/\/www.ortidimare.it\/fr\/espace-bien-etre\/#breadcrumb","itemListElement":[{"@type":"ListItem","position":1,"name":"Home","item":"https:\/\/www.ortidimare.it\/fr\/"},{"@type":"ListItem","position":2,"name":"Espace Bien-\u00catre"}]},{"@type":"WebSite","@id":"https:\/\/www.ortidimare.it\/fr\/#website","url":"https:\/\/www.ortidimare.it\/fr\/","name":"Orti di Mare","description":"Lacona - Isola d&#039;Elba","publisher":{"@id":"https:\/\/www.ortidimare.it\/fr\/#organization"},"potentialAction":[{"@type":"SearchAction","target":{"@type":"EntryPoint","urlTemplate":"https:\/\/www.ortidimare.it\/fr\/?s={search_term_string}"},"query-input":{"@type":"PropertyValueSpecification","valueRequired":true,"valueName":"search_term_string"}}],"inLanguage":"fr-FR"},{"@type":"Organization","@id":"https:\/\/www.ortidimare.it\/fr\/#organization","name":"Orti di Mare","url":"https:\/\/www.ortidimare.it\/fr\/","logo":{"@type":"ImageObject","inLanguage":"fr-FR","@id":"https:\/\/www.ortidimare.it\/fr\/#\/schema\/logo\/image\/","url":"https:\/\/www.ortidimare.it\/wp-content\/uploads\/logo.jpg","contentUrl":"https:\/\/www.ortidimare.it\/wp-content\/uploads\/logo.jpg","width":600,"height":600,"caption":"Orti di Mare"},"image":{"@id":"https:\/\/www.ortidimare.it\/fr\/#\/schema\/logo\/image\/"}}]}},"_links":{"self":[{"href":"https:\/\/www.ortidimare.it\/fr\/wp-json\/wp\/v2\/pages\/39176","targetHints":{"allow":["GET"]}}],"collection":[{"href":"https:\/\/www.ortidimare.it\/fr\/wp-json\/wp\/v2\/pages"}],"about":[{"href":"https:\/\/www.ortidimare.it\/fr\/wp-json\/wp\/v2\/types\/page"}],"author":[{"embeddable":true,"href":"https:\/\/www.ortidimare.it\/fr\/wp-json\/wp\/v2\/users\/7"}],"replies":[{"embeddable":true,"href":"https:\/\/www.ortidimare.it\/fr\/wp-json\/wp\/v2\/comments?post=39176"}],"version-history":[{"count":5,"href":"https:\/\/www.ortidimare.it\/fr\/wp-json\/wp\/v2\/pages\/39176\/revisions"}],"predecessor-version":[{"id":39204,"href":"https:\/\/www.ortidimare.it\/fr\/wp-json\/wp\/v2\/pages\/39176\/revisions\/39204"}],"wp:featuredmedia":[{"embeddable":true,"href":"https:\/\/www.ortidimare.it\/fr\/wp-json\/wp\/v2\/media\/33032"}],"wp:attachment":[{"href":"https:\/\/www.ortidimare.it\/fr\/wp-json\/wp\/v2\/media?parent=39176"}],"curies":[{"name":"wp","href":"https:\/\/api.w.org\/{rel}","templated":true}]}}