{"id":37993,"date":"2026-02-11T16:11:17","date_gmt":"2026-02-11T15:11:17","guid":{"rendered":"https:\/\/www.ortidimare.it\/indice\/"},"modified":"2026-03-08T22:26:31","modified_gmt":"2026-03-08T21:26:31","slug":"percorso","status":"publish","type":"page","link":"https:\/\/www.ortidimare.it\/fr\/parcours-floral\/percorso\/","title":{"rendered":"Percorso"},"content":{"rendered":"<p><strong>All\u2019interno della Tenuta<\/strong>\u00a0Orti di Mare si snoda\u00a0<strong>un sentiero di un chilometro<\/strong>\u00a0percorribile a piedi: IL PERCORSO DEI GIARDINI DI MARE. Nel percorrerlo\u00a0<strong>si attraverseranno brevi tratti\/appezzamenti di gariga, macchia, oliveta e boschetti appena piantati<\/strong>. In parte il tracciato attraversa un\u2019area che era stata destinata a nuovi insediamenti edilizi e che \u00e8 stata invece da noi acquisita e destinata a coltivazioni e ripristino vegetativo.<br \/>\nPer dare la possibilit\u00e0 ai visitatori di maturare una maggiore confidenza con le specie vegetali perenni (arboree e arbustive) che si incontrano lungo il percorso\u00a0<strong>sono stati collocati cartelli che illustrano le caratteristiche principali delle 33 piante presenti.<\/strong> Si trovano lungo il percorso anche\u00a0<strong>alcuni punti informativi dedicati agli impollinatori e alle api, alla biodiversit\u00e0, alle piante invasive e agli areali,<\/strong> ovvero alle aree di origine delle specie vegetali protagoniste del percorso. In prossimit\u00e0 della nostra area Convivium (Market-Caf\u00e8-Ristoro) \u00e8 presente un <strong>punto informativo sull\u2019insieme della flora, dei minerali, del mare, della storia e altro di Lacona e dell\u2019Elba.<\/strong><br \/>\n<strong>Il percorso \u00e8 parte integrante dell\u2019offerta ai nostri ospiti ma \u00e8 aperto anche alla visita di esterni,<\/strong> con la raccomandazione che si attengano strettamente al percorso, essendo le altre parti destinate all\u2019ospitalit\u00e0 e alla coltivazione.\u00a0<strong>I visitatori esterni possono accedere al percorso dall\u2019area Market-Ristoro<\/strong>\u00a0(a nord della Tenuta, in Via dei Vigneti)\u00a0<strong>e dalla via del Golfo<\/strong>\u00a0(a sud della Tenuta), dal cancello sopra strada in prossimit\u00e0 del cartello \u201cTenuta Orti di Mare\u201d che si trova dalla parte opposta dello stradello che porta al Centro di Educazione Ambientale delle dune di Lacona.<\/p>\n","protected":false},"excerpt":{"rendered":"<p>All\u2019interno della Tenuta\u00a0Orti di Mare si snoda\u00a0un sentiero di un chilometro\u00a0percorribile a piedi: IL PERCORSO&#8230;<\/p>\n","protected":false},"author":7,"featured_media":0,"parent":38380,"menu_order":0,"comment_status":"closed","ping_status":"closed","template":"page-percorso-floristico.php","meta":{"footnotes":""},"class_list":["post-37993","page","type-page","status-publish","hentry"],"yoast_head":"<!-- This site is optimized with the Yoast SEO plugin v27.2 - https:\/\/yoast.com\/product\/yoast-seo-wordpress\/ -->\n<title>Percorso - Orti di Mare<\/title>\n<meta name=\"robots\" content=\"index, follow, max-snippet:-1, max-image-preview:large, max-video-preview:-1\" \/>\n<link rel=\"canonical\" href=\"https:\/\/www.ortidimare.it\/fr\/parcours-floral\/percorso\/\" \/>\n<meta property=\"og:locale\" content=\"fr_FR\" \/>\n<meta property=\"og:type\" content=\"article\" \/>\n<meta property=\"og:title\" content=\"Percorso - Orti di Mare\" \/>\n<meta property=\"og:description\" content=\"All\u2019interno della Tenuta\u00a0Orti di Mare si snoda\u00a0un sentiero di un chilometro\u00a0percorribile a piedi: IL PERCORSO...\" \/>\n<meta property=\"og:url\" content=\"https:\/\/www.ortidimare.it\/fr\/parcours-floral\/percorso\/\" \/>\n<meta property=\"og:site_name\" content=\"Orti di Mare\" \/>\n<meta property=\"article:modified_time\" content=\"2026-03-08T21:26:31+00:00\" \/>\n<meta property=\"og:image\" content=\"https:\/\/www.ortidimare.it\/wp-content\/uploads\/2015\/04\/14915199_1362143753858484_2660690015671577933_n1.jpg\" \/>\n\t<meta property=\"og:image:width\" content=\"720\" \/>\n\t<meta property=\"og:image:height\" content=\"540\" \/>\n\t<meta property=\"og:image:type\" content=\"image\/jpeg\" \/>\n<meta name=\"twitter:label1\" content=\"Dur\u00e9e de lecture estim\u00e9e\" \/>\n\t<meta name=\"twitter:data1\" content=\"2 minutes\" \/>\n<script type=\"application\/ld+json\" class=\"yoast-schema-graph\">{\"@context\":\"https:\/\/schema.org\",\"@graph\":[{\"@type\":\"WebPage\",\"@id\":\"https:\/\/www.ortidimare.it\/fr\/parcours-floral\/percorso\/\",\"url\":\"https:\/\/www.ortidimare.it\/fr\/parcours-floral\/percorso\/\",\"name\":\"Percorso - Orti di Mare\",\"isPartOf\":{\"@id\":\"https:\/\/www.ortidimare.it\/fr\/#website\"},\"datePublished\":\"2026-02-11T15:11:17+00:00\",\"dateModified\":\"2026-03-08T21:26:31+00:00\",\"breadcrumb\":{\"@id\":\"https:\/\/www.ortidimare.it\/fr\/parcours-floral\/percorso\/#breadcrumb\"},\"inLanguage\":\"fr-FR\",\"potentialAction\":[{\"@type\":\"ReadAction\",\"target\":[\"https:\/\/www.ortidimare.it\/fr\/parcours-floral\/percorso\/\"]}]},{\"@type\":\"BreadcrumbList\",\"@id\":\"https:\/\/www.ortidimare.it\/fr\/parcours-floral\/percorso\/#breadcrumb\",\"itemListElement\":[{\"@type\":\"ListItem\",\"position\":1,\"name\":\"Home\",\"item\":\"https:\/\/www.ortidimare.it\/fr\/\"},{\"@type\":\"ListItem\",\"position\":2,\"name\":\"Parcours Floral\",\"item\":\"https:\/\/www.ortidimare.it\/fr\/parcours-floral\/\"},{\"@type\":\"ListItem\",\"position\":3,\"name\":\"Percorso\"}]},{\"@type\":\"WebSite\",\"@id\":\"https:\/\/www.ortidimare.it\/fr\/#website\",\"url\":\"https:\/\/www.ortidimare.it\/fr\/\",\"name\":\"Orti di Mare\",\"description\":\"Lacona - Isola d&#039;Elba\",\"publisher\":{\"@id\":\"https:\/\/www.ortidimare.it\/fr\/#organization\"},\"potentialAction\":[{\"@type\":\"SearchAction\",\"target\":{\"@type\":\"EntryPoint\",\"urlTemplate\":\"https:\/\/www.ortidimare.it\/fr\/?s={search_term_string}\"},\"query-input\":{\"@type\":\"PropertyValueSpecification\",\"valueRequired\":true,\"valueName\":\"search_term_string\"}}],\"inLanguage\":\"fr-FR\"},{\"@type\":\"Organization\",\"@id\":\"https:\/\/www.ortidimare.it\/fr\/#organization\",\"name\":\"Orti di Mare\",\"url\":\"https:\/\/www.ortidimare.it\/fr\/\",\"logo\":{\"@type\":\"ImageObject\",\"inLanguage\":\"fr-FR\",\"@id\":\"https:\/\/www.ortidimare.it\/fr\/#\/schema\/logo\/image\/\",\"url\":\"https:\/\/www.ortidimare.it\/wp-content\/uploads\/logo.jpg\",\"contentUrl\":\"https:\/\/www.ortidimare.it\/wp-content\/uploads\/logo.jpg\",\"width\":600,\"height\":600,\"caption\":\"Orti di Mare\"},\"image\":{\"@id\":\"https:\/\/www.ortidimare.it\/fr\/#\/schema\/logo\/image\/\"}}]}<\/script>\n<!-- \/ Yoast SEO plugin. -->","yoast_head_json":{"title":"Percorso - Orti di Mare","robots":{"index":"index","follow":"follow","max-snippet":"max-snippet:-1","max-image-preview":"max-image-preview:large","max-video-preview":"max-video-preview:-1"},"canonical":"https:\/\/www.ortidimare.it\/fr\/parcours-floral\/percorso\/","og_locale":"fr_FR","og_type":"article","og_title":"Percorso - Orti di Mare","og_description":"All\u2019interno della Tenuta\u00a0Orti di Mare si snoda\u00a0un sentiero di un chilometro\u00a0percorribile a piedi: IL PERCORSO...","og_url":"https:\/\/www.ortidimare.it\/fr\/parcours-floral\/percorso\/","og_site_name":"Orti di Mare","article_modified_time":"2026-03-08T21:26:31+00:00","og_image":[{"width":720,"height":540,"url":"https:\/\/www.ortidimare.it\/wp-content\/uploads\/2015\/04\/14915199_1362143753858484_2660690015671577933_n1.jpg","type":"image\/jpeg"}],"twitter_misc":{"Dur\u00e9e de lecture estim\u00e9e":"2 minutes"},"schema":{"@context":"https:\/\/schema.org","@graph":[{"@type":"WebPage","@id":"https:\/\/www.ortidimare.it\/fr\/parcours-floral\/percorso\/","url":"https:\/\/www.ortidimare.it\/fr\/parcours-floral\/percorso\/","name":"Percorso - Orti di Mare","isPartOf":{"@id":"https:\/\/www.ortidimare.it\/fr\/#website"},"datePublished":"2026-02-11T15:11:17+00:00","dateModified":"2026-03-08T21:26:31+00:00","breadcrumb":{"@id":"https:\/\/www.ortidimare.it\/fr\/parcours-floral\/percorso\/#breadcrumb"},"inLanguage":"fr-FR","potentialAction":[{"@type":"ReadAction","target":["https:\/\/www.ortidimare.it\/fr\/parcours-floral\/percorso\/"]}]},{"@type":"BreadcrumbList","@id":"https:\/\/www.ortidimare.it\/fr\/parcours-floral\/percorso\/#breadcrumb","itemListElement":[{"@type":"ListItem","position":1,"name":"Home","item":"https:\/\/www.ortidimare.it\/fr\/"},{"@type":"ListItem","position":2,"name":"Parcours Floral","item":"https:\/\/www.ortidimare.it\/fr\/parcours-floral\/"},{"@type":"ListItem","position":3,"name":"Percorso"}]},{"@type":"WebSite","@id":"https:\/\/www.ortidimare.it\/fr\/#website","url":"https:\/\/www.ortidimare.it\/fr\/","name":"Orti di Mare","description":"Lacona - Isola d&#039;Elba","publisher":{"@id":"https:\/\/www.ortidimare.it\/fr\/#organization"},"potentialAction":[{"@type":"SearchAction","target":{"@type":"EntryPoint","urlTemplate":"https:\/\/www.ortidimare.it\/fr\/?s={search_term_string}"},"query-input":{"@type":"PropertyValueSpecification","valueRequired":true,"valueName":"search_term_string"}}],"inLanguage":"fr-FR"},{"@type":"Organization","@id":"https:\/\/www.ortidimare.it\/fr\/#organization","name":"Orti di Mare","url":"https:\/\/www.ortidimare.it\/fr\/","logo":{"@type":"ImageObject","inLanguage":"fr-FR","@id":"https:\/\/www.ortidimare.it\/fr\/#\/schema\/logo\/image\/","url":"https:\/\/www.ortidimare.it\/wp-content\/uploads\/logo.jpg","contentUrl":"https:\/\/www.ortidimare.it\/wp-content\/uploads\/logo.jpg","width":600,"height":600,"caption":"Orti di Mare"},"image":{"@id":"https:\/\/www.ortidimare.it\/fr\/#\/schema\/logo\/image\/"}}]}},"_links":{"self":[{"href":"https:\/\/www.ortidimare.it\/fr\/wp-json\/wp\/v2\/pages\/37993","targetHints":{"allow":["GET"]}}],"collection":[{"href":"https:\/\/www.ortidimare.it\/fr\/wp-json\/wp\/v2\/pages"}],"about":[{"href":"https:\/\/www.ortidimare.it\/fr\/wp-json\/wp\/v2\/types\/page"}],"author":[{"embeddable":true,"href":"https:\/\/www.ortidimare.it\/fr\/wp-json\/wp\/v2\/users\/7"}],"replies":[{"embeddable":true,"href":"https:\/\/www.ortidimare.it\/fr\/wp-json\/wp\/v2\/comments?post=37993"}],"version-history":[{"count":5,"href":"https:\/\/www.ortidimare.it\/fr\/wp-json\/wp\/v2\/pages\/37993\/revisions"}],"predecessor-version":[{"id":38904,"href":"https:\/\/www.ortidimare.it\/fr\/wp-json\/wp\/v2\/pages\/37993\/revisions\/38904"}],"up":[{"embeddable":true,"href":"https:\/\/www.ortidimare.it\/fr\/wp-json\/wp\/v2\/pages\/38380"}],"wp:attachment":[{"href":"https:\/\/www.ortidimare.it\/fr\/wp-json\/wp\/v2\/media?parent=37993"}],"curies":[{"name":"wp","href":"https:\/\/api.w.org\/{rel}","templated":true}]}}