{"id":32815,"date":"2021-01-07T11:39:23","date_gmt":"2021-01-07T10:39:23","guid":{"rendered":"https:\/\/www.ortidimare.it\/?page_id=32815"},"modified":"2026-03-12T14:55:58","modified_gmt":"2026-03-12T13:55:58","slug":"transports","status":"publish","type":"page","link":"https:\/\/www.ortidimare.it\/fr\/transports\/","title":{"rendered":"Transports"},"content":{"rendered":"<div class=\"wpb-content-wrapper\"><p>[vc_row css_animation=\u00a0\u00bb\u00a0\u00bb row_type=\u00a0\u00bbrow\u00a0\u00bb use_row_as_full_screen_section=\u00a0\u00bbno\u00a0\u00bb type=\u00a0\u00bbfull_width\u00a0\u00bb angled_section=\u00a0\u00bbno\u00a0\u00bb text_align=\u00a0\u00bbleft\u00a0\u00bb background_image_as_pattern=\u00a0\u00bbwithout_pattern\u00a0\u00bb][vc_column offset=\u00a0\u00bbvc_hidden-sm vc_hidden-xs\u00a0\u00bb][vc_single_image image=\u00a0\u00bb17012&Prime; img_size=\u00a0\u00bb1100&#215;407&Prime; alignment=\u00a0\u00bbright\u00a0\u00bb qode_css_animation=\u00a0\u00bb\u00a0\u00bb][\/vc_column][\/vc_row][vc_row css_animation=\u00a0\u00bb\u00a0\u00bb row_type=\u00a0\u00bbrow\u00a0\u00bb use_row_as_full_screen_section=\u00a0\u00bbno\u00a0\u00bb type=\u00a0\u00bbfull_width\u00a0\u00bb angled_section=\u00a0\u00bbno\u00a0\u00bb text_align=\u00a0\u00bbleft\u00a0\u00bb background_image_as_pattern=\u00a0\u00bbwithout_pattern\u00a0\u00bb][vc_column][vc_separator type=\u00a0\u00bbtransparent\u00a0\u00bb up=\u00a0\u00bb15&Prime; down=\u00a0\u00bb15&Prime;][\/vc_column][\/vc_row][vc_row css_animation=\u00a0\u00bb\u00a0\u00bb row_type=\u00a0\u00bbrow\u00a0\u00bb use_row_as_full_screen_section=\u00a0\u00bbno\u00a0\u00bb type=\u00a0\u00bbfull_width\u00a0\u00bb angled_section=\u00a0\u00bbno\u00a0\u00bb text_align=\u00a0\u00bbleft\u00a0\u00bb background_image_as_pattern=\u00a0\u00bbwithout_pattern\u00a0\u00bb][vc_column][vc_accordion active_tab=\u00a0\u00bbfalse\u00a0\u00bb collapsible=\u00a0\u00bbyes\u00a0\u00bb style=\u00a0\u00bbaccordion\u00a0\u00bb][vc_accordion_tab title=\u00a0\u00bbBATEAUX\u00a0\u00bb title_tag=\u00a0\u00bbh3&Prime;][vc_column_text]<span style=\"color: #699519;\"><strong>Vous avez <strong><span style=\"color: #699519;\">deux possibilit\u00e9s<\/span><\/strong> pour r\u00e9server votre ferry<\/strong>:<\/span><\/p>\n<p><span style=\"color: #699519;\"><strong>1)<\/strong><\/span> Une fois que vous avez re\u00e7u notre confirmation de r\u00e9servation, vous pouvez nous demander un code de r\u00e9duction, en nous pr\u00e9cisant si vous avez l&rsquo;intention de voyager avec <span style=\"color: #699519;\"><a style=\"color: #699519;\" title=\"Bateaux Moby e Toremar\" href=\"https:\/\/www.mobylines.fr\/\"><strong>Moby &amp; Toremar<\/strong><\/a><\/span> ou avec <span style=\"color: #699519;\"><a style=\"color: #699519;\" title=\"Traghetti Blunavy\" href=\"https:\/\/blunavytraghetti.com\/fr\/\"><strong>Blu Navy<\/strong><\/a><\/span>. Vous devrez ensuite saisir ce code de r\u00e9duction, lors de l&rsquo;achat du billet, sur le site web de la compagnie choisie, auquel vous pouvez vous connecter en cliquant sur l&rsquo;un des liens suivants :<\/p>\n<p><a title=\"Traghetti Moby &amp; Toremar\" href=\"https:\/\/www.moby.it\/\" target=\"_blank\" rel=\"noopener noreferrer\"><img loading=\"lazy\" decoding=\"async\" class=\" wp-image-21928 size-full aligncenter\" src=\"http:\/\/www.ortidimare.it\/wp-content\/uploads\/2015\/01\/it_elbaponte_visual_NEW-e1581343784889.jpg\" alt=\"Prenota il tuo traghetto con Moby e Toremar\" width=\"450\" height=\"155\" \/><\/a><\/p>\n<p>&nbsp;<\/p>\n<p><a title=\"Traghetti BluNavy\" href=\"https:\/\/blunavytraghetti.com\/\" target=\"_blank\" rel=\"noopener noreferrer\"><img loading=\"lazy\" decoding=\"async\" class=\" wp-image-21929 size-full aligncenter\" src=\"http:\/\/www.ortidimare.it\/wp-content\/uploads\/2015\/01\/Logo-e1581343816593.png\" alt=\"Prenota il tuo traghetto con Blunavy\" width=\"450\" height=\"103\" \/><\/a><\/p>\n<p><span style=\"color: #699519;\"><strong><br \/>\n2)<\/strong><\/span> A tout moment, vous pouvez comparer les tarifs propos\u00e9s par <span style=\"color: #699519;\"><strong>toutes les compagnies<\/strong><\/span> et acheter directement votre billet en remplissant le formulaire ci-dessous :<\/p>\n<p><iframe loading=\"lazy\" id=\"traghettiper\" style=\"padding-top: 30px; padding-bottom: 30px;\" src=\"https:\/\/responsive.traghettiper.it\/?marea=E&amp;portal=37&amp;affiliate=TP1023&amp;locale=fr\" width=\"100%\" height=\"1000\" frameborder=\"0\" align=\"center\" data-mce-fragment=\"1\"><\/iframe><\/p>\n<p><script src=\"https:\/\/responsive.traghettiper.it\/js\/resizer.js\"><\/script>[\/vc_column_text][\/vc_accordion_tab][vc_accordion_tab title=\u00a0\u00bbDA PORTOFERRAIO\u00a0\u00bb title_tag=\u00a0\u00bbh3&Prime;][vc_column_text]<span style=\"font-weight: 400;\">De <span style=\"color: #699519;\"><strong>Portoferraio<\/strong><\/span><\/span><span style=\"font-weight: 400;\">, suivre les indications pour <strong><span style=\"color: #699519;\">Capoliveri<\/span><\/strong><\/span><span style=\"font-weight: 400;\">. Lorsque vous arrivez sur la route droite, emprunter cette route jusqu&rsquo;au feu. Puis tourner \u00e0 droite en direction de <strong><span style=\"color: #699519;\">Colle Reciso\/Lacona<\/span><\/strong><\/span><span style=\"font-weight: 400;\">. Au rond-point suivant, garder la droite. Une fois que vous avez d\u00e9pass\u00e9 la colline et que vous \u00eates arriv\u00e9 au bas de la pente, tourner \u00e0 droite dans la <\/span><b><strong><span style=\"color: #699519;\">Via dei Vigneti<\/span><\/strong><\/b><span style=\"font-weight: 400;\">. Continuer tout droit sur 500 m\u00e8tres, en suivant les indications vers Orti di Mare, situ\u00e9 au num\u00e9ro 522.<\/span>[\/vc_column_text][\/vc_accordion_tab][vc_accordion_tab title=\u00a0\u00bbCAR SHARING\u00a0\u00bb title_tag=\u00a0\u00bbh3&Prime;][vc_row_inner row_type=\u00a0\u00bbrow\u00a0\u00bb type=\u00a0\u00bbfull_width\u00a0\u00bb text_align=\u00a0\u00bbleft\u00a0\u00bb css_animation=\u00a0\u00bb\u00a0\u00bb][vc_column_inner width=\u00a0\u00bb1\/2&Prime;][vc_raw_html]JTNDaWZyYW1lJTIwc3R5bGUlM0QlMjJib3JkZXIlM0ElMjAwcHglM0IlMjBwYWRkaW5nJTNBJTIwMHB4JTNCJTIwZGlzcGxheSUzQSUyMGJsb2NrJTNCJTIwbWFyZ2luJTNBJTIwMjBweCUyMGF1dG8lM0IlMjB3aWR0aCUzQSUyMDMwMHB4JTNCJTIwaGVpZ2h0JTNBJTIwMjcwcHglM0IlMjIlMjBzcmMlM0QlMjIlMkYlMkZ3d3cuYmxhYmxhY2FyLmZyJTJGd2lkZ2V0JTJGRlJfV0lEX09SVElfRElfTUFSRSUyMiUyMHdpZHRoJTNEJTIyMzAwJTIyJTIwaGVpZ2h0JTNEJTIyMTUwJTIyJTNFJTNDJTJGaWZyYW1lJTNF[\/vc_raw_html][\/vc_column_inner][vc_column_inner width=\u00a0\u00bb1\/2&Prime;][vc_raw_html]JTNDaWZyYW1lJTIwc3R5bGUlM0QlMjJib3JkZXIlM0ElMjAwcHglM0IlMjBwYWRkaW5nJTNBJTIwMHB4JTNCJTIwZGlzcGxheSUzQSUyMGJsb2NrJTNCJTIwbWFyZ2luJTNBJTIwMjBweCUyMGF1dG8lM0IlMjB3aWR0aCUzQSUyMDMwMHB4JTNCJTIwaGVpZ2h0JTNBJTIwMjcwcHglM0IlMjIlMjBzcmMlM0QlMjIlMkYlMkZ3d3cuYmxhYmxhY2FyLmZyJTJGd2lkZ2V0LWRyaXZlciUyRkZSX1dJRF9PUlRJX0RJX01BUkUlMjIlMjB3aWR0aCUzRCUyMjMwMCUyMiUyMGhlaWdodCUzRCUyMjE1MCUyMiUzRSUzQyUyRmlmcmFtZSUzRQ==[\/vc_raw_html][\/vc_column_inner][\/vc_row_inner][\/vc_accordion_tab][vc_accordion_tab title=\u00a0\u00bbTRANSPORTS PUBLICS\u00a0\u00bb title_tag=\u00a0\u00bbh3&Prime;][vc_column_text css=\u00a0\u00bb\u00a0\u00bb]<\/p>\n<h2><span data-type=\"normal\"  class=\"qode_icon_shortcode  q_font_awsome_icon fa-2x  \" style=\" \"><i class=\"qode_icon_font_awesome fa fa-taxi qode_icon_element\" style=\"\" ><\/i><\/span> TAXI<\/h2>\n<p>&nbsp;<\/p>\n<h3><\/h3>\n<h3>Portoferraio<\/h3>\n<ul class=\"inserzioni\">\n<li>Calata Italia &#8211; Molo Massimo &#8211; tel. 0565 915112<\/li>\n<\/ul>\n<p>&nbsp;<\/p>\n<h3><\/h3>\n<h3>Porto Azzurro<\/h3>\n<ul class=\"inserzioni\">\n<li>P.zza Palestro &#8211; Banchina IV Novembre &#8211;\u00a0cell. 338 8609896 &#8211; 338 9250734<\/li>\n<\/ul>\n<p>&nbsp;<\/p>\n<h3><\/h3>\n<h3>Capoliveri<\/h3>\n<ul class=\"inserzioni\">\n<li>Poggioli: Via C. Menotti &#8211; cell. 338 2689417<\/li>\n<\/ul>\n<p>&nbsp;<\/p>\n<h3><\/h3>\n<h3>Piombino<\/h3>\n<ul class=\"inserzioni\">\n<li>P.zza Gramsci &#8211; tel. 0565 226080<\/li>\n<li>P.zza Niccolini &#8211; tel. 0565 226060<\/li>\n<\/ul>\n<p>&nbsp;<\/p>\n<h3><\/h3>\n<h2><span data-type=\"normal\"  class=\"qode_icon_shortcode  q_font_awsome_icon fa-2x  \" style=\" \"><i class=\"qode_icon_font_awesome fa fa-bus qode_icon_element\" style=\"\" ><\/i><\/span> BUS<\/h2>\n<h3>Ligne 118<\/h3>\n<ul>\n<li><a href=\"https:\/\/rd-sftp-data.s3.eu-west-1.amazonaws.com\/autolineeToscane\/IVU\/OUTPUT\/TIMETABLES_WINTER\/EXLI\/118.pdf\" target=\"_blank\" rel=\"noopener\">Portoferraio &#8211; Bagnaia &#8211; Lacona<\/a><\/li>\n<\/ul>\n<p>[\/vc_column_text][\/vc_accordion_tab][vc_accordion_tab title=\u00a0\u00bbLOCATION DE VOITURES, DE MOTOS, DE V\u00c9LOS \u00c9LECTRIQUES ET DE V\u00c9LOS\u00a0\u00bb title_tag=\u00a0\u00bbh3&Prime;][vc_column_text]<\/p>\n<h2><strong>TWN\u00a0<\/strong><\/h2>\n<p><strong><a title=\"TWN auto - moto noleggio\" href=\"http:\/\/www.twn-rent.it\/\" target=\"_blank\" rel=\"noopener noreferrer\">www.twn-rent.it<\/a><\/strong><\/p>\n<ul>\n<li>Portoferraio &#8211; Tel. +39.0565.914666<\/li>\n<li>Lacona &#8211; Tel. +39.0565.964345<\/li>\n<\/ul>\n<p>[\/vc_column_text][\/vc_accordion_tab][\/vc_accordion][\/vc_column][\/vc_row][vc_row css_animation=\u00a0\u00bb\u00a0\u00bb row_type=\u00a0\u00bbrow\u00a0\u00bb use_row_as_full_screen_section=\u00a0\u00bbno\u00a0\u00bb type=\u00a0\u00bbfull_width\u00a0\u00bb angled_section=\u00a0\u00bbno\u00a0\u00bb text_align=\u00a0\u00bbleft\u00a0\u00bb background_image_as_pattern=\u00a0\u00bbwithout_pattern\u00a0\u00bb][vc_column][vc_separator type=\u00a0\u00bbtransparent\u00a0\u00bb thickness=\u00a0\u00bb10&Prime; up=\u00a0\u00bb15&Prime; down=\u00a0\u00bb15&Prime;][\/vc_column][\/vc_row]<\/p>\n<\/div>","protected":false},"excerpt":{"rendered":"<p>[vc_row css_animation=\u00a0\u00bb\u00a0\u00bb row_type=\u00a0\u00bbrow\u00a0\u00bb use_row_as_full_screen_section=\u00a0\u00bbno\u00a0\u00bb type=\u00a0\u00bbfull_width\u00a0\u00bb angled_section=\u00a0\u00bbno\u00a0\u00bb text_align=\u00a0\u00bbleft\u00a0\u00bb background_image_as_pattern=\u00a0\u00bbwithout_pattern\u00a0\u00bb][vc_column offset=\u00a0\u00bbvc_hidden-sm vc_hidden-xs\u00a0\u00bb][vc_single_image image=\u00a0\u00bb17012&Prime; img_size=\u00a0\u00bb1100&#215;407&Prime; alignment=\u00a0\u00bbright\u00a0\u00bb qode_css_animation=\u00a0\u00bb\u00a0\u00bb][\/vc_column][\/vc_row][vc_row css_animation=\u00a0\u00bb\u00a0\u00bb&#8230;<\/p>\n","protected":false},"author":7,"featured_media":0,"parent":0,"menu_order":0,"comment_status":"open","ping_status":"closed","template":"","meta":{"footnotes":""},"class_list":["post-32815","page","type-page","status-publish","hentry"],"yoast_head":"<!-- This site is optimized with the Yoast SEO plugin v27.4 - https:\/\/yoast.com\/product\/yoast-seo-wordpress\/ -->\n<title>Transports - Orti di Mare<\/title>\n<meta name=\"robots\" content=\"index, follow, max-snippet:-1, max-image-preview:large, max-video-preview:-1\" \/>\n<link rel=\"canonical\" href=\"https:\/\/www.ortidimare.it\/fr\/transports\/\" \/>\n<meta property=\"og:locale\" content=\"fr_FR\" \/>\n<meta property=\"og:type\" content=\"article\" \/>\n<meta property=\"og:title\" content=\"Transports - Orti di Mare\" \/>\n<meta property=\"og:description\" content=\"[vc_row css_animation=\u00a0\u00bb\u00a0\u00bb row_type=\u00a0\u00bbrow\u00a0\u00bb use_row_as_full_screen_section=\u00a0\u00bbno\u00a0\u00bb type=\u00a0\u00bbfull_width\u00a0\u00bb angled_section=\u00a0\u00bbno\u00a0\u00bb text_align=\u00a0\u00bbleft\u00a0\u00bb background_image_as_pattern=\u00a0\u00bbwithout_pattern\u00a0\u00bb][vc_column offset=\u00a0\u00bbvc_hidden-sm vc_hidden-xs\u00a0\u00bb][vc_single_image image=\u00a0\u00bb17012&Prime; img_size=\u00a0\u00bb1100&#215;407&Prime; alignment=\u00a0\u00bbright\u00a0\u00bb qode_css_animation=\u00a0\u00bb\u00a0\u00bb][\/vc_column][\/vc_row][vc_row css_animation=\u00a0\u00bb\u00a0\u00bb...\" \/>\n<meta property=\"og:url\" content=\"https:\/\/www.ortidimare.it\/fr\/transports\/\" \/>\n<meta property=\"og:site_name\" content=\"Orti di Mare\" \/>\n<meta property=\"article:modified_time\" content=\"2026-03-12T13:55:58+00:00\" \/>\n<meta property=\"og:image\" content=\"http:\/\/www.ortidimare.it\/wp-content\/uploads\/2015\/01\/it_elbaponte_visual_NEW-e1581343784889.jpg\" \/>\n<meta name=\"twitter:label1\" content=\"Dur\u00e9e de lecture estim\u00e9e\" \/>\n\t<meta name=\"twitter:data1\" content=\"3 minutes\" \/>\n<script type=\"application\/ld+json\" class=\"yoast-schema-graph\">{\"@context\":\"https:\\\/\\\/schema.org\",\"@graph\":[{\"@type\":\"WebPage\",\"@id\":\"https:\\\/\\\/www.ortidimare.it\\\/fr\\\/transports\\\/\",\"url\":\"https:\\\/\\\/www.ortidimare.it\\\/fr\\\/transports\\\/\",\"name\":\"Transports - Orti di Mare\",\"isPartOf\":{\"@id\":\"https:\\\/\\\/www.ortidimare.it\\\/fr\\\/#website\"},\"primaryImageOfPage\":{\"@id\":\"https:\\\/\\\/www.ortidimare.it\\\/fr\\\/transports\\\/#primaryimage\"},\"image\":{\"@id\":\"https:\\\/\\\/www.ortidimare.it\\\/fr\\\/transports\\\/#primaryimage\"},\"thumbnailUrl\":\"http:\\\/\\\/www.ortidimare.it\\\/wp-content\\\/uploads\\\/2015\\\/01\\\/it_elbaponte_visual_NEW-e1581343784889.jpg\",\"datePublished\":\"2021-01-07T10:39:23+00:00\",\"dateModified\":\"2026-03-12T13:55:58+00:00\",\"breadcrumb\":{\"@id\":\"https:\\\/\\\/www.ortidimare.it\\\/fr\\\/transports\\\/#breadcrumb\"},\"inLanguage\":\"fr-FR\",\"potentialAction\":[{\"@type\":\"ReadAction\",\"target\":[\"https:\\\/\\\/www.ortidimare.it\\\/fr\\\/transports\\\/\"]}]},{\"@type\":\"ImageObject\",\"inLanguage\":\"fr-FR\",\"@id\":\"https:\\\/\\\/www.ortidimare.it\\\/fr\\\/transports\\\/#primaryimage\",\"url\":\"http:\\\/\\\/www.ortidimare.it\\\/wp-content\\\/uploads\\\/2015\\\/01\\\/it_elbaponte_visual_NEW-e1581343784889.jpg\",\"contentUrl\":\"http:\\\/\\\/www.ortidimare.it\\\/wp-content\\\/uploads\\\/2015\\\/01\\\/it_elbaponte_visual_NEW-e1581343784889.jpg\"},{\"@type\":\"BreadcrumbList\",\"@id\":\"https:\\\/\\\/www.ortidimare.it\\\/fr\\\/transports\\\/#breadcrumb\",\"itemListElement\":[{\"@type\":\"ListItem\",\"position\":1,\"name\":\"Home\",\"item\":\"https:\\\/\\\/www.ortidimare.it\\\/fr\\\/\"},{\"@type\":\"ListItem\",\"position\":2,\"name\":\"Transports\"}]},{\"@type\":\"WebSite\",\"@id\":\"https:\\\/\\\/www.ortidimare.it\\\/fr\\\/#website\",\"url\":\"https:\\\/\\\/www.ortidimare.it\\\/fr\\\/\",\"name\":\"Orti di Mare\",\"description\":\"Lacona - Isola d&#039;Elba\",\"publisher\":{\"@id\":\"https:\\\/\\\/www.ortidimare.it\\\/fr\\\/#organization\"},\"potentialAction\":[{\"@type\":\"SearchAction\",\"target\":{\"@type\":\"EntryPoint\",\"urlTemplate\":\"https:\\\/\\\/www.ortidimare.it\\\/fr\\\/?s={search_term_string}\"},\"query-input\":{\"@type\":\"PropertyValueSpecification\",\"valueRequired\":true,\"valueName\":\"search_term_string\"}}],\"inLanguage\":\"fr-FR\"},{\"@type\":\"Organization\",\"@id\":\"https:\\\/\\\/www.ortidimare.it\\\/fr\\\/#organization\",\"name\":\"Orti di Mare\",\"url\":\"https:\\\/\\\/www.ortidimare.it\\\/fr\\\/\",\"logo\":{\"@type\":\"ImageObject\",\"inLanguage\":\"fr-FR\",\"@id\":\"https:\\\/\\\/www.ortidimare.it\\\/fr\\\/#\\\/schema\\\/logo\\\/image\\\/\",\"url\":\"https:\\\/\\\/www.ortidimare.it\\\/wp-content\\\/uploads\\\/logo.jpg\",\"contentUrl\":\"https:\\\/\\\/www.ortidimare.it\\\/wp-content\\\/uploads\\\/logo.jpg\",\"width\":600,\"height\":600,\"caption\":\"Orti di Mare\"},\"image\":{\"@id\":\"https:\\\/\\\/www.ortidimare.it\\\/fr\\\/#\\\/schema\\\/logo\\\/image\\\/\"}}]}<\/script>\n<!-- \/ Yoast SEO plugin. -->","yoast_head_json":{"title":"Transports - Orti di Mare","robots":{"index":"index","follow":"follow","max-snippet":"max-snippet:-1","max-image-preview":"max-image-preview:large","max-video-preview":"max-video-preview:-1"},"canonical":"https:\/\/www.ortidimare.it\/fr\/transports\/","og_locale":"fr_FR","og_type":"article","og_title":"Transports - Orti di Mare","og_description":"[vc_row css_animation=\u00a0\u00bb\u00a0\u00bb row_type=\u00a0\u00bbrow\u00a0\u00bb use_row_as_full_screen_section=\u00a0\u00bbno\u00a0\u00bb type=\u00a0\u00bbfull_width\u00a0\u00bb angled_section=\u00a0\u00bbno\u00a0\u00bb text_align=\u00a0\u00bbleft\u00a0\u00bb background_image_as_pattern=\u00a0\u00bbwithout_pattern\u00a0\u00bb][vc_column offset=\u00a0\u00bbvc_hidden-sm vc_hidden-xs\u00a0\u00bb][vc_single_image image=\u00a0\u00bb17012&Prime; img_size=\u00a0\u00bb1100&#215;407&Prime; alignment=\u00a0\u00bbright\u00a0\u00bb qode_css_animation=\u00a0\u00bb\u00a0\u00bb][\/vc_column][\/vc_row][vc_row css_animation=\u00a0\u00bb\u00a0\u00bb...","og_url":"https:\/\/www.ortidimare.it\/fr\/transports\/","og_site_name":"Orti di Mare","article_modified_time":"2026-03-12T13:55:58+00:00","og_image":[{"url":"http:\/\/www.ortidimare.it\/wp-content\/uploads\/2015\/01\/it_elbaponte_visual_NEW-e1581343784889.jpg","type":"","width":"","height":""}],"twitter_misc":{"Dur\u00e9e de lecture estim\u00e9e":"3 minutes"},"schema":{"@context":"https:\/\/schema.org","@graph":[{"@type":"WebPage","@id":"https:\/\/www.ortidimare.it\/fr\/transports\/","url":"https:\/\/www.ortidimare.it\/fr\/transports\/","name":"Transports - Orti di Mare","isPartOf":{"@id":"https:\/\/www.ortidimare.it\/fr\/#website"},"primaryImageOfPage":{"@id":"https:\/\/www.ortidimare.it\/fr\/transports\/#primaryimage"},"image":{"@id":"https:\/\/www.ortidimare.it\/fr\/transports\/#primaryimage"},"thumbnailUrl":"http:\/\/www.ortidimare.it\/wp-content\/uploads\/2015\/01\/it_elbaponte_visual_NEW-e1581343784889.jpg","datePublished":"2021-01-07T10:39:23+00:00","dateModified":"2026-03-12T13:55:58+00:00","breadcrumb":{"@id":"https:\/\/www.ortidimare.it\/fr\/transports\/#breadcrumb"},"inLanguage":"fr-FR","potentialAction":[{"@type":"ReadAction","target":["https:\/\/www.ortidimare.it\/fr\/transports\/"]}]},{"@type":"ImageObject","inLanguage":"fr-FR","@id":"https:\/\/www.ortidimare.it\/fr\/transports\/#primaryimage","url":"http:\/\/www.ortidimare.it\/wp-content\/uploads\/2015\/01\/it_elbaponte_visual_NEW-e1581343784889.jpg","contentUrl":"http:\/\/www.ortidimare.it\/wp-content\/uploads\/2015\/01\/it_elbaponte_visual_NEW-e1581343784889.jpg"},{"@type":"BreadcrumbList","@id":"https:\/\/www.ortidimare.it\/fr\/transports\/#breadcrumb","itemListElement":[{"@type":"ListItem","position":1,"name":"Home","item":"https:\/\/www.ortidimare.it\/fr\/"},{"@type":"ListItem","position":2,"name":"Transports"}]},{"@type":"WebSite","@id":"https:\/\/www.ortidimare.it\/fr\/#website","url":"https:\/\/www.ortidimare.it\/fr\/","name":"Orti di Mare","description":"Lacona - Isola d&#039;Elba","publisher":{"@id":"https:\/\/www.ortidimare.it\/fr\/#organization"},"potentialAction":[{"@type":"SearchAction","target":{"@type":"EntryPoint","urlTemplate":"https:\/\/www.ortidimare.it\/fr\/?s={search_term_string}"},"query-input":{"@type":"PropertyValueSpecification","valueRequired":true,"valueName":"search_term_string"}}],"inLanguage":"fr-FR"},{"@type":"Organization","@id":"https:\/\/www.ortidimare.it\/fr\/#organization","name":"Orti di Mare","url":"https:\/\/www.ortidimare.it\/fr\/","logo":{"@type":"ImageObject","inLanguage":"fr-FR","@id":"https:\/\/www.ortidimare.it\/fr\/#\/schema\/logo\/image\/","url":"https:\/\/www.ortidimare.it\/wp-content\/uploads\/logo.jpg","contentUrl":"https:\/\/www.ortidimare.it\/wp-content\/uploads\/logo.jpg","width":600,"height":600,"caption":"Orti di Mare"},"image":{"@id":"https:\/\/www.ortidimare.it\/fr\/#\/schema\/logo\/image\/"}}]}},"_links":{"self":[{"href":"https:\/\/www.ortidimare.it\/fr\/wp-json\/wp\/v2\/pages\/32815","targetHints":{"allow":["GET"]}}],"collection":[{"href":"https:\/\/www.ortidimare.it\/fr\/wp-json\/wp\/v2\/pages"}],"about":[{"href":"https:\/\/www.ortidimare.it\/fr\/wp-json\/wp\/v2\/types\/page"}],"author":[{"embeddable":true,"href":"https:\/\/www.ortidimare.it\/fr\/wp-json\/wp\/v2\/users\/7"}],"replies":[{"embeddable":true,"href":"https:\/\/www.ortidimare.it\/fr\/wp-json\/wp\/v2\/comments?post=32815"}],"version-history":[{"count":5,"href":"https:\/\/www.ortidimare.it\/fr\/wp-json\/wp\/v2\/pages\/32815\/revisions"}],"predecessor-version":[{"id":38956,"href":"https:\/\/www.ortidimare.it\/fr\/wp-json\/wp\/v2\/pages\/32815\/revisions\/38956"}],"wp:attachment":[{"href":"https:\/\/www.ortidimare.it\/fr\/wp-json\/wp\/v2\/media?parent=32815"}],"curies":[{"name":"wp","href":"https:\/\/api.w.org\/{rel}","templated":true}]}}