{"id":32578,"date":"2021-01-03T11:17:59","date_gmt":"2021-01-03T10:17:59","guid":{"rendered":"https:\/\/www.ortidimare.it\/contacts\/"},"modified":"2025-03-27T08:57:26","modified_gmt":"2025-03-27T07:57:26","slug":"contacts","status":"publish","type":"page","link":"https:\/\/www.ortidimare.it\/fr\/contacts\/","title":{"rendered":"Contacts"},"content":{"rendered":"<div class=\"wpb-content-wrapper\"><p>[vc_row css_animation=\u00a0\u00bb\u00a0\u00bb row_type=\u00a0\u00bbrow\u00a0\u00bb use_row_as_full_screen_section=\u00a0\u00bbno\u00a0\u00bb type=\u00a0\u00bbgrid\u00a0\u00bb angled_section=\u00a0\u00bbno\u00a0\u00bb text_align=\u00a0\u00bbleft\u00a0\u00bb background_image_as_pattern=\u00a0\u00bbwithout_pattern\u00a0\u00bb z_index=\u00a0\u00bb\u00a0\u00bb][vc_column][vc_gmaps link=\u00a0\u00bb#E-8_JTNDaWZyYW1lJTIwc3JjJTNEJTIyaHR0cHMlM0ElMkYlMkZ3d3cuZ29vZ2xlLmNvbSUyRm1hcHMlMkZlbWJlZCUzRnBiJTNEJTIxMW0xOCUyMTFtMTIlMjExbTMlMjExZDU4NTguNzA2ODcwODA0NTgzJTIxMmQxMC4zMDY1ODUlMjEzZDQyLjc1OTczJTIxMm0zJTIxMWYwJTIxMmYwJTIxM2YwJTIxM20yJTIxMWkxMDI0JTIxMmk3NjglMjE0ZjEzLjElMjEzbTMlMjExbTIlMjExczB4MTJkNjM0NGJhOGNhNzFkZiUyNTNBMHg0ZGNkYTVlMTQ5ZmI2ZGEyJTIxMnNDYW1waW5nJTJCT3J0aSUyQmRpJTJCTWFyZSUyMTVlMCUyMTNtMiUyMTFzaXQlMjEyc2l0JTIxNHYxNTIxMTE5MzMyNTU4JTIyJTIwd2lkdGglM0QlMjI2MDAlMjIlMjBoZWlnaHQlM0QlMjI0NTAlMjIlMjBmcmFtZWJvcmRlciUzRCUyMjAlMjIlMjBzdHlsZSUzRCUyMmJvcmRlciUzQTAlMjIlMjBhbGxvd2Z1bGxzY3JlZW4lM0UlM0MlMkZpZnJhbWUlM0U=\u00a0\u00bb][vc_separator type=\u00a0\u00bbtransparent\u00a0\u00bb thickness=\u00a0\u00bb10&Prime; up=\u00a0\u00bb15&Prime; down=\u00a0\u00bb15&Prime;][\/vc_column][\/vc_row][vc_row css_animation=\u00a0\u00bb\u00a0\u00bb row_type=\u00a0\u00bbrow\u00a0\u00bb use_row_as_full_screen_section=\u00a0\u00bbno\u00a0\u00bb type=\u00a0\u00bbgrid\u00a0\u00bb angled_section=\u00a0\u00bbno\u00a0\u00bb text_align=\u00a0\u00bbleft\u00a0\u00bb background_image_as_pattern=\u00a0\u00bbwithout_pattern\u00a0\u00bb][vc_column width=\u00a0\u00bb2\/3&Prime;][vc_column_text]<strong>Agriturismo Orti di Mare di Vittorio Rigoli<br \/>\n<\/strong>via dei Vigneti, 522 &#8211; Loc. Lacona<br \/>\n57031 Capoliveri (LI)<br \/>\nLat. 42.763396 &#8211; Long. 10.3077536[\/vc_column_text][vc_separator type=\u00a0\u00bbtransparent\u00a0\u00bb up=\u00a0\u00bb6&Prime; down=\u00a0\u00bb6&Prime;][vc_single_image image=\u00a0\u00bb16783&Prime; img_size=\u00a0\u00bblarge\u00a0\u00bb onclick=\u00a0\u00bbcustom_link\u00a0\u00bb img_link_target=\u00a0\u00bb_blank\u00a0\u00bb qode_css_animation=\u00a0\u00bb\u00a0\u00bb link=\u00a0\u00bbhttps:\/\/goo.gl\/maps\/54MpHGuqdwQ2&Prime;][vc_separator type=\u00a0\u00bbtransparent\u00a0\u00bb up=\u00a0\u00bb6&Prime; down=\u00a0\u00bb6&Prime;][vc_column_text]<a href=\"https:\/\/www.google.com\/maps\/@42.75973,10.306585,3a,75y,185.49h,79.57t\/data=!3m5!1e1!3m3!1sg6xw6FnF_QEAAAQfCV7UWA!2e0!3e11\" target=\"_blank\" rel=\"noopener noreferrer\"><strong>\u00c0 deux pas de la plage!<\/strong><\/a>[\/vc_column_text][vc_separator type=\u00a0\u00bbtransparent\u00a0\u00bb up=\u00a0\u00bb6&Prime; down=\u00a0\u00bb6&Prime;][\/vc_column][vc_column width=\u00a0\u00bb1\/3&Prime;][vc_column_text css=\u00a0\u00bb\u00a0\u00bb]<b>ATTENTION<\/b> ! Pour toute demande d&rsquo;informations sur nos disponibilit\u00e9s et pour effectuer une r\u00e9servation, merci de bien vouloir remplir l&rsquo;un des formulaires appropri\u00e9s, que vous trouverez ici :<\/p>\n<p><strong><a href=\"https:\/\/www.ortidimare.it\/fr\/camping-tarifs-et-reservations\/\">CAMPING<\/a><\/strong><\/p>\n<p><strong><a href=\"https:\/\/www.ortidimare.it\/fr\/appartements-tarifs-et-reservations\/\">APPARTEMENTS<\/a><\/strong><\/p>\n<p><strong><a href=\"https:\/\/www.ortidimare.it\/fr\/tentes-glamping-tarifs-et-reservations\/\">TENTES GLAMPING<\/a><\/strong><\/p>\n<p><strong><a href=\"https:\/\/www.ortidimare.it\/fr\/stationnement-camping-car-tarifs-et-reservations\/\">STATIONEMMENT CAMPING-CAR<\/a><\/strong>[\/vc_column_text][vc_separator type=\u00a0\u00bbtransparent\u00a0\u00bb up=\u00a0\u00bb6&Prime; down=\u00a0\u00bb6&Prime;][vc_column_text]<span style=\"font-weight: 400;\">Par t\u00e9l\u00e9phone ou par<strong> <a href=\"mailto:booking@ortidimare.it\">e-mail<\/a>,<\/strong> nous ne pourrons vous donner que des informations \u00e0 caract\u00e8re g\u00e9n\u00e9ral. Si vous ne trouvez pas les informations qui vous int\u00e9ressent sur ce site, vous pouvez nous contacter aux num\u00e9ros suivants :<\/span>[\/vc_column_text][vc_separator type=\u00a0\u00bbtransparent\u00a0\u00bb up=\u00a0\u00bb6&Prime; down=\u00a0\u00bb6&Prime;][vc_column_text]<span style=\"color: #699519;\"><strong>RECEPTION<\/strong><\/span><\/p>\n<p><span style=\"font-weight: 400;\">Portable <strong>+39.<\/strong><\/span><b>331.58.67.805<\/b> <i><span style=\"font-weight: 400;\">(toute l\u2019ann\u00e9e)<\/span><\/i><\/p>\n<p><span style=\"font-weight: 400;\">T\u00e9l\u00e9phone fixe <strong>+39.<\/strong><strong>0565.964436 <\/strong><\/span><i><span style=\"font-weight: 400;\">(uniquement l\u2019hiver)<\/span><\/i><\/p>\n<p>&nbsp;<\/p>\n<p><span style=\"color: #699519;\"><b>RESTAURATION LOCALE \/ MARKET CAF\u00c9<br \/>\n<\/b><\/span><em>Ouvert de mi-avril \u00e0 fin octobre<\/em><\/p>\n<p><span style=\"font-weight: 400;\">Pour r\u00e9server une table, merci de contacter le <\/span><b><span style=\"font-weight: 400;\"><strong>+39.<\/strong><\/span>351.90.60.631<\/b>[\/vc_column_text][vc_separator type=\u00a0\u00bbtransparent\u00a0\u00bb thickness=\u00a0\u00bb10&Prime; up=\u00a0\u00bb15&Prime; down=\u00a0\u00bb15&Prime;]<span class='q_social_icon_holder normal_social' ><a itemprop='url' href='https:\/\/www.facebook.com\/ortidimare\/' target='_blank'><i class=\"qode_icon_font_awesome fa fa-facebook fa-lg simple_social\" style=\"\" ><\/i><\/a><\/span><span class='q_social_icon_holder normal_social' ><a itemprop='url' href='https:\/\/instagram.com\/ortidimare\/' target='_self'><i class=\"qode_icon_font_awesome fa fa-instagram fa-lg simple_social\" style=\"\" ><\/i><\/a><\/span>[\/vc_column][\/vc_row][vc_row css_animation=\u00a0\u00bb\u00a0\u00bb row_type=\u00a0\u00bbrow\u00a0\u00bb use_row_as_full_screen_section=\u00a0\u00bbno\u00a0\u00bb type=\u00a0\u00bbfull_width\u00a0\u00bb angled_section=\u00a0\u00bbno\u00a0\u00bb text_align=\u00a0\u00bbleft\u00a0\u00bb background_image_as_pattern=\u00a0\u00bbwithout_pattern\u00a0\u00bb][vc_column][vc_separator type=\u00a0\u00bbtransparent\u00a0\u00bb thickness=\u00a0\u00bb10&Prime; up=\u00a0\u00bb15&Prime; down=\u00a0\u00bb15&Prime;][\/vc_column][\/vc_row]<\/p>\n<\/div>","protected":false},"excerpt":{"rendered":"<p>[vc_row css_animation=\u00a0\u00bb\u00a0\u00bb row_type=\u00a0\u00bbrow\u00a0\u00bb use_row_as_full_screen_section=\u00a0\u00bbno\u00a0\u00bb type=\u00a0\u00bbgrid\u00a0\u00bb angled_section=\u00a0\u00bbno\u00a0\u00bb text_align=\u00a0\u00bbleft\u00a0\u00bb background_image_as_pattern=\u00a0\u00bbwithout_pattern\u00a0\u00bb z_index=\u00a0\u00bb\u00a0\u00bb][vc_column][vc_gmaps link=\u00a0\u00bb#E-8_JTNDaWZyYW1lJTIwc3JjJTNEJTIyaHR0cHMlM0ElMkYlMkZ3d3cuZ29vZ2xlLmNvbSUyRm1hcHMlMkZlbWJlZCUzRnBiJTNEJTIxMW0xOCUyMTFtMTIlMjExbTMlMjExZDU4NTguNzA2ODcwODA0NTgzJTIxMmQxMC4zMDY1ODUlMjEzZDQyLjc1OTczJTIxMm0zJTIxMWYwJTIxMmYwJTIxM2YwJTIxM20yJTIxMWkxMDI0JTIxMmk3NjglMjE0ZjEzLjElMjEzbTMlMjExbTIlMjExczB4MTJkNjM0NGJhOGNhNzFkZiUyNTNBMHg0ZGNkYTVlMTQ5ZmI2ZGEyJTIxMnNDYW1waW5nJTJCT3J0aSUyQmRpJTJCTWFyZSUyMTVlMCUyMTNtMiUyMTFzaXQlMjEyc2l0JTIxNHYxNTIxMTE5MzMyNTU4JTIyJTIwd2lkdGglM0QlMjI2MDAlMjIlMjBoZWlnaHQlM0QlMjI0NTAlMjIlMjBmcmFtZWJvcmRlciUzRCUyMjAlMjIlMjBzdHlsZSUzRCUyMmJvcmRlciUzQTAlMjIlMjBhbGxvd2Z1bGxzY3JlZW4lM0UlM0MlMkZpZnJhbWUlM0U=\u00a0\u00bb][vc_separator type=\u00a0\u00bbtransparent\u00a0\u00bb thickness=\u00a0\u00bb10&Prime; up=\u00a0\u00bb15&Prime; down=\u00a0\u00bb15&Prime;][\/vc_column][\/vc_row][vc_row css_animation=\u00a0\u00bb\u00a0\u00bb&#8230;<\/p>\n","protected":false},"author":7,"featured_media":32582,"parent":0,"menu_order":0,"comment_status":"open","ping_status":"closed","template":"full_width.php","meta":{"footnotes":""},"class_list":["post-32578","page","type-page","status-publish","has-post-thumbnail","hentry"],"yoast_head":"<!-- This site is optimized with the Yoast SEO plugin v27.4 - https:\/\/yoast.com\/product\/yoast-seo-wordpress\/ -->\n<title>Orti di Mare: Info &amp; Contacts<\/title>\n<meta name=\"description\" content=\"Infos et contacts : nous trouver est facile, nous sommes \u00e0 deux pas de la plage de Lacona. Regardez la carte ! Si vous voulez, vous pouvez nous \u00e9crire ou nous appeler.\" \/>\n<meta name=\"robots\" content=\"index, follow, max-snippet:-1, max-image-preview:large, max-video-preview:-1\" \/>\n<link rel=\"canonical\" href=\"https:\/\/www.ortidimare.it\/fr\/contacts\/\" \/>\n<meta property=\"og:locale\" content=\"fr_FR\" \/>\n<meta property=\"og:type\" content=\"article\" \/>\n<meta property=\"og:title\" content=\"Orti di Mare: Info &amp; Contacts\" \/>\n<meta property=\"og:description\" content=\"Infos et contacts : nous trouver est facile, nous sommes \u00e0 deux pas de la plage de Lacona. Regardez la carte ! Si vous voulez, vous pouvez nous \u00e9crire ou nous appeler.\" \/>\n<meta property=\"og:url\" content=\"https:\/\/www.ortidimare.it\/fr\/contacts\/\" \/>\n<meta property=\"og:site_name\" content=\"Orti di Mare\" \/>\n<meta property=\"article:modified_time\" content=\"2025-03-27T07:57:26+00:00\" \/>\n<meta property=\"og:image\" content=\"https:\/\/www.ortidimare.it\/wp-content\/uploads\/2013\/10\/bott-contatti.png\" \/>\n\t<meta property=\"og:image:width\" content=\"217\" \/>\n\t<meta property=\"og:image:height\" content=\"217\" \/>\n\t<meta property=\"og:image:type\" content=\"image\/png\" \/>\n<meta name=\"twitter:label1\" content=\"Dur\u00e9e de lecture estim\u00e9e\" \/>\n\t<meta name=\"twitter:data1\" content=\"2 minutes\" \/>\n<script type=\"application\/ld+json\" class=\"yoast-schema-graph\">{\"@context\":\"https:\\\/\\\/schema.org\",\"@graph\":[{\"@type\":\"WebPage\",\"@id\":\"https:\\\/\\\/www.ortidimare.it\\\/fr\\\/contacts\\\/\",\"url\":\"https:\\\/\\\/www.ortidimare.it\\\/fr\\\/contacts\\\/\",\"name\":\"Orti di Mare: Info & Contacts\",\"isPartOf\":{\"@id\":\"https:\\\/\\\/www.ortidimare.it\\\/fr\\\/#website\"},\"primaryImageOfPage\":{\"@id\":\"https:\\\/\\\/www.ortidimare.it\\\/fr\\\/contacts\\\/#primaryimage\"},\"image\":{\"@id\":\"https:\\\/\\\/www.ortidimare.it\\\/fr\\\/contacts\\\/#primaryimage\"},\"thumbnailUrl\":\"https:\\\/\\\/www.ortidimare.it\\\/wp-content\\\/uploads\\\/2013\\\/10\\\/bott-contatti.png\",\"datePublished\":\"2021-01-03T10:17:59+00:00\",\"dateModified\":\"2025-03-27T07:57:26+00:00\",\"description\":\"Infos et contacts : nous trouver est facile, nous sommes \u00e0 deux pas de la plage de Lacona. Regardez la carte ! Si vous voulez, vous pouvez nous \u00e9crire ou nous appeler.\",\"breadcrumb\":{\"@id\":\"https:\\\/\\\/www.ortidimare.it\\\/fr\\\/contacts\\\/#breadcrumb\"},\"inLanguage\":\"fr-FR\",\"potentialAction\":[{\"@type\":\"ReadAction\",\"target\":[\"https:\\\/\\\/www.ortidimare.it\\\/fr\\\/contacts\\\/\"]}]},{\"@type\":\"ImageObject\",\"inLanguage\":\"fr-FR\",\"@id\":\"https:\\\/\\\/www.ortidimare.it\\\/fr\\\/contacts\\\/#primaryimage\",\"url\":\"https:\\\/\\\/www.ortidimare.it\\\/wp-content\\\/uploads\\\/2013\\\/10\\\/bott-contatti.png\",\"contentUrl\":\"https:\\\/\\\/www.ortidimare.it\\\/wp-content\\\/uploads\\\/2013\\\/10\\\/bott-contatti.png\",\"width\":217,\"height\":217},{\"@type\":\"BreadcrumbList\",\"@id\":\"https:\\\/\\\/www.ortidimare.it\\\/fr\\\/contacts\\\/#breadcrumb\",\"itemListElement\":[{\"@type\":\"ListItem\",\"position\":1,\"name\":\"Home\",\"item\":\"https:\\\/\\\/www.ortidimare.it\\\/fr\\\/\"},{\"@type\":\"ListItem\",\"position\":2,\"name\":\"Contacts\"}]},{\"@type\":\"WebSite\",\"@id\":\"https:\\\/\\\/www.ortidimare.it\\\/fr\\\/#website\",\"url\":\"https:\\\/\\\/www.ortidimare.it\\\/fr\\\/\",\"name\":\"Orti di Mare\",\"description\":\"Lacona - Isola d&#039;Elba\",\"publisher\":{\"@id\":\"https:\\\/\\\/www.ortidimare.it\\\/fr\\\/#organization\"},\"potentialAction\":[{\"@type\":\"SearchAction\",\"target\":{\"@type\":\"EntryPoint\",\"urlTemplate\":\"https:\\\/\\\/www.ortidimare.it\\\/fr\\\/?s={search_term_string}\"},\"query-input\":{\"@type\":\"PropertyValueSpecification\",\"valueRequired\":true,\"valueName\":\"search_term_string\"}}],\"inLanguage\":\"fr-FR\"},{\"@type\":\"Organization\",\"@id\":\"https:\\\/\\\/www.ortidimare.it\\\/fr\\\/#organization\",\"name\":\"Orti di Mare\",\"url\":\"https:\\\/\\\/www.ortidimare.it\\\/fr\\\/\",\"logo\":{\"@type\":\"ImageObject\",\"inLanguage\":\"fr-FR\",\"@id\":\"https:\\\/\\\/www.ortidimare.it\\\/fr\\\/#\\\/schema\\\/logo\\\/image\\\/\",\"url\":\"https:\\\/\\\/www.ortidimare.it\\\/wp-content\\\/uploads\\\/logo.jpg\",\"contentUrl\":\"https:\\\/\\\/www.ortidimare.it\\\/wp-content\\\/uploads\\\/logo.jpg\",\"width\":600,\"height\":600,\"caption\":\"Orti di Mare\"},\"image\":{\"@id\":\"https:\\\/\\\/www.ortidimare.it\\\/fr\\\/#\\\/schema\\\/logo\\\/image\\\/\"}}]}<\/script>\n<!-- \/ Yoast SEO plugin. -->","yoast_head_json":{"title":"Orti di Mare: Info & Contacts","description":"Infos et contacts : nous trouver est facile, nous sommes \u00e0 deux pas de la plage de Lacona. Regardez la carte ! Si vous voulez, vous pouvez nous \u00e9crire ou nous appeler.","robots":{"index":"index","follow":"follow","max-snippet":"max-snippet:-1","max-image-preview":"max-image-preview:large","max-video-preview":"max-video-preview:-1"},"canonical":"https:\/\/www.ortidimare.it\/fr\/contacts\/","og_locale":"fr_FR","og_type":"article","og_title":"Orti di Mare: Info & Contacts","og_description":"Infos et contacts : nous trouver est facile, nous sommes \u00e0 deux pas de la plage de Lacona. Regardez la carte ! Si vous voulez, vous pouvez nous \u00e9crire ou nous appeler.","og_url":"https:\/\/www.ortidimare.it\/fr\/contacts\/","og_site_name":"Orti di Mare","article_modified_time":"2025-03-27T07:57:26+00:00","og_image":[{"width":217,"height":217,"url":"https:\/\/www.ortidimare.it\/wp-content\/uploads\/2013\/10\/bott-contatti.png","type":"image\/png"}],"twitter_misc":{"Dur\u00e9e de lecture estim\u00e9e":"2 minutes"},"schema":{"@context":"https:\/\/schema.org","@graph":[{"@type":"WebPage","@id":"https:\/\/www.ortidimare.it\/fr\/contacts\/","url":"https:\/\/www.ortidimare.it\/fr\/contacts\/","name":"Orti di Mare: Info & Contacts","isPartOf":{"@id":"https:\/\/www.ortidimare.it\/fr\/#website"},"primaryImageOfPage":{"@id":"https:\/\/www.ortidimare.it\/fr\/contacts\/#primaryimage"},"image":{"@id":"https:\/\/www.ortidimare.it\/fr\/contacts\/#primaryimage"},"thumbnailUrl":"https:\/\/www.ortidimare.it\/wp-content\/uploads\/2013\/10\/bott-contatti.png","datePublished":"2021-01-03T10:17:59+00:00","dateModified":"2025-03-27T07:57:26+00:00","description":"Infos et contacts : nous trouver est facile, nous sommes \u00e0 deux pas de la plage de Lacona. Regardez la carte ! Si vous voulez, vous pouvez nous \u00e9crire ou nous appeler.","breadcrumb":{"@id":"https:\/\/www.ortidimare.it\/fr\/contacts\/#breadcrumb"},"inLanguage":"fr-FR","potentialAction":[{"@type":"ReadAction","target":["https:\/\/www.ortidimare.it\/fr\/contacts\/"]}]},{"@type":"ImageObject","inLanguage":"fr-FR","@id":"https:\/\/www.ortidimare.it\/fr\/contacts\/#primaryimage","url":"https:\/\/www.ortidimare.it\/wp-content\/uploads\/2013\/10\/bott-contatti.png","contentUrl":"https:\/\/www.ortidimare.it\/wp-content\/uploads\/2013\/10\/bott-contatti.png","width":217,"height":217},{"@type":"BreadcrumbList","@id":"https:\/\/www.ortidimare.it\/fr\/contacts\/#breadcrumb","itemListElement":[{"@type":"ListItem","position":1,"name":"Home","item":"https:\/\/www.ortidimare.it\/fr\/"},{"@type":"ListItem","position":2,"name":"Contacts"}]},{"@type":"WebSite","@id":"https:\/\/www.ortidimare.it\/fr\/#website","url":"https:\/\/www.ortidimare.it\/fr\/","name":"Orti di Mare","description":"Lacona - Isola d&#039;Elba","publisher":{"@id":"https:\/\/www.ortidimare.it\/fr\/#organization"},"potentialAction":[{"@type":"SearchAction","target":{"@type":"EntryPoint","urlTemplate":"https:\/\/www.ortidimare.it\/fr\/?s={search_term_string}"},"query-input":{"@type":"PropertyValueSpecification","valueRequired":true,"valueName":"search_term_string"}}],"inLanguage":"fr-FR"},{"@type":"Organization","@id":"https:\/\/www.ortidimare.it\/fr\/#organization","name":"Orti di Mare","url":"https:\/\/www.ortidimare.it\/fr\/","logo":{"@type":"ImageObject","inLanguage":"fr-FR","@id":"https:\/\/www.ortidimare.it\/fr\/#\/schema\/logo\/image\/","url":"https:\/\/www.ortidimare.it\/wp-content\/uploads\/logo.jpg","contentUrl":"https:\/\/www.ortidimare.it\/wp-content\/uploads\/logo.jpg","width":600,"height":600,"caption":"Orti di Mare"},"image":{"@id":"https:\/\/www.ortidimare.it\/fr\/#\/schema\/logo\/image\/"}}]}},"_links":{"self":[{"href":"https:\/\/www.ortidimare.it\/fr\/wp-json\/wp\/v2\/pages\/32578","targetHints":{"allow":["GET"]}}],"collection":[{"href":"https:\/\/www.ortidimare.it\/fr\/wp-json\/wp\/v2\/pages"}],"about":[{"href":"https:\/\/www.ortidimare.it\/fr\/wp-json\/wp\/v2\/types\/page"}],"author":[{"embeddable":true,"href":"https:\/\/www.ortidimare.it\/fr\/wp-json\/wp\/v2\/users\/7"}],"replies":[{"embeddable":true,"href":"https:\/\/www.ortidimare.it\/fr\/wp-json\/wp\/v2\/comments?post=32578"}],"version-history":[{"count":5,"href":"https:\/\/www.ortidimare.it\/fr\/wp-json\/wp\/v2\/pages\/32578\/revisions"}],"predecessor-version":[{"id":36558,"href":"https:\/\/www.ortidimare.it\/fr\/wp-json\/wp\/v2\/pages\/32578\/revisions\/36558"}],"wp:featuredmedia":[{"embeddable":true,"href":"https:\/\/www.ortidimare.it\/fr\/wp-json\/wp\/v2\/media\/32582"}],"wp:attachment":[{"href":"https:\/\/www.ortidimare.it\/fr\/wp-json\/wp\/v2\/media?parent=32578"}],"curies":[{"name":"wp","href":"https:\/\/api.w.org\/{rel}","templated":true}]}}