{"id":31774,"date":"2020-12-07T20:39:24","date_gmt":"2020-12-07T20:39:24","guid":{"rendered":"http:\/\/www.ortidimare.it\/?page_id=31774"},"modified":"2025-07-14T10:34:41","modified_gmt":"2025-07-14T08:34:41","slug":"photos-et-videos","status":"publish","type":"page","link":"https:\/\/www.ortidimare.it\/fr\/photos-et-videos\/","title":{"rendered":"Photos et vid\u00e9os"},"content":{"rendered":"<div class=\"wpb-content-wrapper\"><p>[vc_row css_animation=\u00a0\u00bb\u00a0\u00bb row_type=\u00a0\u00bbrow\u00a0\u00bb use_row_as_full_screen_section=\u00a0\u00bbno\u00a0\u00bb type=\u00a0\u00bbfull_width\u00a0\u00bb angled_section=\u00a0\u00bbno\u00a0\u00bb text_align=\u00a0\u00bbleft\u00a0\u00bb background_image_as_pattern=\u00a0\u00bbwithout_pattern\u00a0\u00bb][vc_column][vc_text_separator title=\u00a0\u00bbVid\u00e9os\u00a0\u00bb border=\u00a0\u00bbno\u00a0\u00bb border_width=\u00a0\u00bb10&Prime;][\/vc_column][\/vc_row][vc_row css_animation=\u00a0\u00bb\u00a0\u00bb row_type=\u00a0\u00bbrow\u00a0\u00bb use_row_as_full_screen_section=\u00a0\u00bbno\u00a0\u00bb type=\u00a0\u00bbfull_width\u00a0\u00bb angled_section=\u00a0\u00bbno\u00a0\u00bb text_align=\u00a0\u00bbleft\u00a0\u00bb background_image_as_pattern=\u00a0\u00bbwithout_pattern\u00a0\u00bb css=\u00a0\u00bb.vc_custom_1521570442914{margin-top: 20px !important;}\u00a0\u00bb][vc_column][vc_empty_space height=\u00a0\u00bb20px\u00a0\u00bb][vc_video link=\u00a0\u00bbhttps:\/\/youtu.be\/7cTSq7l1VFM\u00a0\u00bb align=\u00a0\u00bbcenter\u00a0\u00bb][vc_empty_space height=\u00a0\u00bb20px\u00a0\u00bb][vc_row_inner row_type=\u00a0\u00bbrow\u00a0\u00bb type=\u00a0\u00bbfull_width\u00a0\u00bb text_align=\u00a0\u00bbleft\u00a0\u00bb css_animation=\u00a0\u00bb\u00a0\u00bb][vc_column_inner width=\u00a0\u00bb1\/3&Prime;][vc_video link=\u00a0\u00bbhttps:\/\/youtu.be\/dfL5s_5a6mY\u00a0\u00bb][\/vc_column_inner][vc_column_inner width=\u00a0\u00bb1\/3&Prime;][vc_video link=\u00a0\u00bbhttps:\/\/youtu.be\/vzIpNgrfwSA\u00a0\u00bb][\/vc_column_inner][vc_column_inner width=\u00a0\u00bb1\/3&Prime;][vc_video link=\u00a0\u00bbhttps:\/\/youtu.be\/_V5vCh9QPcs\u00a0\u00bb][\/vc_column_inner][\/vc_row_inner][vc_empty_space height=\u00a0\u00bb20px\u00a0\u00bb][vc_row_inner row_type=\u00a0\u00bbrow\u00a0\u00bb type=\u00a0\u00bbfull_width\u00a0\u00bb text_align=\u00a0\u00bbleft\u00a0\u00bb css_animation=\u00a0\u00bb\u00a0\u00bb][vc_column_inner width=\u00a0\u00bb1\/3&Prime;][vc_video link=\u00a0\u00bbhttps:\/\/youtu.be\/yNH3nXyJM6g\u00a0\u00bb][\/vc_column_inner][vc_column_inner width=\u00a0\u00bb1\/3&Prime;][vc_video link=\u00a0\u00bbhttps:\/\/youtu.be\/PMm5-Wk1uZM\u00a0\u00bb][\/vc_column_inner][vc_column_inner width=\u00a0\u00bb1\/3&Prime;][vc_video link=\u00a0\u00bbhttps:\/\/youtu.be\/GK2ioQf-q6Q\u00a0\u00bb][\/vc_column_inner][\/vc_row_inner][vc_empty_space height=\u00a0\u00bb20px\u00a0\u00bb][\/vc_column][\/vc_row][vc_row css_animation=\u00a0\u00bb\u00a0\u00bb row_type=\u00a0\u00bbrow\u00a0\u00bb use_row_as_full_screen_section=\u00a0\u00bbno\u00a0\u00bb type=\u00a0\u00bbfull_width\u00a0\u00bb angled_section=\u00a0\u00bbno\u00a0\u00bb text_align=\u00a0\u00bbcenter\u00a0\u00bb background_image_as_pattern=\u00a0\u00bbwithout_pattern\u00a0\u00bb][vc_column offset=\u00a0\u00bbvc_col-lg-12&Prime;][vc_empty_space height=\u00a0\u00bb20px\u00a0\u00bb][vc_text_separator title=\u00a0\u00bbPhotos\u00a0\u00bb border=\u00a0\u00bbno\u00a0\u00bb border_width=\u00a0\u00bb10&Prime; css=\u00a0\u00bb.vc_custom_1521570303306{margin-top: 10px !important;margin-bottom: 10px !important;}\u00a0\u00bb][vc_empty_space height=\u00a0\u00bb20px\u00a0\u00bb]<div class='projects_holder_outer v2 portfolio_with_space portfolio_standard'>\n        <div class='projects_holder portfolio_main_holder clearfix v2 standard portfolio_landscape_image '>\n        \n        <article class='mix portfolio_category_350 portfolio_category_348 portfolio_category_394 default' style=''>\n    \n    \n    \n                <div class='image_holder'>\n                <a itemprop='url' class='portfolio_link_for_touch' href='https:\/\/www.ortidimare.it\/fr\/portfolio_page\/le-camping\/' target=''>\n                    \n<span class='image'><img loading=\"lazy\" decoding=\"async\" width=\"600\" height=\"400\" src=\"https:\/\/www.ortidimare.it\/wp-content\/uploads\/2015\/03\/Camping-Portfolio-Evidenza.jpg\" class=\"attachment-portfolio-landscape size-portfolio-landscape wp-post-image\" alt=\"\" srcset=\"https:\/\/www.ortidimare.it\/wp-content\/uploads\/2015\/03\/Camping-Portfolio-Evidenza.jpg 600w, https:\/\/www.ortidimare.it\/wp-content\/uploads\/2015\/03\/Camping-Portfolio-Evidenza-300x200.jpg 300w\" sizes=\"auto, (max-width: 600px) 100vw, 600px\" \/><\/span>                <\/a>\n\n                <span class='text_holder'>\n    <span class='text_outer'>\n        <span class='text_inner'>\n            <span class='feature_holder'>\n                            <span class=\"feature_holder_icons\">';\n                    \n                            <a itemprop='url' class='preview qbutton small white' href='https:\/\/www.ortidimare.it\/fr\/portfolio_page\/le-camping\/' target='_self'>view<\/i><\/a>\n    \n                                            <\/span>\n        <\/span>\n    <\/span>\n<\/span>            <\/div>\n                <div class='portfolio_description ' >\n\n        \n    <h5 itemprop=\"name\" class=\"portfolio_title entry_title\"><a itemprop=\"url\" href=\"https:\/\/www.ortidimare.it\/fr\/portfolio_page\/le-camping\/\"  target=\"_self\"> Le Camping<\/a><\/h5>\n\n\n        \n            <span class=\"project_category\"  >\n    Hospitalit\u00e9 dans la nature, Ospitalit\u00e0 dentro la natura, Pagina Portfolio    <\/span>\n\n    <\/div>\n        \n<\/article>\n<article class='mix portfolio_category_352 portfolio_category_394 default' style=''>\n    \n    \n    \n                <div class='image_holder'>\n                <a itemprop='url' class='portfolio_link_for_touch' href='https:\/\/www.ortidimare.it\/fr\/portfolio_page\/aire-camping-car-low-cost\/' target=''>\n                    \n<span class='image'><img loading=\"lazy\" decoding=\"async\" width=\"800\" height=\"534\" src=\"https:\/\/www.ortidimare.it\/wp-content\/uploads\/2015\/03\/SOSTA_CAMPER_2-1.jpg\" class=\"attachment-portfolio-landscape size-portfolio-landscape wp-post-image\" alt=\"\" srcset=\"https:\/\/www.ortidimare.it\/wp-content\/uploads\/2015\/03\/SOSTA_CAMPER_2-1.jpg 800w, https:\/\/www.ortidimare.it\/wp-content\/uploads\/2015\/03\/SOSTA_CAMPER_2-1-300x200.jpg 300w, https:\/\/www.ortidimare.it\/wp-content\/uploads\/2015\/03\/SOSTA_CAMPER_2-1-768x513.jpg 768w, https:\/\/www.ortidimare.it\/wp-content\/uploads\/2015\/03\/SOSTA_CAMPER_2-1-700x467.jpg 700w\" sizes=\"auto, (max-width: 800px) 100vw, 800px\" \/><\/span>                <\/a>\n\n                <span class='text_holder'>\n    <span class='text_outer'>\n        <span class='text_inner'>\n            <span class='feature_holder'>\n                            <span class=\"feature_holder_icons\">';\n                    \n                            <a itemprop='url' class='preview qbutton small white' href='https:\/\/www.ortidimare.it\/fr\/portfolio_page\/aire-camping-car-low-cost\/' target='_self'>view<\/i><\/a>\n    \n                                            <\/span>\n        <\/span>\n    <\/span>\n<\/span>            <\/div>\n                <div class='portfolio_description ' >\n\n        \n    <h5 itemprop=\"name\" class=\"portfolio_title entry_title\"><a itemprop=\"url\" href=\"https:\/\/www.ortidimare.it\/fr\/portfolio_page\/aire-camping-car-low-cost\/\"  target=\"_self\"> Aire de stationnement camping-car<\/a><\/h5>\n\n\n        \n            <span class=\"project_category\"  >\n    Aire Low Cost, Pagina Portfolio    <\/span>\n\n    <\/div>\n        \n<\/article>\n<article class='mix portfolio_category_364 portfolio_category_394 default' style=''>\n    \n    \n    \n                <div class='image_holder'>\n                <a itemprop='url' class='portfolio_link_for_touch' href='https:\/\/www.ortidimare.it\/fr\/portfolio_page\/le-paysage\/' target=''>\n                    \n<span class='image'><img loading=\"lazy\" decoding=\"async\" width=\"800\" height=\"534\" src=\"https:\/\/www.ortidimare.it\/wp-content\/uploads\/2015\/03\/PAESAGGIO_10-800x534.jpg\" class=\"attachment-portfolio-landscape size-portfolio-landscape wp-post-image\" alt=\"\" \/><\/span>                <\/a>\n\n                <span class='text_holder'>\n    <span class='text_outer'>\n        <span class='text_inner'>\n            <span class='feature_holder'>\n                            <span class=\"feature_holder_icons\">';\n                    \n                            <a itemprop='url' class='preview qbutton small white' href='https:\/\/www.ortidimare.it\/fr\/portfolio_page\/le-paysage\/' target='_self'>view<\/i><\/a>\n    \n                                            <\/span>\n        <\/span>\n    <\/span>\n<\/span>            <\/div>\n                <div class='portfolio_description ' >\n\n        \n    <h5 itemprop=\"name\" class=\"portfolio_title entry_title\"><a itemprop=\"url\" href=\"https:\/\/www.ortidimare.it\/fr\/portfolio_page\/le-paysage\/\"  target=\"_self\"> Le paysage<\/a><\/h5>\n\n\n        \n            <span class=\"project_category\"  >\n    Mer + Nature + Merveille, Pagina Portfolio    <\/span>\n\n    <\/div>\n        \n<\/article>\n<article class='mix portfolio_category_354 portfolio_category_394 default' style=''>\n    \n    \n    \n                <div class='image_holder'>\n                <a itemprop='url' class='portfolio_link_for_touch' href='https:\/\/www.ortidimare.it\/fr\/portfolio_page\/les-appartements\/' target=''>\n                    \n<span class='image'><img loading=\"lazy\" decoding=\"async\" width=\"800\" height=\"534\" src=\"https:\/\/www.ortidimare.it\/wp-content\/uploads\/2015\/11\/BREZZA_01.jpg\" class=\"attachment-portfolio-landscape size-portfolio-landscape wp-post-image\" alt=\"\" srcset=\"https:\/\/www.ortidimare.it\/wp-content\/uploads\/2015\/11\/BREZZA_01.jpg 800w, https:\/\/www.ortidimare.it\/wp-content\/uploads\/2015\/11\/BREZZA_01-300x200.jpg 300w, https:\/\/www.ortidimare.it\/wp-content\/uploads\/2015\/11\/BREZZA_01-768x513.jpg 768w, https:\/\/www.ortidimare.it\/wp-content\/uploads\/2015\/11\/BREZZA_01-700x467.jpg 700w\" sizes=\"auto, (max-width: 800px) 100vw, 800px\" \/><\/span>                <\/a>\n\n                <span class='text_holder'>\n    <span class='text_outer'>\n        <span class='text_inner'>\n            <span class='feature_holder'>\n                            <span class=\"feature_holder_icons\">';\n                    \n                            <a itemprop='url' class='preview qbutton small white' href='https:\/\/www.ortidimare.it\/fr\/portfolio_page\/les-appartements\/' target='_self'>view<\/i><\/a>\n    \n                                            <\/span>\n        <\/span>\n    <\/span>\n<\/span>            <\/div>\n                <div class='portfolio_description ' >\n\n        \n    <h5 itemprop=\"name\" class=\"portfolio_title entry_title\"><a itemprop=\"url\" href=\"https:\/\/www.ortidimare.it\/fr\/portfolio_page\/les-appartements\/\"  target=\"_self\"> Les Appartements<\/a><\/h5>\n\n\n        \n            <span class=\"project_category\"  >\n    Brezza et Libeccio, Pagina Portfolio    <\/span>\n\n    <\/div>\n        \n<\/article>\n<article class='mix portfolio_category_358 portfolio_category_394 default' style=''>\n    \n    \n    \n                <div class='image_holder'>\n                <a itemprop='url' class='portfolio_link_for_touch' href='https:\/\/www.ortidimare.it\/fr\/portfolio_page\/les-tentes-glamping\/' target=''>\n                    \n<span class='image'><img loading=\"lazy\" decoding=\"async\" width=\"800\" height=\"600\" src=\"https:\/\/www.ortidimare.it\/wp-content\/uploads\/DSC_2248-800x600.jpg\" class=\"attachment-portfolio-landscape size-portfolio-landscape wp-post-image\" alt=\"\" \/><\/span>                <\/a>\n\n                <span class='text_holder'>\n    <span class='text_outer'>\n        <span class='text_inner'>\n            <span class='feature_holder'>\n                            <span class=\"feature_holder_icons\">';\n                    \n                            <a itemprop='url' class='preview qbutton small white' href='https:\/\/www.ortidimare.it\/fr\/portfolio_page\/les-tentes-glamping\/' target='_self'>view<\/i><\/a>\n    \n                                            <\/span>\n        <\/span>\n    <\/span>\n<\/span>            <\/div>\n                <div class='portfolio_description ' >\n\n        \n    <h5 itemprop=\"name\" class=\"portfolio_title entry_title\"><a itemprop=\"url\" href=\"https:\/\/www.ortidimare.it\/fr\/portfolio_page\/les-tentes-glamping\/\"  target=\"_self\"> Les tentes glamping<\/a><\/h5>\n\n\n        \n            <span class=\"project_category\"  >\n    Il camping in versione comfort, Pagina Portfolio    <\/span>\n\n    <\/div>\n        \n<\/article>\n<article class='mix portfolio_category_382 portfolio_category_394 default' style=''>\n    \n    \n    \n                <div class='image_holder'>\n                <a itemprop='url' class='portfolio_link_for_touch' href='https:\/\/www.ortidimare.it\/fr\/portfolio_page\/qui-sommes-nous\/' target=''>\n                    \n<span class='image'><img loading=\"lazy\" decoding=\"async\" width=\"800\" height=\"600\" src=\"https:\/\/www.ortidimare.it\/wp-content\/uploads\/Home-12-Chi-siamo-800x600.jpg\" class=\"attachment-portfolio-landscape size-portfolio-landscape wp-post-image\" alt=\"\" \/><\/span>                <\/a>\n\n                <span class='text_holder'>\n    <span class='text_outer'>\n        <span class='text_inner'>\n            <span class='feature_holder'>\n                            <span class=\"feature_holder_icons\">';\n                    \n                            <a itemprop='url' class='preview qbutton small white' href='https:\/\/www.ortidimare.it\/fr\/portfolio_page\/qui-sommes-nous\/' target='_self'>view<\/i><\/a>\n    \n                                            <\/span>\n        <\/span>\n    <\/span>\n<\/span>            <\/div>\n                <div class='portfolio_description ' >\n\n        \n    <h5 itemprop=\"name\" class=\"portfolio_title entry_title\"><a itemprop=\"url\" href=\"https:\/\/www.ortidimare.it\/fr\/portfolio_page\/qui-sommes-nous\/\"  target=\"_self\"> Qui sommes-nous<\/a><\/h5>\n\n\n        \n            <span class=\"project_category\"  >\n    Agriculteurs et penseurs, Pagina Portfolio    <\/span>\n\n    <\/div>\n        \n<\/article>\n        <div class='filler'><\/div>\n            <div class='filler'><\/div>\n        <\/div>\n\n    \n    <\/div>[\/vc_column][\/vc_row]<\/p>\n<\/div>","protected":false},"excerpt":{"rendered":"<p>[vc_row css_animation=\u00a0\u00bb\u00a0\u00bb row_type=\u00a0\u00bbrow\u00a0\u00bb use_row_as_full_screen_section=\u00a0\u00bbno\u00a0\u00bb type=\u00a0\u00bbfull_width\u00a0\u00bb angled_section=\u00a0\u00bbno\u00a0\u00bb text_align=\u00a0\u00bbleft\u00a0\u00bb background_image_as_pattern=\u00a0\u00bbwithout_pattern\u00a0\u00bb][vc_column][vc_text_separator title=\u00a0\u00bbVid\u00e9os\u00a0\u00bb border=\u00a0\u00bbno\u00a0\u00bb border_width=\u00a0\u00bb10&Prime;][\/vc_column][\/vc_row][vc_row css_animation=\u00a0\u00bb\u00a0\u00bb row_type=\u00a0\u00bbrow\u00a0\u00bb use_row_as_full_screen_section=\u00a0\u00bbno\u00a0\u00bb type=\u00a0\u00bbfull_width\u00a0\u00bb&#8230;<\/p>\n","protected":false},"author":7,"featured_media":31488,"parent":0,"menu_order":0,"comment_status":"open","ping_status":"closed","template":"","meta":{"footnotes":""},"class_list":["post-31774","page","type-page","status-publish","has-post-thumbnail","hentry"],"yoast_head":"<!-- This site is optimized with the Yoast SEO plugin v27.4 - https:\/\/yoast.com\/product\/yoast-seo-wordpress\/ -->\n<title>Photos et vid\u00e9os de Orti di Mare<\/title>\n<meta name=\"description\" content=\"Photogallery et vid\u00e9os du camping, du camping-car, des appartements, des tentes glamping, de la restauration locale et du market caf\u00e9\" \/>\n<meta name=\"robots\" content=\"index, follow, max-snippet:-1, max-image-preview:large, max-video-preview:-1\" \/>\n<link rel=\"canonical\" href=\"https:\/\/www.ortidimare.it\/fr\/photos-et-videos\/\" \/>\n<meta property=\"og:locale\" content=\"fr_FR\" \/>\n<meta property=\"og:type\" content=\"article\" \/>\n<meta property=\"og:title\" content=\"Photos et vid\u00e9os de Orti di Mare\" \/>\n<meta property=\"og:description\" content=\"Photogallery et vid\u00e9os du camping, du camping-car, des appartements, des tentes glamping, de la restauration locale et du market caf\u00e9\" \/>\n<meta property=\"og:url\" content=\"https:\/\/www.ortidimare.it\/fr\/photos-et-videos\/\" \/>\n<meta property=\"og:site_name\" content=\"Orti di Mare\" \/>\n<meta property=\"article:modified_time\" content=\"2025-07-14T08:34:41+00:00\" \/>\n<meta property=\"og:image\" content=\"https:\/\/www.ortidimare.it\/wp-content\/uploads\/2015\/01\/gallery.png\" \/>\n\t<meta property=\"og:image:width\" content=\"217\" \/>\n\t<meta property=\"og:image:height\" content=\"217\" \/>\n\t<meta property=\"og:image:type\" content=\"image\/png\" \/>\n<meta name=\"twitter:label1\" content=\"Dur\u00e9e de lecture estim\u00e9e\" \/>\n\t<meta name=\"twitter:data1\" content=\"1 minute\" \/>\n<script type=\"application\/ld+json\" class=\"yoast-schema-graph\">{\"@context\":\"https:\\\/\\\/schema.org\",\"@graph\":[{\"@type\":\"WebPage\",\"@id\":\"https:\\\/\\\/www.ortidimare.it\\\/fr\\\/photos-et-videos\\\/\",\"url\":\"https:\\\/\\\/www.ortidimare.it\\\/fr\\\/photos-et-videos\\\/\",\"name\":\"Photos et vid\u00e9os de Orti di Mare\",\"isPartOf\":{\"@id\":\"https:\\\/\\\/www.ortidimare.it\\\/fr\\\/#website\"},\"primaryImageOfPage\":{\"@id\":\"https:\\\/\\\/www.ortidimare.it\\\/fr\\\/photos-et-videos\\\/#primaryimage\"},\"image\":{\"@id\":\"https:\\\/\\\/www.ortidimare.it\\\/fr\\\/photos-et-videos\\\/#primaryimage\"},\"thumbnailUrl\":\"https:\\\/\\\/www.ortidimare.it\\\/wp-content\\\/uploads\\\/2015\\\/01\\\/gallery.png\",\"datePublished\":\"2020-12-07T20:39:24+00:00\",\"dateModified\":\"2025-07-14T08:34:41+00:00\",\"description\":\"Photogallery et vid\u00e9os du camping, du camping-car, des appartements, des tentes glamping, de la restauration locale et du market caf\u00e9\",\"breadcrumb\":{\"@id\":\"https:\\\/\\\/www.ortidimare.it\\\/fr\\\/photos-et-videos\\\/#breadcrumb\"},\"inLanguage\":\"fr-FR\",\"potentialAction\":[{\"@type\":\"ReadAction\",\"target\":[\"https:\\\/\\\/www.ortidimare.it\\\/fr\\\/photos-et-videos\\\/\"]}]},{\"@type\":\"ImageObject\",\"inLanguage\":\"fr-FR\",\"@id\":\"https:\\\/\\\/www.ortidimare.it\\\/fr\\\/photos-et-videos\\\/#primaryimage\",\"url\":\"https:\\\/\\\/www.ortidimare.it\\\/wp-content\\\/uploads\\\/2015\\\/01\\\/gallery.png\",\"contentUrl\":\"https:\\\/\\\/www.ortidimare.it\\\/wp-content\\\/uploads\\\/2015\\\/01\\\/gallery.png\",\"width\":217,\"height\":217},{\"@type\":\"BreadcrumbList\",\"@id\":\"https:\\\/\\\/www.ortidimare.it\\\/fr\\\/photos-et-videos\\\/#breadcrumb\",\"itemListElement\":[{\"@type\":\"ListItem\",\"position\":1,\"name\":\"Home\",\"item\":\"https:\\\/\\\/www.ortidimare.it\\\/fr\\\/\"},{\"@type\":\"ListItem\",\"position\":2,\"name\":\"Photos et vid\u00e9os\"}]},{\"@type\":\"WebSite\",\"@id\":\"https:\\\/\\\/www.ortidimare.it\\\/fr\\\/#website\",\"url\":\"https:\\\/\\\/www.ortidimare.it\\\/fr\\\/\",\"name\":\"Orti di Mare\",\"description\":\"Lacona - Isola d&#039;Elba\",\"publisher\":{\"@id\":\"https:\\\/\\\/www.ortidimare.it\\\/fr\\\/#organization\"},\"potentialAction\":[{\"@type\":\"SearchAction\",\"target\":{\"@type\":\"EntryPoint\",\"urlTemplate\":\"https:\\\/\\\/www.ortidimare.it\\\/fr\\\/?s={search_term_string}\"},\"query-input\":{\"@type\":\"PropertyValueSpecification\",\"valueRequired\":true,\"valueName\":\"search_term_string\"}}],\"inLanguage\":\"fr-FR\"},{\"@type\":\"Organization\",\"@id\":\"https:\\\/\\\/www.ortidimare.it\\\/fr\\\/#organization\",\"name\":\"Orti di Mare\",\"url\":\"https:\\\/\\\/www.ortidimare.it\\\/fr\\\/\",\"logo\":{\"@type\":\"ImageObject\",\"inLanguage\":\"fr-FR\",\"@id\":\"https:\\\/\\\/www.ortidimare.it\\\/fr\\\/#\\\/schema\\\/logo\\\/image\\\/\",\"url\":\"https:\\\/\\\/www.ortidimare.it\\\/wp-content\\\/uploads\\\/logo.jpg\",\"contentUrl\":\"https:\\\/\\\/www.ortidimare.it\\\/wp-content\\\/uploads\\\/logo.jpg\",\"width\":600,\"height\":600,\"caption\":\"Orti di Mare\"},\"image\":{\"@id\":\"https:\\\/\\\/www.ortidimare.it\\\/fr\\\/#\\\/schema\\\/logo\\\/image\\\/\"}}]}<\/script>\n<!-- \/ Yoast SEO plugin. -->","yoast_head_json":{"title":"Photos et vid\u00e9os de Orti di Mare","description":"Photogallery et vid\u00e9os du camping, du camping-car, des appartements, des tentes glamping, de la restauration locale et du market caf\u00e9","robots":{"index":"index","follow":"follow","max-snippet":"max-snippet:-1","max-image-preview":"max-image-preview:large","max-video-preview":"max-video-preview:-1"},"canonical":"https:\/\/www.ortidimare.it\/fr\/photos-et-videos\/","og_locale":"fr_FR","og_type":"article","og_title":"Photos et vid\u00e9os de Orti di Mare","og_description":"Photogallery et vid\u00e9os du camping, du camping-car, des appartements, des tentes glamping, de la restauration locale et du market caf\u00e9","og_url":"https:\/\/www.ortidimare.it\/fr\/photos-et-videos\/","og_site_name":"Orti di Mare","article_modified_time":"2025-07-14T08:34:41+00:00","og_image":[{"width":217,"height":217,"url":"https:\/\/www.ortidimare.it\/wp-content\/uploads\/2015\/01\/gallery.png","type":"image\/png"}],"twitter_misc":{"Dur\u00e9e de lecture estim\u00e9e":"1 minute"},"schema":{"@context":"https:\/\/schema.org","@graph":[{"@type":"WebPage","@id":"https:\/\/www.ortidimare.it\/fr\/photos-et-videos\/","url":"https:\/\/www.ortidimare.it\/fr\/photos-et-videos\/","name":"Photos et vid\u00e9os de Orti di Mare","isPartOf":{"@id":"https:\/\/www.ortidimare.it\/fr\/#website"},"primaryImageOfPage":{"@id":"https:\/\/www.ortidimare.it\/fr\/photos-et-videos\/#primaryimage"},"image":{"@id":"https:\/\/www.ortidimare.it\/fr\/photos-et-videos\/#primaryimage"},"thumbnailUrl":"https:\/\/www.ortidimare.it\/wp-content\/uploads\/2015\/01\/gallery.png","datePublished":"2020-12-07T20:39:24+00:00","dateModified":"2025-07-14T08:34:41+00:00","description":"Photogallery et vid\u00e9os du camping, du camping-car, des appartements, des tentes glamping, de la restauration locale et du market caf\u00e9","breadcrumb":{"@id":"https:\/\/www.ortidimare.it\/fr\/photos-et-videos\/#breadcrumb"},"inLanguage":"fr-FR","potentialAction":[{"@type":"ReadAction","target":["https:\/\/www.ortidimare.it\/fr\/photos-et-videos\/"]}]},{"@type":"ImageObject","inLanguage":"fr-FR","@id":"https:\/\/www.ortidimare.it\/fr\/photos-et-videos\/#primaryimage","url":"https:\/\/www.ortidimare.it\/wp-content\/uploads\/2015\/01\/gallery.png","contentUrl":"https:\/\/www.ortidimare.it\/wp-content\/uploads\/2015\/01\/gallery.png","width":217,"height":217},{"@type":"BreadcrumbList","@id":"https:\/\/www.ortidimare.it\/fr\/photos-et-videos\/#breadcrumb","itemListElement":[{"@type":"ListItem","position":1,"name":"Home","item":"https:\/\/www.ortidimare.it\/fr\/"},{"@type":"ListItem","position":2,"name":"Photos et vid\u00e9os"}]},{"@type":"WebSite","@id":"https:\/\/www.ortidimare.it\/fr\/#website","url":"https:\/\/www.ortidimare.it\/fr\/","name":"Orti di Mare","description":"Lacona - Isola d&#039;Elba","publisher":{"@id":"https:\/\/www.ortidimare.it\/fr\/#organization"},"potentialAction":[{"@type":"SearchAction","target":{"@type":"EntryPoint","urlTemplate":"https:\/\/www.ortidimare.it\/fr\/?s={search_term_string}"},"query-input":{"@type":"PropertyValueSpecification","valueRequired":true,"valueName":"search_term_string"}}],"inLanguage":"fr-FR"},{"@type":"Organization","@id":"https:\/\/www.ortidimare.it\/fr\/#organization","name":"Orti di Mare","url":"https:\/\/www.ortidimare.it\/fr\/","logo":{"@type":"ImageObject","inLanguage":"fr-FR","@id":"https:\/\/www.ortidimare.it\/fr\/#\/schema\/logo\/image\/","url":"https:\/\/www.ortidimare.it\/wp-content\/uploads\/logo.jpg","contentUrl":"https:\/\/www.ortidimare.it\/wp-content\/uploads\/logo.jpg","width":600,"height":600,"caption":"Orti di Mare"},"image":{"@id":"https:\/\/www.ortidimare.it\/fr\/#\/schema\/logo\/image\/"}}]}},"_links":{"self":[{"href":"https:\/\/www.ortidimare.it\/fr\/wp-json\/wp\/v2\/pages\/31774","targetHints":{"allow":["GET"]}}],"collection":[{"href":"https:\/\/www.ortidimare.it\/fr\/wp-json\/wp\/v2\/pages"}],"about":[{"href":"https:\/\/www.ortidimare.it\/fr\/wp-json\/wp\/v2\/types\/page"}],"author":[{"embeddable":true,"href":"https:\/\/www.ortidimare.it\/fr\/wp-json\/wp\/v2\/users\/7"}],"replies":[{"embeddable":true,"href":"https:\/\/www.ortidimare.it\/fr\/wp-json\/wp\/v2\/comments?post=31774"}],"version-history":[{"count":4,"href":"https:\/\/www.ortidimare.it\/fr\/wp-json\/wp\/v2\/pages\/31774\/revisions"}],"predecessor-version":[{"id":37233,"href":"https:\/\/www.ortidimare.it\/fr\/wp-json\/wp\/v2\/pages\/31774\/revisions\/37233"}],"wp:featuredmedia":[{"embeddable":true,"href":"https:\/\/www.ortidimare.it\/fr\/wp-json\/wp\/v2\/media\/31488"}],"wp:attachment":[{"href":"https:\/\/www.ortidimare.it\/fr\/wp-json\/wp\/v2\/media?parent=31774"}],"curies":[{"name":"wp","href":"https:\/\/api.w.org\/{rel}","templated":true}]}}