{"id":39173,"date":"2026-04-15T10:44:19","date_gmt":"2026-04-15T08:44:19","guid":{"rendered":"https:\/\/www.ortidimare.it\/?page_id=39173"},"modified":"2026-04-15T15:13:13","modified_gmt":"2026-04-15T13:13:13","slug":"wellnessbereich","status":"publish","type":"page","link":"https:\/\/www.ortidimare.it\/de\/wellnessbereich\/","title":{"rendered":"Wellnessbereich"},"content":{"rendered":"<div class=\"wpb-content-wrapper\"><p>[vc_row css_animation=&#8220;&#8220; row_type=&#8220;row&#8220; use_row_as_full_screen_section=&#8220;no&#8220; type=&#8220;full_width&#8220; angled_section=&#8220;no&#8220; text_align=&#8220;left&#8220; background_image_as_pattern=&#8220;without_pattern&#8220;][vc_column offset=&#8220;vc_hidden-sm vc_hidden-xs&#8220;][layerslider_vc id=&#8220;27&#8243;][vc_separator type=&#8220;transparent&#8220; up=&#8220;15&#8243; down=&#8220;15&#8243;][\/vc_column][\/vc_row][vc_row css_animation=&#8220;&#8220; row_type=&#8220;row&#8220; use_row_as_full_screen_section=&#8220;no&#8220; type=&#8220;full_width&#8220; angled_section=&#8220;no&#8220; text_align=&#8220;left&#8220; background_image_as_pattern=&#8220;without_pattern&#8220;][vc_column][vc_column_text css=&#8220;&#8220;]<\/p>\n<h4>Um unseren G\u00e4sten ein noch intensiveres und umfassenderes Erlebnis der Entspannung, der inneren Einkehr und der Regeneration zu bieten, haben wir einen Wellnessbereich eingerichtet, in dem Sie ganz auf Ihre individuellen Bed\u00fcrfnisse abgestimmte Behandlungen von h\u00f6chster Qualit\u00e4t genie\u00dfen k\u00f6nnen.<\/h4>\n<p>Die <strong>Ayurveda-Yoga-Massage<\/strong>, in Indien auch als \u201eorthop\u00e4dische Massage\u201c bekannt, ist \u00e4u\u00dferst vielseitig:<\/p>\n<p><span style=\"color: #ff0000;\">\u2665 <\/span>Sie kann Druck mit Dehnung kombinieren und, falls gew\u00fcnscht, passive Dehnungsman\u00f6ver, um tief in die Muskeln einzudringen, Muskelverspannungen zu l\u00f6sen, den K\u00f6rper neu auszurichten und die Gelenkbeweglichkeit wiederherzustellen. Dabei werden stets die Grenzen jedes einzelnen Systems respektiert und liebevoll behandelt, auf die Bed\u00fcrfnisse eingegangen und jede Behandlung mit einem Moment tiefer Entspannung abgeschlossen.<\/p>\n<p><span style=\"color: #ff0000;\">\u2665 <\/span>Sie kann mit absoluter Sanftheit und ohne jegliche Manipulationen durchgef\u00fchrt werden, um dem Empf\u00e4nger eine einfache Entspannung zu bieten, die aufgrund ihrer Tiefe \u2013 die im heutigen hektischen Leben so oft unbekannt ist \u2013 manchmal \u00fcberw\u00e4ltigend sein kann.<\/p>\n<p>Unsere Masseurin <strong>Chiara Di Clemente<\/strong>, die sich durch gro\u00dfe Einf\u00fchlsamkeit, Kraft und Feinf\u00fchligkeit sowie eine hervorragende Ausbildung und zwanzigj\u00e4hrige Erfahrung auszeichnet, bietet Ihnen die M\u00f6glichkeit, zwischen Teil- und Ganzk\u00f6rpermassagen unterschiedlicher Dauer und zu verschiedenen Preisen zu w\u00e4hlen. Dazu geh\u00f6rt auch die unglaubliche \u201eNo Time\u201c-Behandlung, ein einzigartiges, befreiendes Erlebnis, nach dem Sie nicht mehr dieselbe Person sein werden wie zuvor.<\/p>\n<p>Au\u00dferdem k\u00f6nnen Sie an bestimmten Tagen zwei verschiedene Arten von \u201eBio-Lifting\u201c-Massagen ausprobieren, von denen eine von der Masseurin <strong>Pina Guidetti<\/strong> durchgef\u00fchrt wird, einer unerm\u00fcdlichen und einfallsreichen Erforscherin der Heilkraft der Pflanzen, die Ihr Gesicht durch den gekonnten Einsatz von nat\u00fcrlichen Produkten regenerieren wird, die sie selbst herstellt, gr\u00f6\u00dftenteils aus Rohstoffen, die diese kraftvolle Insel zu bieten hat.<\/p>\n<p><strong>Wir w\u00fcnschen Ihnen, dass Sie sich w\u00e4hrend Ihres Aufenthalts mindestens eine dieser Behandlungen g\u00f6nnen und das unglaubliche Gef\u00fchl von Freiheit und Selbstentdeckung erleben k\u00f6nnen, das sie oft hervorrufen..<\/strong>[\/vc_column_text][vc_separator type=&#8220;transparent&#8220; thickness=&#8220;10&#8243; up=&#8220;15&#8243; down=&#8220;15&#8243;][vc_column_text css=&#8220;&#8220;]<\/p>\n<h4 style=\"text-align: center;\"><\/h4>\n<p>[\/vc_column_text][vc_separator type=&#8220;transparent&#8220;][\/vc_column][\/vc_row]<\/p>\n<\/div>","protected":false},"excerpt":{"rendered":"<p>[vc_row css_animation=&#8220;&#8220; row_type=&#8220;row&#8220; use_row_as_full_screen_section=&#8220;no&#8220; type=&#8220;full_width&#8220; angled_section=&#8220;no&#8220; text_align=&#8220;left&#8220; background_image_as_pattern=&#8220;without_pattern&#8220;][vc_column offset=&#8220;vc_hidden-sm vc_hidden-xs&#8220;][layerslider_vc id=&#8220;27&#8243;][vc_separator type=&#8220;transparent&#8220; up=&#8220;15&#8243; down=&#8220;15&#8243;][\/vc_column][\/vc_row][vc_row css_animation=&#8220;&#8220;&#8230;<\/p>\n","protected":false},"author":7,"featured_media":22377,"parent":0,"menu_order":0,"comment_status":"closed","ping_status":"closed","template":"","meta":{"footnotes":""},"class_list":["post-39173","page","type-page","status-publish","has-post-thumbnail","hentry"],"yoast_head":"<!-- This site is optimized with the Yoast SEO plugin v27.4 - https:\/\/yoast.com\/product\/yoast-seo-wordpress\/ -->\n<title>Scopri la nostra area benessere<\/title>\n<meta name=\"description\" content=\"Massaggi ayurvedici-yoga, bio-lifting e trattamenti personalizzati con operatrici esperte. Esperienza di relax e rigenerazione totale.\" \/>\n<meta name=\"robots\" content=\"index, follow, max-snippet:-1, max-image-preview:large, max-video-preview:-1\" \/>\n<link rel=\"canonical\" href=\"https:\/\/www.ortidimare.it\/de\/wellnessbereich\/\" \/>\n<meta property=\"og:locale\" content=\"de_DE\" \/>\n<meta property=\"og:type\" content=\"article\" \/>\n<meta property=\"og:title\" content=\"Scopri la nostra area benessere\" \/>\n<meta property=\"og:description\" content=\"Massaggi ayurvedici-yoga, bio-lifting e trattamenti personalizzati con operatrici esperte. Esperienza di relax e rigenerazione totale.\" \/>\n<meta property=\"og:url\" content=\"https:\/\/www.ortidimare.it\/de\/wellnessbereich\/\" \/>\n<meta property=\"og:site_name\" content=\"Orti di Mare\" \/>\n<meta property=\"article:modified_time\" content=\"2026-04-15T13:13:13+00:00\" \/>\n<meta property=\"og:image\" content=\"https:\/\/www.ortidimare.it\/wp-content\/uploads\/2015\/03\/bott-m.png\" \/>\n\t<meta property=\"og:image:width\" content=\"217\" \/>\n\t<meta property=\"og:image:height\" content=\"217\" \/>\n\t<meta property=\"og:image:type\" content=\"image\/png\" \/>\n<meta name=\"twitter:label1\" content=\"Gesch\u00e4tzte Lesezeit\" \/>\n\t<meta name=\"twitter:data1\" content=\"2\u00a0Minuten\" \/>\n<script type=\"application\/ld+json\" class=\"yoast-schema-graph\">{\"@context\":\"https:\\\/\\\/schema.org\",\"@graph\":[{\"@type\":\"WebPage\",\"@id\":\"https:\\\/\\\/www.ortidimare.it\\\/de\\\/wellnessbereich\\\/\",\"url\":\"https:\\\/\\\/www.ortidimare.it\\\/de\\\/wellnessbereich\\\/\",\"name\":\"Scopri la nostra area benessere\",\"isPartOf\":{\"@id\":\"https:\\\/\\\/www.ortidimare.it\\\/de\\\/#website\"},\"primaryImageOfPage\":{\"@id\":\"https:\\\/\\\/www.ortidimare.it\\\/de\\\/wellnessbereich\\\/#primaryimage\"},\"image\":{\"@id\":\"https:\\\/\\\/www.ortidimare.it\\\/de\\\/wellnessbereich\\\/#primaryimage\"},\"thumbnailUrl\":\"https:\\\/\\\/www.ortidimare.it\\\/wp-content\\\/uploads\\\/2015\\\/03\\\/bott-m.png\",\"datePublished\":\"2026-04-15T08:44:19+00:00\",\"dateModified\":\"2026-04-15T13:13:13+00:00\",\"description\":\"Massaggi ayurvedici-yoga, bio-lifting e trattamenti personalizzati con operatrici esperte. Esperienza di relax e rigenerazione totale.\",\"breadcrumb\":{\"@id\":\"https:\\\/\\\/www.ortidimare.it\\\/de\\\/wellnessbereich\\\/#breadcrumb\"},\"inLanguage\":\"de\",\"potentialAction\":[{\"@type\":\"ReadAction\",\"target\":[\"https:\\\/\\\/www.ortidimare.it\\\/de\\\/wellnessbereich\\\/\"]}]},{\"@type\":\"ImageObject\",\"inLanguage\":\"de\",\"@id\":\"https:\\\/\\\/www.ortidimare.it\\\/de\\\/wellnessbereich\\\/#primaryimage\",\"url\":\"https:\\\/\\\/www.ortidimare.it\\\/wp-content\\\/uploads\\\/2015\\\/03\\\/bott-m.png\",\"contentUrl\":\"https:\\\/\\\/www.ortidimare.it\\\/wp-content\\\/uploads\\\/2015\\\/03\\\/bott-m.png\",\"width\":217,\"height\":217},{\"@type\":\"BreadcrumbList\",\"@id\":\"https:\\\/\\\/www.ortidimare.it\\\/de\\\/wellnessbereich\\\/#breadcrumb\",\"itemListElement\":[{\"@type\":\"ListItem\",\"position\":1,\"name\":\"Home\",\"item\":\"https:\\\/\\\/www.ortidimare.it\\\/de\\\/\"},{\"@type\":\"ListItem\",\"position\":2,\"name\":\"Wellnessbereich\"}]},{\"@type\":\"WebSite\",\"@id\":\"https:\\\/\\\/www.ortidimare.it\\\/de\\\/#website\",\"url\":\"https:\\\/\\\/www.ortidimare.it\\\/de\\\/\",\"name\":\"Orti di Mare\",\"description\":\"Lacona - Isola d&#039;Elba\",\"publisher\":{\"@id\":\"https:\\\/\\\/www.ortidimare.it\\\/de\\\/#organization\"},\"potentialAction\":[{\"@type\":\"SearchAction\",\"target\":{\"@type\":\"EntryPoint\",\"urlTemplate\":\"https:\\\/\\\/www.ortidimare.it\\\/de\\\/?s={search_term_string}\"},\"query-input\":{\"@type\":\"PropertyValueSpecification\",\"valueRequired\":true,\"valueName\":\"search_term_string\"}}],\"inLanguage\":\"de\"},{\"@type\":\"Organization\",\"@id\":\"https:\\\/\\\/www.ortidimare.it\\\/de\\\/#organization\",\"name\":\"Orti di Mare\",\"url\":\"https:\\\/\\\/www.ortidimare.it\\\/de\\\/\",\"logo\":{\"@type\":\"ImageObject\",\"inLanguage\":\"de\",\"@id\":\"https:\\\/\\\/www.ortidimare.it\\\/de\\\/#\\\/schema\\\/logo\\\/image\\\/\",\"url\":\"https:\\\/\\\/www.ortidimare.it\\\/wp-content\\\/uploads\\\/logo.jpg\",\"contentUrl\":\"https:\\\/\\\/www.ortidimare.it\\\/wp-content\\\/uploads\\\/logo.jpg\",\"width\":600,\"height\":600,\"caption\":\"Orti di Mare\"},\"image\":{\"@id\":\"https:\\\/\\\/www.ortidimare.it\\\/de\\\/#\\\/schema\\\/logo\\\/image\\\/\"}}]}<\/script>\n<!-- \/ Yoast SEO plugin. -->","yoast_head_json":{"title":"Scopri la nostra area benessere","description":"Massaggi ayurvedici-yoga, bio-lifting e trattamenti personalizzati con operatrici esperte. Esperienza di relax e rigenerazione totale.","robots":{"index":"index","follow":"follow","max-snippet":"max-snippet:-1","max-image-preview":"max-image-preview:large","max-video-preview":"max-video-preview:-1"},"canonical":"https:\/\/www.ortidimare.it\/de\/wellnessbereich\/","og_locale":"de_DE","og_type":"article","og_title":"Scopri la nostra area benessere","og_description":"Massaggi ayurvedici-yoga, bio-lifting e trattamenti personalizzati con operatrici esperte. Esperienza di relax e rigenerazione totale.","og_url":"https:\/\/www.ortidimare.it\/de\/wellnessbereich\/","og_site_name":"Orti di Mare","article_modified_time":"2026-04-15T13:13:13+00:00","og_image":[{"width":217,"height":217,"url":"https:\/\/www.ortidimare.it\/wp-content\/uploads\/2015\/03\/bott-m.png","type":"image\/png"}],"twitter_misc":{"Gesch\u00e4tzte Lesezeit":"2\u00a0Minuten"},"schema":{"@context":"https:\/\/schema.org","@graph":[{"@type":"WebPage","@id":"https:\/\/www.ortidimare.it\/de\/wellnessbereich\/","url":"https:\/\/www.ortidimare.it\/de\/wellnessbereich\/","name":"Scopri la nostra area benessere","isPartOf":{"@id":"https:\/\/www.ortidimare.it\/de\/#website"},"primaryImageOfPage":{"@id":"https:\/\/www.ortidimare.it\/de\/wellnessbereich\/#primaryimage"},"image":{"@id":"https:\/\/www.ortidimare.it\/de\/wellnessbereich\/#primaryimage"},"thumbnailUrl":"https:\/\/www.ortidimare.it\/wp-content\/uploads\/2015\/03\/bott-m.png","datePublished":"2026-04-15T08:44:19+00:00","dateModified":"2026-04-15T13:13:13+00:00","description":"Massaggi ayurvedici-yoga, bio-lifting e trattamenti personalizzati con operatrici esperte. Esperienza di relax e rigenerazione totale.","breadcrumb":{"@id":"https:\/\/www.ortidimare.it\/de\/wellnessbereich\/#breadcrumb"},"inLanguage":"de","potentialAction":[{"@type":"ReadAction","target":["https:\/\/www.ortidimare.it\/de\/wellnessbereich\/"]}]},{"@type":"ImageObject","inLanguage":"de","@id":"https:\/\/www.ortidimare.it\/de\/wellnessbereich\/#primaryimage","url":"https:\/\/www.ortidimare.it\/wp-content\/uploads\/2015\/03\/bott-m.png","contentUrl":"https:\/\/www.ortidimare.it\/wp-content\/uploads\/2015\/03\/bott-m.png","width":217,"height":217},{"@type":"BreadcrumbList","@id":"https:\/\/www.ortidimare.it\/de\/wellnessbereich\/#breadcrumb","itemListElement":[{"@type":"ListItem","position":1,"name":"Home","item":"https:\/\/www.ortidimare.it\/de\/"},{"@type":"ListItem","position":2,"name":"Wellnessbereich"}]},{"@type":"WebSite","@id":"https:\/\/www.ortidimare.it\/de\/#website","url":"https:\/\/www.ortidimare.it\/de\/","name":"Orti di Mare","description":"Lacona - Isola d&#039;Elba","publisher":{"@id":"https:\/\/www.ortidimare.it\/de\/#organization"},"potentialAction":[{"@type":"SearchAction","target":{"@type":"EntryPoint","urlTemplate":"https:\/\/www.ortidimare.it\/de\/?s={search_term_string}"},"query-input":{"@type":"PropertyValueSpecification","valueRequired":true,"valueName":"search_term_string"}}],"inLanguage":"de"},{"@type":"Organization","@id":"https:\/\/www.ortidimare.it\/de\/#organization","name":"Orti di Mare","url":"https:\/\/www.ortidimare.it\/de\/","logo":{"@type":"ImageObject","inLanguage":"de","@id":"https:\/\/www.ortidimare.it\/de\/#\/schema\/logo\/image\/","url":"https:\/\/www.ortidimare.it\/wp-content\/uploads\/logo.jpg","contentUrl":"https:\/\/www.ortidimare.it\/wp-content\/uploads\/logo.jpg","width":600,"height":600,"caption":"Orti di Mare"},"image":{"@id":"https:\/\/www.ortidimare.it\/de\/#\/schema\/logo\/image\/"}}]}},"_links":{"self":[{"href":"https:\/\/www.ortidimare.it\/de\/wp-json\/wp\/v2\/pages\/39173","targetHints":{"allow":["GET"]}}],"collection":[{"href":"https:\/\/www.ortidimare.it\/de\/wp-json\/wp\/v2\/pages"}],"about":[{"href":"https:\/\/www.ortidimare.it\/de\/wp-json\/wp\/v2\/types\/page"}],"author":[{"embeddable":true,"href":"https:\/\/www.ortidimare.it\/de\/wp-json\/wp\/v2\/users\/7"}],"replies":[{"embeddable":true,"href":"https:\/\/www.ortidimare.it\/de\/wp-json\/wp\/v2\/comments?post=39173"}],"version-history":[{"count":5,"href":"https:\/\/www.ortidimare.it\/de\/wp-json\/wp\/v2\/pages\/39173\/revisions"}],"predecessor-version":[{"id":39202,"href":"https:\/\/www.ortidimare.it\/de\/wp-json\/wp\/v2\/pages\/39173\/revisions\/39202"}],"wp:featuredmedia":[{"embeddable":true,"href":"https:\/\/www.ortidimare.it\/de\/wp-json\/wp\/v2\/media\/22377"}],"wp:attachment":[{"href":"https:\/\/www.ortidimare.it\/de\/wp-json\/wp\/v2\/media?parent=39173"}],"curies":[{"name":"wp","href":"https:\/\/api.w.org\/{rel}","templated":true}]}}