{"id":37994,"date":"2026-02-11T16:11:17","date_gmt":"2026-02-11T15:11:17","guid":{"rendered":"https:\/\/www.ortidimare.it\/indice\/"},"modified":"2026-03-27T09:43:33","modified_gmt":"2026-03-27T08:43:33","slug":"wegverlauf","status":"publish","type":"page","link":"https:\/\/www.ortidimare.it\/de\/blumenpfad\/wegverlauf\/","title":{"rendered":"Wegverlauf"},"content":{"rendered":"<p><strong>Innerhalb des Landguts \u201eTenuta Orti di Mare\u201c<\/strong> schl\u00e4ngelt sich ein <strong>ein Kilometer langer Fu\u00dfweg<\/strong>: DER PFAD DER MEERESG\u00c4RTEN (<em>IL PERCORSO DEI GIARDINI DI MARE<\/em>). Beim Begehen <strong>durchquert man kurze Abschnitte und Parzellen von Garigue, Macchia,\u00a0Olivenhainen\u00a0und frisch angepflanzten\u00a0W\u00e4ldchen<\/strong>. Ein Teil des Weges f\u00fchrt durch ein Areal, das urspr\u00fcnglich f\u00fcr neue Wohnbebauungen vorgesehen war, stattdessen aber von uns erworben und f\u00fcr den Anbau sowie die\u00a0Vegetationswiederherstellung bestimmt wurde.<\/p>\n<p>Um den Besuchern die M\u00f6glichkeit zu geben, eine gr\u00f6\u00dfere Vertrautheit mit den ausdauernden Pflanzenarten (B\u00e4ume und Str\u00e4ucher) zu entwickeln, denen man entlang des Weges begegnet, <strong>wurden Schilder aufgestellt, die die Hauptmerkmale der 33 vorhandenen Pflanzen erl\u00e4utern<\/strong>. Entlang des Pfades befinden sich zudem <strong>einige Infopunkte, die den Best\u00e4ubern und Bienen, der Biodiversit\u00e4t, den\u00a0invasiven Pflanzen<\/strong> <strong>und den<\/strong>\u00a0<strong>Arealen<\/strong>\u00a0<strong>gewidmet sind<\/strong> \u2013 also den Ursprungsgebieten der Pflanzenarten, die die Hauptrolle auf diesem Weg spielen. In der N\u00e4he unseres Bereichs \u201eConvivium\u201c (Markt-Caf\u00e9-Bistro) gibt es einen <strong>Informationspunkt \u00fcber die Flora, die Mineralien, das Meer, die Geschichte und Weiteres von Lacona und Elba<\/strong>.<\/p>\n<p><strong>Der Pfad ist fester Bestandteil des Angebots f\u00fcr unsere G\u00e4ste<\/strong>, <strong>steht aber auch externen Besuchern offen<\/strong> \u2013 mit der dringenden Bitte, streng auf dem Weg zu bleiben, da die \u00fcbrigen Bereiche der Beherbergung und dem Anbau vorbehalten sind. <strong>Externe Besucher k\u00f6nnen den Pfad vom Markt-Gastronomie-Bereich<\/strong> (im Norden des Landguts, in der Via dei Vigneti) <strong>und von der Via del Golfo<\/strong> (im S\u00fcden des Landguts) <strong>betreten<\/strong>; dort durch das Tor oberhalb der Stra\u00dfe in der N\u00e4he des Schildes \u201eTenuta Orti di Mare\u201c, das sich gegen\u00fcber dem kleinen Weg zum Umweltbildungszentrum der D\u00fcnen von Lacona befindet.<\/p>\n","protected":false},"excerpt":{"rendered":"<p>Innerhalb des Landguts \u201eTenuta Orti di Mare\u201c schl\u00e4ngelt sich ein ein Kilometer langer Fu\u00dfweg: DER&#8230;<\/p>\n","protected":false},"author":7,"featured_media":0,"parent":38381,"menu_order":0,"comment_status":"closed","ping_status":"closed","template":"page-percorso-floristico.php","meta":{"footnotes":""},"class_list":["post-37994","page","type-page","status-publish","hentry"],"yoast_head":"<!-- This site is optimized with the Yoast SEO plugin v27.2 - https:\/\/yoast.com\/product\/yoast-seo-wordpress\/ -->\n<title>Wegverlauf - Orti di Mare<\/title>\n<meta name=\"robots\" content=\"index, follow, max-snippet:-1, max-image-preview:large, max-video-preview:-1\" \/>\n<link rel=\"canonical\" href=\"https:\/\/www.ortidimare.it\/de\/blumenpfad\/wegverlauf\/\" \/>\n<meta property=\"og:locale\" content=\"de_DE\" \/>\n<meta property=\"og:type\" content=\"article\" \/>\n<meta property=\"og:title\" content=\"Wegverlauf - Orti di Mare\" \/>\n<meta property=\"og:description\" content=\"Innerhalb des Landguts \u201eTenuta Orti di Mare\u201c schl\u00e4ngelt sich ein ein Kilometer langer Fu\u00dfweg: DER...\" \/>\n<meta property=\"og:url\" content=\"https:\/\/www.ortidimare.it\/de\/blumenpfad\/wegverlauf\/\" \/>\n<meta property=\"og:site_name\" content=\"Orti di Mare\" \/>\n<meta property=\"article:modified_time\" content=\"2026-03-27T08:43:33+00:00\" \/>\n<meta property=\"og:image\" content=\"https:\/\/www.ortidimare.it\/wp-content\/uploads\/2015\/04\/14915199_1362143753858484_2660690015671577933_n1.jpg\" \/>\n\t<meta property=\"og:image:width\" content=\"720\" \/>\n\t<meta property=\"og:image:height\" content=\"540\" \/>\n\t<meta property=\"og:image:type\" content=\"image\/jpeg\" \/>\n<meta name=\"twitter:label1\" content=\"Gesch\u00e4tzte Lesezeit\" \/>\n\t<meta name=\"twitter:data1\" content=\"2\u00a0Minuten\" \/>\n<script type=\"application\/ld+json\" class=\"yoast-schema-graph\">{\"@context\":\"https:\/\/schema.org\",\"@graph\":[{\"@type\":\"WebPage\",\"@id\":\"https:\/\/www.ortidimare.it\/de\/blumenpfad\/wegverlauf\/\",\"url\":\"https:\/\/www.ortidimare.it\/de\/blumenpfad\/wegverlauf\/\",\"name\":\"Wegverlauf - Orti di Mare\",\"isPartOf\":{\"@id\":\"https:\/\/www.ortidimare.it\/de\/#website\"},\"datePublished\":\"2026-02-11T15:11:17+00:00\",\"dateModified\":\"2026-03-27T08:43:33+00:00\",\"breadcrumb\":{\"@id\":\"https:\/\/www.ortidimare.it\/de\/blumenpfad\/wegverlauf\/#breadcrumb\"},\"inLanguage\":\"de\",\"potentialAction\":[{\"@type\":\"ReadAction\",\"target\":[\"https:\/\/www.ortidimare.it\/de\/blumenpfad\/wegverlauf\/\"]}]},{\"@type\":\"BreadcrumbList\",\"@id\":\"https:\/\/www.ortidimare.it\/de\/blumenpfad\/wegverlauf\/#breadcrumb\",\"itemListElement\":[{\"@type\":\"ListItem\",\"position\":1,\"name\":\"Home\",\"item\":\"https:\/\/www.ortidimare.it\/de\/\"},{\"@type\":\"ListItem\",\"position\":2,\"name\":\"Blumenpfad\",\"item\":\"https:\/\/www.ortidimare.it\/de\/blumenpfad\/\"},{\"@type\":\"ListItem\",\"position\":3,\"name\":\"Wegverlauf\"}]},{\"@type\":\"WebSite\",\"@id\":\"https:\/\/www.ortidimare.it\/de\/#website\",\"url\":\"https:\/\/www.ortidimare.it\/de\/\",\"name\":\"Orti di Mare\",\"description\":\"Lacona - Isola d&#039;Elba\",\"publisher\":{\"@id\":\"https:\/\/www.ortidimare.it\/de\/#organization\"},\"potentialAction\":[{\"@type\":\"SearchAction\",\"target\":{\"@type\":\"EntryPoint\",\"urlTemplate\":\"https:\/\/www.ortidimare.it\/de\/?s={search_term_string}\"},\"query-input\":{\"@type\":\"PropertyValueSpecification\",\"valueRequired\":true,\"valueName\":\"search_term_string\"}}],\"inLanguage\":\"de\"},{\"@type\":\"Organization\",\"@id\":\"https:\/\/www.ortidimare.it\/de\/#organization\",\"name\":\"Orti di Mare\",\"url\":\"https:\/\/www.ortidimare.it\/de\/\",\"logo\":{\"@type\":\"ImageObject\",\"inLanguage\":\"de\",\"@id\":\"https:\/\/www.ortidimare.it\/de\/#\/schema\/logo\/image\/\",\"url\":\"https:\/\/www.ortidimare.it\/wp-content\/uploads\/logo.jpg\",\"contentUrl\":\"https:\/\/www.ortidimare.it\/wp-content\/uploads\/logo.jpg\",\"width\":600,\"height\":600,\"caption\":\"Orti di Mare\"},\"image\":{\"@id\":\"https:\/\/www.ortidimare.it\/de\/#\/schema\/logo\/image\/\"}}]}<\/script>\n<!-- \/ Yoast SEO plugin. -->","yoast_head_json":{"title":"Wegverlauf - Orti di Mare","robots":{"index":"index","follow":"follow","max-snippet":"max-snippet:-1","max-image-preview":"max-image-preview:large","max-video-preview":"max-video-preview:-1"},"canonical":"https:\/\/www.ortidimare.it\/de\/blumenpfad\/wegverlauf\/","og_locale":"de_DE","og_type":"article","og_title":"Wegverlauf - Orti di Mare","og_description":"Innerhalb des Landguts \u201eTenuta Orti di Mare\u201c schl\u00e4ngelt sich ein ein Kilometer langer Fu\u00dfweg: DER...","og_url":"https:\/\/www.ortidimare.it\/de\/blumenpfad\/wegverlauf\/","og_site_name":"Orti di Mare","article_modified_time":"2026-03-27T08:43:33+00:00","og_image":[{"width":720,"height":540,"url":"https:\/\/www.ortidimare.it\/wp-content\/uploads\/2015\/04\/14915199_1362143753858484_2660690015671577933_n1.jpg","type":"image\/jpeg"}],"twitter_misc":{"Gesch\u00e4tzte Lesezeit":"2\u00a0Minuten"},"schema":{"@context":"https:\/\/schema.org","@graph":[{"@type":"WebPage","@id":"https:\/\/www.ortidimare.it\/de\/blumenpfad\/wegverlauf\/","url":"https:\/\/www.ortidimare.it\/de\/blumenpfad\/wegverlauf\/","name":"Wegverlauf - Orti di Mare","isPartOf":{"@id":"https:\/\/www.ortidimare.it\/de\/#website"},"datePublished":"2026-02-11T15:11:17+00:00","dateModified":"2026-03-27T08:43:33+00:00","breadcrumb":{"@id":"https:\/\/www.ortidimare.it\/de\/blumenpfad\/wegverlauf\/#breadcrumb"},"inLanguage":"de","potentialAction":[{"@type":"ReadAction","target":["https:\/\/www.ortidimare.it\/de\/blumenpfad\/wegverlauf\/"]}]},{"@type":"BreadcrumbList","@id":"https:\/\/www.ortidimare.it\/de\/blumenpfad\/wegverlauf\/#breadcrumb","itemListElement":[{"@type":"ListItem","position":1,"name":"Home","item":"https:\/\/www.ortidimare.it\/de\/"},{"@type":"ListItem","position":2,"name":"Blumenpfad","item":"https:\/\/www.ortidimare.it\/de\/blumenpfad\/"},{"@type":"ListItem","position":3,"name":"Wegverlauf"}]},{"@type":"WebSite","@id":"https:\/\/www.ortidimare.it\/de\/#website","url":"https:\/\/www.ortidimare.it\/de\/","name":"Orti di Mare","description":"Lacona - Isola d&#039;Elba","publisher":{"@id":"https:\/\/www.ortidimare.it\/de\/#organization"},"potentialAction":[{"@type":"SearchAction","target":{"@type":"EntryPoint","urlTemplate":"https:\/\/www.ortidimare.it\/de\/?s={search_term_string}"},"query-input":{"@type":"PropertyValueSpecification","valueRequired":true,"valueName":"search_term_string"}}],"inLanguage":"de"},{"@type":"Organization","@id":"https:\/\/www.ortidimare.it\/de\/#organization","name":"Orti di Mare","url":"https:\/\/www.ortidimare.it\/de\/","logo":{"@type":"ImageObject","inLanguage":"de","@id":"https:\/\/www.ortidimare.it\/de\/#\/schema\/logo\/image\/","url":"https:\/\/www.ortidimare.it\/wp-content\/uploads\/logo.jpg","contentUrl":"https:\/\/www.ortidimare.it\/wp-content\/uploads\/logo.jpg","width":600,"height":600,"caption":"Orti di Mare"},"image":{"@id":"https:\/\/www.ortidimare.it\/de\/#\/schema\/logo\/image\/"}}]}},"_links":{"self":[{"href":"https:\/\/www.ortidimare.it\/de\/wp-json\/wp\/v2\/pages\/37994","targetHints":{"allow":["GET"]}}],"collection":[{"href":"https:\/\/www.ortidimare.it\/de\/wp-json\/wp\/v2\/pages"}],"about":[{"href":"https:\/\/www.ortidimare.it\/de\/wp-json\/wp\/v2\/types\/page"}],"author":[{"embeddable":true,"href":"https:\/\/www.ortidimare.it\/de\/wp-json\/wp\/v2\/users\/7"}],"replies":[{"embeddable":true,"href":"https:\/\/www.ortidimare.it\/de\/wp-json\/wp\/v2\/comments?post=37994"}],"version-history":[{"count":5,"href":"https:\/\/www.ortidimare.it\/de\/wp-json\/wp\/v2\/pages\/37994\/revisions"}],"predecessor-version":[{"id":38920,"href":"https:\/\/www.ortidimare.it\/de\/wp-json\/wp\/v2\/pages\/37994\/revisions\/38920"}],"up":[{"embeddable":true,"href":"https:\/\/www.ortidimare.it\/de\/wp-json\/wp\/v2\/pages\/38381"}],"wp:attachment":[{"href":"https:\/\/www.ortidimare.it\/de\/wp-json\/wp\/v2\/media?parent=37994"}],"curies":[{"name":"wp","href":"https:\/\/api.w.org\/{rel}","templated":true}]}}