{"id":37986,"date":"2026-02-11T14:30:35","date_gmt":"2026-02-11T13:30:35","guid":{"rendered":"https:\/\/www.ortidimare.it\/areali\/"},"modified":"2026-03-27T09:44:23","modified_gmt":"2026-03-27T08:44:23","slug":"verbreitungsgebiete","status":"publish","type":"page","link":"https:\/\/www.ortidimare.it\/de\/blumenpfad\/verbreitungsgebiete\/","title":{"rendered":"VERBREITUNGSGEBIETE"},"content":{"rendered":"<p><strong>Kosmopolitische Pflanzen<\/strong>\u00a0(<strong>wie Quecken oder einige\u00a0Brennesselarten\u00a0<em>Urtica<\/em><\/strong>) <strong>sind auf der ganzen Welt verbreitet, w\u00e4hrend andere Pflanzen ein spezifisches Ursprungsgebiet haben, ein eigenes Areal<\/strong>. <strong>Das<\/strong>\u00a0<strong>AREAL<\/strong>\u00a0<strong>ist das geografische Gebiet, in dem eine Pflanze spontan (nat\u00fcrlicherweise) vorkommt<\/strong>. <strong>Den verschiedenen Arealen wurden spezifische Namen zugewiesen*<\/strong>. Die Aussage, <strong>eine Pflanze habe ein \u201esteno-mediterranes\u201c Areal<\/strong>, bedeutet zum Beispiel, dass sie typisch f\u00fcr das engere Mittelmeergebiet ist. <strong>Eine Pflanze mit \u201eeuri-mediterranem\u201c Areal<\/strong> findet sich hingegen im Mittelmeerraum, aber auch in den angrenzenden Gebieten im Norden und Osten.<\/p>\n<p><img loading=\"lazy\" decoding=\"async\" class=\"aligncenter size-large wp-image-38352\" src=\"https:\/\/www.ortidimare.it\/wp-content\/uploads\/Areale-Stenomediterraneo-Pignatti-1994-2-w-1024x569.jpg\" alt=\"\" width=\"1024\" height=\"569\" srcset=\"https:\/\/www.ortidimare.it\/wp-content\/uploads\/Areale-Stenomediterraneo-Pignatti-1994-2-w-1024x569.jpg 1024w, https:\/\/www.ortidimare.it\/wp-content\/uploads\/Areale-Stenomediterraneo-Pignatti-1994-2-w-300x167.jpg 300w, https:\/\/www.ortidimare.it\/wp-content\/uploads\/Areale-Stenomediterraneo-Pignatti-1994-2-w-768x427.jpg 768w, https:\/\/www.ortidimare.it\/wp-content\/uploads\/Areale-Stenomediterraneo-Pignatti-1994-2-w-1536x853.jpg 1536w, https:\/\/www.ortidimare.it\/wp-content\/uploads\/Areale-Stenomediterraneo-Pignatti-1994-2-w-2048x1138.jpg 2048w, https:\/\/www.ortidimare.it\/wp-content\/uploads\/Areale-Stenomediterraneo-Pignatti-1994-2-w-700x389.jpg 700w\" sizes=\"auto, (max-width: 1024px) 100vw, 1024px\" \/><\/p>\n<p><strong>Von den 33 Pflanzen, die auf dem Pfad \u201eSea Gardens\u201c von Orti di Mare vorgestellt werden, stammen 29 aus dem Mittelmeerraum<\/strong> (17 sind rein mediterran, 12 kommen auch in anderen Gebieten vor), <strong>3 sind europ\u00e4isch und eine ist eine<\/strong>\u00a0<strong>Exotin<\/strong>. Unseren Weg zu begehen bedeutet also, einen Gro\u00dfteil der f\u00fcr das mediterrane Klima und insbesondere f\u00fcr die Insel Elba typischen Baum- und Straucharten kennenzulernen.<\/p>\n<p><strong><u>MEDITERRAN (im engeren Sinne)<\/u><\/strong><\/p>\n<p>Die Mehrheit der Pflanzen (17), denen man entlang des Pfades begegnet, ist typisch f\u00fcr das\u00a0<strong>steno-mediterrane Areal<\/strong>. Das bedeutet, es handelt sich um Pflanzen, die im Wildzustand strikt auf den Mittelmeerraum begrenzt vorkommen. Dies ist das typische Verbreitungsgebiet des Olivenbaums.<\/p>\n<ul>\n<li><strong>Stechpalmen-Kreuzdorn<\/strong>&#8211; <em>Rhamnus alaternus<\/em>\u00a0 subsp.\u00a0<em>alaternus<\/em><\/li>\n<li><strong>Echter Lorbeer<\/strong>&#8211; <em>Laurus nobilis<\/em><\/li>\n<li><strong>Windendes Gei\u00dfblatt<\/strong>&#8211; <em>Lonicera implexa<\/em>\u00a0Aiton subsp.\u00a0<em>implexa<\/em><\/li>\n<li><strong>Salbeibl\u00e4ttrige Zistrose<\/strong>&#8211; <em>Cistus salviifolius<\/em><\/li>\n<li><strong>Graubehaarte Zistrose<\/strong>&#8211; <em><strong>Cistus creticus<\/strong><\/em><strong>\u00a0<\/strong><strong> subsp.<\/strong><strong>\u00a0<\/strong><em><strong>eriocephalus<\/strong><\/em><strong>\u00a0<\/strong><strong>(Viv.) Greuter &amp; Burdet<\/strong><\/li>\n<li><strong>Westlicher Erdbeerbaum<\/strong>&#8211; <em>Arbutus unedo<\/em><\/li>\n<li><strong>Schmalbl\u00e4ttrige Steinlinde<\/strong>&#8211; <em>Phillyrea angustifolia<\/em><\/li>\n<li><strong>Schopf-Lavendel<\/strong>&#8211; <em>Lavandula stoechas<\/em>\u00a0 subsp.\u00a0<em>stoechas<\/em><\/li>\n<li><strong>Steineiche<\/strong>&#8211; <em>Quercus ilex<\/em><\/li>\n<li><strong>Myrte<\/strong>&#8211; <em>Myrtus communis<\/em><\/li>\n<li><strong>Wilder Olivenbaum<\/strong>&#8211; <em>Olea europaea<\/em>\u00a0\u00a0<em>sylvestris<\/em><\/li>\n<li><strong>Aleppo-Kiefer<\/strong>&#8211; <em>Pinus halepensis<\/em><\/li>\n<li><strong>Rosmarin<\/strong>&#8211; <em>Salvia rosmarinus<\/em><\/li>\n<li><strong>Stechender Dornginster<\/strong>&#8211; <em>Cytisus spinosus<\/em>\u00a0(L.) Lam.<\/li>\n<li><strong>Korkeiche<\/strong>&#8211; <em>Quercus suber<\/em><\/li>\n<li><strong>Dissgras<\/strong>&#8211; <em>Ampelodesmos mauritanicus<\/em>\u00a0(Poir.) T.Durand &amp; Schinz<\/li>\n<li><strong>Mittelmeer-Schneeball<\/strong>&#8211; <em>Viburnum tinus<\/em>\u00a0 subsp.\u00a0<em>tinus<\/em><\/li>\n<\/ul>\n<p><strong><u>ERWEITERTES MITTELMEERGEBIET<\/u><\/strong><\/p>\n<p>Die 5 Pflanzen dieser Gruppe (<strong>Euri-mediterran<\/strong>) haben ihr Hauptverbreitungsgebiet an den Mittelmeerk\u00fcsten, das sich jedoch in die angrenzenden Gebiete im Norden und Osten ausdehnen kann \u2013 dies ist das typische Areal der\u00a0<strong>Weinrebe<\/strong>.<\/p>\n<ul>\n<li><strong>Pfriemenginster<\/strong>&#8211; <em>Spartium junceum<\/em><\/li>\n<li><strong>Schirmkiefer<\/strong>&#8211; <em>Pinus pinea<\/em><\/li>\n<li><strong>Europ\u00e4ischer Z\u00fcrgelbaum<\/strong>&#8211; <em>Celtis australis<\/em>\u00a0 subsp.\u00a0<em>australis<\/em><\/li>\n<li><strong>Italienische Zypresse<\/strong>&#8211; <em>Cupressus sempervirens<\/em><\/li>\n<li><strong>Manna-Esche<\/strong>&#8211; <em>Fraxinus ornus<\/em>\u00a0 subsp.\u00a0<em>ornus<\/em><\/li>\n<\/ul>\n<p><strong><u>MITTELMEERRAUM UND MAKARONESIEN<\/u><\/strong><\/p>\n<p>Diese 3 Pflanzen sind typisch f\u00fcr die Mittelmeerk\u00fcsten und\u00a0<strong>Makaronesien<\/strong>\u00a0\u2013 jenes Inselsystem, das die Inselgruppen Madeira, Azoren, Kanaren und die Kapverdischen Inseln umfasst.<\/p>\n<ul>\n<li><strong>Schmalbl\u00e4ttrige Zistrose<\/strong>&#8211; <em>Cistus monspeliensis<\/em><\/li>\n<li><strong>Montpellier-Ginster<\/strong>&#8211; <em>Genista monspessulana<\/em>\u00a0(L.) L.A.S.Johnson<\/li>\n<li><strong>Mastixstrauch<\/strong>&#8211; <em>Pistacia lentiscus<\/em><\/li>\n<\/ul>\n<p><strong>\u00a0<\/strong><strong><u>MITTELMEERRAUM UND WEITERE ZONEN<\/u><\/strong><\/p>\n<p>Diese Gruppe umfasst Pflanzen mit einem Verbreitungsgebiet an den Mittelmeerk\u00fcsten, die jedoch gleichzeitig auch an den Atlantikk\u00fcsten (<strong>Baumheide<\/strong>\u00a0und\u00a0<strong>Oleander<\/strong>), in S\u00fcdeuropa (<strong>italienische Strohblume<\/strong>) sowie in Westeuropa und dar\u00fcber hinaus nach Westen (<strong>Efeu<\/strong>) vorkommen.<\/p>\n<ul>\n<li><strong>Efeu<\/strong>&#8211; <em>Hedera helix<\/em>\u00a0 subsp.\u00a0<em>helix<\/em><\/li>\n<li><strong>Italienische Strohblume<\/strong>&#8211; <em>Helichrysum italicum<\/em>\u00a0(Roth) G.Don<\/li>\n<li><strong>Baumheide<\/strong>&#8211; <em>Erica arborea<\/em><\/li>\n<li><strong>Oleander<\/strong>&#8211; <em>Nerium oleander<\/em>\u00a0 subsp.\u00a0<em>oleander<\/em><\/li>\n<\/ul>\n<p><strong>\u00a0<\/strong><strong>EUROPA UND WEITERE ZONEN<\/strong><\/p>\n<p>Das Verbreitungsgebiet dieser 3 Pflanzen umfasst Europa, erstreckt sich aber bis nach Asien und Nordafrika (<strong>Wei\u00dfdorn<\/strong>), in den Schwarzmeerraum (<strong>Flaumeiche<\/strong>) und nach Westasien (<strong>Judasbaum<\/strong>).<\/p>\n<ul>\n<li><strong>Wei\u00dfdorn<\/strong>&#8211; <em>Crataegus monogyna<\/em><\/li>\n<li><strong>Flaumeiche<\/strong>&#8211; <em>Quercus pubescens<\/em>\u00a0 subsp.\u00a0<em>pubescens<\/em><\/li>\n<li><strong>Judasbaum<\/strong>&#8211; <em>Cercis siliquastrum<\/em>\u00a0 subsp.\u00a0<em>siliquastrum<\/em><\/li>\n<\/ul>\n<p><strong>NATURALISIERTE EXOTIN<\/strong><\/p>\n<p>Schlie\u00dflich eine Pflanze, deren Areal im tropischen Amerika liegt und die somit\u00a0gebietsfremd ist, da sie vom Menschen aus ihrem historischen Verbreitungsgebiet herausgef\u00fchrt wurde. Diese Pflanze ist auf der Insel Elba praktisch\u00a0<strong>naturalisiert<\/strong>, ohne bisher die insulare Biodiversit\u00e4t negativ zu beeinflussen. Aus diesem Grund wird sie von uns nicht als\u00a0<strong>invasiv<\/strong>\u00a0eingestuft.<\/p>\n<ul>\n<li><strong>Feigenkaktus<\/strong>&#8211; <em>Opuntia ficus-indica<\/em>\u00a0(L.) Mill.<\/li>\n<\/ul>\n<p><strong>\u00a0<\/strong><\/p>\n<hr \/>\n<p><strong>* Zur Definition der Verbreitungsgebiete werden\u00a0Korotypen\u00a0verwendet. Dabei handelt es sich um r\u00e4umliche Kategorien, die im Rahme der\u00a0Pflanzengeographie geschaffen wurden, um eine Reihe von Merkmalen zu untersuchen. So umfasst beispielsweise der\u00a0steno-mediterrane Korotyp ausschlie\u00dflich den Mittelmeerraum, w\u00e4hrend der\u00a0euri-mediterrane Korotyp\u00a0die Mittelmeerk\u00fcsten mit Ausl\u00e4ufern nach Norden und Osten einschlie\u00dft.<\/strong><\/p>\n","protected":false},"excerpt":{"rendered":"<p>Kosmopolitische Pflanzen\u00a0(wie Quecken oder einige\u00a0Brennesselarten\u00a0Urtica) sind auf der ganzen Welt verbreitet, w\u00e4hrend andere Pflanzen ein&#8230;<\/p>\n","protected":false},"author":7,"featured_media":0,"parent":38381,"menu_order":0,"comment_status":"closed","ping_status":"closed","template":"page-percorso-floristico.php","meta":{"footnotes":""},"class_list":["post-37986","page","type-page","status-publish","hentry"],"yoast_head":"<!-- This site is optimized with the Yoast SEO plugin v27.2 - https:\/\/yoast.com\/product\/yoast-seo-wordpress\/ -->\n<title>VERBREITUNGSGEBIETE - Orti di Mare<\/title>\n<meta name=\"robots\" content=\"index, follow, max-snippet:-1, max-image-preview:large, max-video-preview:-1\" \/>\n<link rel=\"canonical\" href=\"https:\/\/www.ortidimare.it\/de\/blumenpfad\/verbreitungsgebiete\/\" \/>\n<meta property=\"og:locale\" content=\"de_DE\" \/>\n<meta property=\"og:type\" content=\"article\" \/>\n<meta property=\"og:title\" content=\"VERBREITUNGSGEBIETE - Orti di Mare\" \/>\n<meta property=\"og:description\" content=\"Kosmopolitische Pflanzen\u00a0(wie Quecken oder einige\u00a0Brennesselarten\u00a0Urtica) sind auf der ganzen Welt verbreitet, w\u00e4hrend andere Pflanzen ein...\" \/>\n<meta property=\"og:url\" content=\"https:\/\/www.ortidimare.it\/de\/blumenpfad\/verbreitungsgebiete\/\" \/>\n<meta property=\"og:site_name\" content=\"Orti di Mare\" \/>\n<meta property=\"article:modified_time\" content=\"2026-03-27T08:44:23+00:00\" \/>\n<meta property=\"og:image\" content=\"https:\/\/www.ortidimare.it\/wp-content\/uploads\/Areale-Stenomediterraneo-Pignatti-1994-2-w-scaled.jpg\" \/>\n\t<meta property=\"og:image:width\" content=\"2560\" \/>\n\t<meta property=\"og:image:height\" content=\"1422\" \/>\n\t<meta property=\"og:image:type\" content=\"image\/jpeg\" \/>\n<meta name=\"twitter:label1\" content=\"Gesch\u00e4tzte Lesezeit\" \/>\n\t<meta name=\"twitter:data1\" content=\"4\u00a0Minuten\" \/>\n<script type=\"application\/ld+json\" class=\"yoast-schema-graph\">{\"@context\":\"https:\/\/schema.org\",\"@graph\":[{\"@type\":\"WebPage\",\"@id\":\"https:\/\/www.ortidimare.it\/de\/blumenpfad\/verbreitungsgebiete\/\",\"url\":\"https:\/\/www.ortidimare.it\/de\/blumenpfad\/verbreitungsgebiete\/\",\"name\":\"VERBREITUNGSGEBIETE - Orti di Mare\",\"isPartOf\":{\"@id\":\"https:\/\/www.ortidimare.it\/de\/#website\"},\"primaryImageOfPage\":{\"@id\":\"https:\/\/www.ortidimare.it\/de\/blumenpfad\/verbreitungsgebiete\/#primaryimage\"},\"image\":{\"@id\":\"https:\/\/www.ortidimare.it\/de\/blumenpfad\/verbreitungsgebiete\/#primaryimage\"},\"thumbnailUrl\":\"https:\/\/www.ortidimare.it\/wp-content\/uploads\/Areale-Stenomediterraneo-Pignatti-1994-2-w-1024x569.jpg\",\"datePublished\":\"2026-02-11T13:30:35+00:00\",\"dateModified\":\"2026-03-27T08:44:23+00:00\",\"breadcrumb\":{\"@id\":\"https:\/\/www.ortidimare.it\/de\/blumenpfad\/verbreitungsgebiete\/#breadcrumb\"},\"inLanguage\":\"de\",\"potentialAction\":[{\"@type\":\"ReadAction\",\"target\":[\"https:\/\/www.ortidimare.it\/de\/blumenpfad\/verbreitungsgebiete\/\"]}]},{\"@type\":\"ImageObject\",\"inLanguage\":\"de\",\"@id\":\"https:\/\/www.ortidimare.it\/de\/blumenpfad\/verbreitungsgebiete\/#primaryimage\",\"url\":\"https:\/\/www.ortidimare.it\/wp-content\/uploads\/Areale-Stenomediterraneo-Pignatti-1994-2-w-1024x569.jpg\",\"contentUrl\":\"https:\/\/www.ortidimare.it\/wp-content\/uploads\/Areale-Stenomediterraneo-Pignatti-1994-2-w-1024x569.jpg\"},{\"@type\":\"BreadcrumbList\",\"@id\":\"https:\/\/www.ortidimare.it\/de\/blumenpfad\/verbreitungsgebiete\/#breadcrumb\",\"itemListElement\":[{\"@type\":\"ListItem\",\"position\":1,\"name\":\"Home\",\"item\":\"https:\/\/www.ortidimare.it\/de\/\"},{\"@type\":\"ListItem\",\"position\":2,\"name\":\"Blumenpfad\",\"item\":\"https:\/\/www.ortidimare.it\/de\/blumenpfad\/\"},{\"@type\":\"ListItem\",\"position\":3,\"name\":\"VERBREITUNGSGEBIETE\"}]},{\"@type\":\"WebSite\",\"@id\":\"https:\/\/www.ortidimare.it\/de\/#website\",\"url\":\"https:\/\/www.ortidimare.it\/de\/\",\"name\":\"Orti di Mare\",\"description\":\"Lacona - Isola d&#039;Elba\",\"publisher\":{\"@id\":\"https:\/\/www.ortidimare.it\/de\/#organization\"},\"potentialAction\":[{\"@type\":\"SearchAction\",\"target\":{\"@type\":\"EntryPoint\",\"urlTemplate\":\"https:\/\/www.ortidimare.it\/de\/?s={search_term_string}\"},\"query-input\":{\"@type\":\"PropertyValueSpecification\",\"valueRequired\":true,\"valueName\":\"search_term_string\"}}],\"inLanguage\":\"de\"},{\"@type\":\"Organization\",\"@id\":\"https:\/\/www.ortidimare.it\/de\/#organization\",\"name\":\"Orti di Mare\",\"url\":\"https:\/\/www.ortidimare.it\/de\/\",\"logo\":{\"@type\":\"ImageObject\",\"inLanguage\":\"de\",\"@id\":\"https:\/\/www.ortidimare.it\/de\/#\/schema\/logo\/image\/\",\"url\":\"https:\/\/www.ortidimare.it\/wp-content\/uploads\/logo.jpg\",\"contentUrl\":\"https:\/\/www.ortidimare.it\/wp-content\/uploads\/logo.jpg\",\"width\":600,\"height\":600,\"caption\":\"Orti di Mare\"},\"image\":{\"@id\":\"https:\/\/www.ortidimare.it\/de\/#\/schema\/logo\/image\/\"}}]}<\/script>\n<!-- \/ Yoast SEO plugin. -->","yoast_head_json":{"title":"VERBREITUNGSGEBIETE - Orti di Mare","robots":{"index":"index","follow":"follow","max-snippet":"max-snippet:-1","max-image-preview":"max-image-preview:large","max-video-preview":"max-video-preview:-1"},"canonical":"https:\/\/www.ortidimare.it\/de\/blumenpfad\/verbreitungsgebiete\/","og_locale":"de_DE","og_type":"article","og_title":"VERBREITUNGSGEBIETE - Orti di Mare","og_description":"Kosmopolitische Pflanzen\u00a0(wie Quecken oder einige\u00a0Brennesselarten\u00a0Urtica) sind auf der ganzen Welt verbreitet, w\u00e4hrend andere Pflanzen ein...","og_url":"https:\/\/www.ortidimare.it\/de\/blumenpfad\/verbreitungsgebiete\/","og_site_name":"Orti di Mare","article_modified_time":"2026-03-27T08:44:23+00:00","og_image":[{"width":2560,"height":1422,"url":"https:\/\/www.ortidimare.it\/wp-content\/uploads\/Areale-Stenomediterraneo-Pignatti-1994-2-w-scaled.jpg","type":"image\/jpeg"}],"twitter_misc":{"Gesch\u00e4tzte Lesezeit":"4\u00a0Minuten"},"schema":{"@context":"https:\/\/schema.org","@graph":[{"@type":"WebPage","@id":"https:\/\/www.ortidimare.it\/de\/blumenpfad\/verbreitungsgebiete\/","url":"https:\/\/www.ortidimare.it\/de\/blumenpfad\/verbreitungsgebiete\/","name":"VERBREITUNGSGEBIETE - Orti di Mare","isPartOf":{"@id":"https:\/\/www.ortidimare.it\/de\/#website"},"primaryImageOfPage":{"@id":"https:\/\/www.ortidimare.it\/de\/blumenpfad\/verbreitungsgebiete\/#primaryimage"},"image":{"@id":"https:\/\/www.ortidimare.it\/de\/blumenpfad\/verbreitungsgebiete\/#primaryimage"},"thumbnailUrl":"https:\/\/www.ortidimare.it\/wp-content\/uploads\/Areale-Stenomediterraneo-Pignatti-1994-2-w-1024x569.jpg","datePublished":"2026-02-11T13:30:35+00:00","dateModified":"2026-03-27T08:44:23+00:00","breadcrumb":{"@id":"https:\/\/www.ortidimare.it\/de\/blumenpfad\/verbreitungsgebiete\/#breadcrumb"},"inLanguage":"de","potentialAction":[{"@type":"ReadAction","target":["https:\/\/www.ortidimare.it\/de\/blumenpfad\/verbreitungsgebiete\/"]}]},{"@type":"ImageObject","inLanguage":"de","@id":"https:\/\/www.ortidimare.it\/de\/blumenpfad\/verbreitungsgebiete\/#primaryimage","url":"https:\/\/www.ortidimare.it\/wp-content\/uploads\/Areale-Stenomediterraneo-Pignatti-1994-2-w-1024x569.jpg","contentUrl":"https:\/\/www.ortidimare.it\/wp-content\/uploads\/Areale-Stenomediterraneo-Pignatti-1994-2-w-1024x569.jpg"},{"@type":"BreadcrumbList","@id":"https:\/\/www.ortidimare.it\/de\/blumenpfad\/verbreitungsgebiete\/#breadcrumb","itemListElement":[{"@type":"ListItem","position":1,"name":"Home","item":"https:\/\/www.ortidimare.it\/de\/"},{"@type":"ListItem","position":2,"name":"Blumenpfad","item":"https:\/\/www.ortidimare.it\/de\/blumenpfad\/"},{"@type":"ListItem","position":3,"name":"VERBREITUNGSGEBIETE"}]},{"@type":"WebSite","@id":"https:\/\/www.ortidimare.it\/de\/#website","url":"https:\/\/www.ortidimare.it\/de\/","name":"Orti di Mare","description":"Lacona - Isola d&#039;Elba","publisher":{"@id":"https:\/\/www.ortidimare.it\/de\/#organization"},"potentialAction":[{"@type":"SearchAction","target":{"@type":"EntryPoint","urlTemplate":"https:\/\/www.ortidimare.it\/de\/?s={search_term_string}"},"query-input":{"@type":"PropertyValueSpecification","valueRequired":true,"valueName":"search_term_string"}}],"inLanguage":"de"},{"@type":"Organization","@id":"https:\/\/www.ortidimare.it\/de\/#organization","name":"Orti di Mare","url":"https:\/\/www.ortidimare.it\/de\/","logo":{"@type":"ImageObject","inLanguage":"de","@id":"https:\/\/www.ortidimare.it\/de\/#\/schema\/logo\/image\/","url":"https:\/\/www.ortidimare.it\/wp-content\/uploads\/logo.jpg","contentUrl":"https:\/\/www.ortidimare.it\/wp-content\/uploads\/logo.jpg","width":600,"height":600,"caption":"Orti di Mare"},"image":{"@id":"https:\/\/www.ortidimare.it\/de\/#\/schema\/logo\/image\/"}}]}},"_links":{"self":[{"href":"https:\/\/www.ortidimare.it\/de\/wp-json\/wp\/v2\/pages\/37986","targetHints":{"allow":["GET"]}}],"collection":[{"href":"https:\/\/www.ortidimare.it\/de\/wp-json\/wp\/v2\/pages"}],"about":[{"href":"https:\/\/www.ortidimare.it\/de\/wp-json\/wp\/v2\/types\/page"}],"author":[{"embeddable":true,"href":"https:\/\/www.ortidimare.it\/de\/wp-json\/wp\/v2\/users\/7"}],"replies":[{"embeddable":true,"href":"https:\/\/www.ortidimare.it\/de\/wp-json\/wp\/v2\/comments?post=37986"}],"version-history":[{"count":5,"href":"https:\/\/www.ortidimare.it\/de\/wp-json\/wp\/v2\/pages\/37986\/revisions"}],"predecessor-version":[{"id":38919,"href":"https:\/\/www.ortidimare.it\/de\/wp-json\/wp\/v2\/pages\/37986\/revisions\/38919"}],"up":[{"embeddable":true,"href":"https:\/\/www.ortidimare.it\/de\/wp-json\/wp\/v2\/pages\/38381"}],"wp:attachment":[{"href":"https:\/\/www.ortidimare.it\/de\/wp-json\/wp\/v2\/media?parent=37986"}],"curies":[{"name":"wp","href":"https:\/\/api.w.org\/{rel}","templated":true}]}}