{"id":36875,"date":"2025-05-14T12:42:03","date_gmt":"2025-05-14T10:42:03","guid":{"rendered":"https:\/\/www.ortidimare.it\/le-nostre-api\/"},"modified":"2025-06-15T13:26:02","modified_gmt":"2025-06-15T11:26:02","slug":"le-nostre-api","status":"publish","type":"page","link":"https:\/\/www.ortidimare.it\/de\/le-nostre-api\/","title":{"rendered":"DER HONIG MILLEFIORI ( \u201cTAUSEND BLUMEN\u201d) VON ORTI DI MARE"},"content":{"rendered":"<div class=\"wpb-content-wrapper\"><p>[vc_row css_animation=&#8220;&#8220; row_type=&#8220;row&#8220; use_row_as_full_screen_section=&#8220;no&#8220; type=&#8220;full_width&#8220; angled_section=&#8220;no&#8220; text_align=&#8220;left&#8220; background_image_as_pattern=&#8220;without_pattern&#8220;][vc_column][vc_column_text css=&#8220;&#8220;]<\/p>\n<p style=\"text-align: center;\"><script type=\"text\/javascript\">jQuery(function() { _initLayerSlider( '#layerslider_25_l5oyieg3amjx', {createdWith: '7.14.4', sliderVersion: '7.14.4', skin: 'v6', useSrcset: true, skinsPath: 'https:\/\/www.ortidimare.it\/wp-content\/plugins\/LayerSlider\/assets\/static\/layerslider\/skins\/', performanceMode: true}); });<\/script><div id=\"layerslider_25_l5oyieg3amjx\"  class=\"ls-wp-container fitvidsignore\" style=\"width:1280px;height:720px;margin:0 auto;\"><div class=\"ls-slide\" ><img loading=\"lazy\" decoding=\"async\" width=\"1500\" height=\"1000\" src=\"https:\/\/www.ortidimare.it\/wp-content\/uploads\/melissa_ape-3.jpg\" class=\"ls-bg\" alt=\"\" srcset=\"https:\/\/www.ortidimare.it\/wp-content\/uploads\/melissa_ape-3.jpg 1500w, https:\/\/www.ortidimare.it\/wp-content\/uploads\/melissa_ape-3-300x200.jpg 300w, https:\/\/www.ortidimare.it\/wp-content\/uploads\/melissa_ape-3-1024x683.jpg 1024w, https:\/\/www.ortidimare.it\/wp-content\/uploads\/melissa_ape-3-768x512.jpg 768w, https:\/\/www.ortidimare.it\/wp-content\/uploads\/melissa_ape-3-700x467.jpg 700w\" sizes=\"auto, (max-width: 1500px) 100vw, 1500px\" \/><\/div><div class=\"ls-slide\" ><img loading=\"lazy\" decoding=\"async\" width=\"2560\" height=\"1708\" src=\"https:\/\/www.ortidimare.it\/wp-content\/uploads\/IMG_5626-b-scaled.jpg\" class=\"ls-bg\" alt=\"\" srcset=\"https:\/\/www.ortidimare.it\/wp-content\/uploads\/IMG_5626-b-scaled.jpg 2560w, https:\/\/www.ortidimare.it\/wp-content\/uploads\/IMG_5626-b-300x200.jpg 300w, https:\/\/www.ortidimare.it\/wp-content\/uploads\/IMG_5626-b-1024x683.jpg 1024w, https:\/\/www.ortidimare.it\/wp-content\/uploads\/IMG_5626-b-768x512.jpg 768w, https:\/\/www.ortidimare.it\/wp-content\/uploads\/IMG_5626-b-1536x1025.jpg 1536w, https:\/\/www.ortidimare.it\/wp-content\/uploads\/IMG_5626-b-2048x1367.jpg 2048w, https:\/\/www.ortidimare.it\/wp-content\/uploads\/IMG_5626-b-700x467.jpg 700w\" sizes=\"auto, (max-width: 2560px) 100vw, 2560px\" \/><\/div><div class=\"ls-slide\" ><img loading=\"lazy\" decoding=\"async\" width=\"1500\" height=\"1001\" src=\"https:\/\/www.ortidimare.it\/wp-content\/uploads\/IMG_6326.jpg\" class=\"ls-bg\" alt=\"\" srcset=\"https:\/\/www.ortidimare.it\/wp-content\/uploads\/IMG_6326.jpg 1500w, https:\/\/www.ortidimare.it\/wp-content\/uploads\/IMG_6326-300x200.jpg 300w, https:\/\/www.ortidimare.it\/wp-content\/uploads\/IMG_6326-1024x683.jpg 1024w, https:\/\/www.ortidimare.it\/wp-content\/uploads\/IMG_6326-768x513.jpg 768w, https:\/\/www.ortidimare.it\/wp-content\/uploads\/IMG_6326-700x467.jpg 700w\" sizes=\"auto, (max-width: 1500px) 100vw, 1500px\" \/><\/div><div class=\"ls-slide\" ><img loading=\"lazy\" decoding=\"async\" width=\"1500\" height=\"1001\" src=\"https:\/\/www.ortidimare.it\/wp-content\/uploads\/IMG_5570.jpg\" class=\"ls-bg\" alt=\"\" srcset=\"https:\/\/www.ortidimare.it\/wp-content\/uploads\/IMG_5570.jpg 1500w, https:\/\/www.ortidimare.it\/wp-content\/uploads\/IMG_5570-300x200.jpg 300w, https:\/\/www.ortidimare.it\/wp-content\/uploads\/IMG_5570-1024x683.jpg 1024w, https:\/\/www.ortidimare.it\/wp-content\/uploads\/IMG_5570-768x513.jpg 768w, https:\/\/www.ortidimare.it\/wp-content\/uploads\/IMG_5570-700x467.jpg 700w\" sizes=\"auto, (max-width: 1500px) 100vw, 1500px\" \/><\/div><div class=\"ls-slide\" ><img loading=\"lazy\" decoding=\"async\" width=\"1500\" height=\"1001\" src=\"https:\/\/www.ortidimare.it\/wp-content\/uploads\/IMG_5669.jpg\" class=\"ls-bg\" alt=\"\" srcset=\"https:\/\/www.ortidimare.it\/wp-content\/uploads\/IMG_5669.jpg 1500w, https:\/\/www.ortidimare.it\/wp-content\/uploads\/IMG_5669-300x200.jpg 300w, https:\/\/www.ortidimare.it\/wp-content\/uploads\/IMG_5669-1024x683.jpg 1024w, https:\/\/www.ortidimare.it\/wp-content\/uploads\/IMG_5669-768x513.jpg 768w, https:\/\/www.ortidimare.it\/wp-content\/uploads\/IMG_5669-700x467.jpg 700w\" sizes=\"auto, (max-width: 1500px) 100vw, 1500px\" \/><\/div><div class=\"ls-slide\" ><img loading=\"lazy\" decoding=\"async\" width=\"1500\" height=\"1001\" src=\"https:\/\/www.ortidimare.it\/wp-content\/uploads\/IMG_5800-2.jpg\" class=\"ls-bg\" alt=\"\" srcset=\"https:\/\/www.ortidimare.it\/wp-content\/uploads\/IMG_5800-2.jpg 1500w, https:\/\/www.ortidimare.it\/wp-content\/uploads\/IMG_5800-2-300x200.jpg 300w, https:\/\/www.ortidimare.it\/wp-content\/uploads\/IMG_5800-2-1024x683.jpg 1024w, https:\/\/www.ortidimare.it\/wp-content\/uploads\/IMG_5800-2-768x513.jpg 768w, https:\/\/www.ortidimare.it\/wp-content\/uploads\/IMG_5800-2-700x467.jpg 700w\" sizes=\"auto, (max-width: 1500px) 100vw, 1500px\" \/><\/div><div class=\"ls-slide\" ><img loading=\"lazy\" decoding=\"async\" width=\"1500\" height=\"1001\" src=\"https:\/\/www.ortidimare.it\/wp-content\/uploads\/IMG_6281.jpg\" class=\"ls-bg\" alt=\"\" srcset=\"https:\/\/www.ortidimare.it\/wp-content\/uploads\/IMG_6281.jpg 1500w, https:\/\/www.ortidimare.it\/wp-content\/uploads\/IMG_6281-300x200.jpg 300w, https:\/\/www.ortidimare.it\/wp-content\/uploads\/IMG_6281-1024x683.jpg 1024w, https:\/\/www.ortidimare.it\/wp-content\/uploads\/IMG_6281-768x513.jpg 768w, https:\/\/www.ortidimare.it\/wp-content\/uploads\/IMG_6281-700x467.jpg 700w\" sizes=\"auto, (max-width: 1500px) 100vw, 1500px\" \/><\/div><div class=\"ls-slide\" ><img loading=\"lazy\" decoding=\"async\" width=\"1500\" height=\"1001\" src=\"https:\/\/www.ortidimare.it\/wp-content\/uploads\/IMG_6399.jpg\" class=\"ls-bg\" alt=\"\" srcset=\"https:\/\/www.ortidimare.it\/wp-content\/uploads\/IMG_6399.jpg 1500w, https:\/\/www.ortidimare.it\/wp-content\/uploads\/IMG_6399-300x200.jpg 300w, https:\/\/www.ortidimare.it\/wp-content\/uploads\/IMG_6399-1024x683.jpg 1024w, https:\/\/www.ortidimare.it\/wp-content\/uploads\/IMG_6399-768x513.jpg 768w, https:\/\/www.ortidimare.it\/wp-content\/uploads\/IMG_6399-700x467.jpg 700w\" sizes=\"auto, (max-width: 1500px) 100vw, 1500px\" \/><\/div><div class=\"ls-slide\" ><img loading=\"lazy\" decoding=\"async\" width=\"1500\" height=\"1001\" src=\"https:\/\/www.ortidimare.it\/wp-content\/uploads\/IMG_6396.jpg\" class=\"ls-bg\" alt=\"\" srcset=\"https:\/\/www.ortidimare.it\/wp-content\/uploads\/IMG_6396.jpg 1500w, https:\/\/www.ortidimare.it\/wp-content\/uploads\/IMG_6396-300x200.jpg 300w, https:\/\/www.ortidimare.it\/wp-content\/uploads\/IMG_6396-1024x683.jpg 1024w, https:\/\/www.ortidimare.it\/wp-content\/uploads\/IMG_6396-768x513.jpg 768w, https:\/\/www.ortidimare.it\/wp-content\/uploads\/IMG_6396-700x467.jpg 700w\" sizes=\"auto, (max-width: 1500px) 100vw, 1500px\" \/><\/div><div class=\"ls-slide\" ><img loading=\"lazy\" decoding=\"async\" width=\"1500\" height=\"1001\" src=\"https:\/\/www.ortidimare.it\/wp-content\/uploads\/IMG_6351.jpg\" class=\"ls-bg\" alt=\"\" srcset=\"https:\/\/www.ortidimare.it\/wp-content\/uploads\/IMG_6351.jpg 1500w, https:\/\/www.ortidimare.it\/wp-content\/uploads\/IMG_6351-300x200.jpg 300w, https:\/\/www.ortidimare.it\/wp-content\/uploads\/IMG_6351-1024x683.jpg 1024w, https:\/\/www.ortidimare.it\/wp-content\/uploads\/IMG_6351-768x513.jpg 768w, https:\/\/www.ortidimare.it\/wp-content\/uploads\/IMG_6351-700x467.jpg 700w\" sizes=\"auto, (max-width: 1500px) 100vw, 1500px\" \/><\/div><div class=\"ls-slide\" ><img loading=\"lazy\" decoding=\"async\" width=\"1298\" height=\"866\" src=\"https:\/\/www.ortidimare.it\/wp-content\/uploads\/IMG_6361.jpg\" class=\"ls-bg\" alt=\"\" srcset=\"https:\/\/www.ortidimare.it\/wp-content\/uploads\/IMG_6361.jpg 1298w, https:\/\/www.ortidimare.it\/wp-content\/uploads\/IMG_6361-300x200.jpg 300w, https:\/\/www.ortidimare.it\/wp-content\/uploads\/IMG_6361-1024x683.jpg 1024w, https:\/\/www.ortidimare.it\/wp-content\/uploads\/IMG_6361-768x512.jpg 768w, https:\/\/www.ortidimare.it\/wp-content\/uploads\/IMG_6361-700x467.jpg 700w\" sizes=\"auto, (max-width: 1298px) 100vw, 1298px\" \/><\/div><div class=\"ls-slide\" ><img loading=\"lazy\" decoding=\"async\" width=\"1500\" height=\"1125\" src=\"https:\/\/www.ortidimare.it\/wp-content\/uploads\/IMG_0078-2.jpg\" class=\"ls-bg\" alt=\"\" srcset=\"https:\/\/www.ortidimare.it\/wp-content\/uploads\/IMG_0078-2.jpg 1500w, https:\/\/www.ortidimare.it\/wp-content\/uploads\/IMG_0078-2-300x225.jpg 300w, https:\/\/www.ortidimare.it\/wp-content\/uploads\/IMG_0078-2-1024x768.jpg 1024w, https:\/\/www.ortidimare.it\/wp-content\/uploads\/IMG_0078-2-768x576.jpg 768w, https:\/\/www.ortidimare.it\/wp-content\/uploads\/IMG_0078-2-800x600.jpg 800w, https:\/\/www.ortidimare.it\/wp-content\/uploads\/IMG_0078-2-700x525.jpg 700w\" sizes=\"auto, (max-width: 1500px) 100vw, 1500px\" \/><\/div><div class=\"ls-slide\" ><img loading=\"lazy\" decoding=\"async\" width=\"1500\" height=\"1125\" src=\"https:\/\/www.ortidimare.it\/wp-content\/uploads\/IMG_0088-b.jpg\" class=\"ls-bg\" alt=\"\" srcset=\"https:\/\/www.ortidimare.it\/wp-content\/uploads\/IMG_0088-b.jpg 1500w, https:\/\/www.ortidimare.it\/wp-content\/uploads\/IMG_0088-b-300x225.jpg 300w, https:\/\/www.ortidimare.it\/wp-content\/uploads\/IMG_0088-b-1024x768.jpg 1024w, https:\/\/www.ortidimare.it\/wp-content\/uploads\/IMG_0088-b-768x576.jpg 768w, https:\/\/www.ortidimare.it\/wp-content\/uploads\/IMG_0088-b-800x600.jpg 800w, https:\/\/www.ortidimare.it\/wp-content\/uploads\/IMG_0088-b-700x525.jpg 700w\" sizes=\"auto, (max-width: 1500px) 100vw, 1500px\" \/><\/div><div class=\"ls-slide\" ><img loading=\"lazy\" decoding=\"async\" width=\"1500\" height=\"1125\" src=\"https:\/\/www.ortidimare.it\/wp-content\/uploads\/IMG_0102.jpg\" class=\"ls-bg\" alt=\"\" srcset=\"https:\/\/www.ortidimare.it\/wp-content\/uploads\/IMG_0102.jpg 1500w, https:\/\/www.ortidimare.it\/wp-content\/uploads\/IMG_0102-300x225.jpg 300w, https:\/\/www.ortidimare.it\/wp-content\/uploads\/IMG_0102-1024x768.jpg 1024w, https:\/\/www.ortidimare.it\/wp-content\/uploads\/IMG_0102-768x576.jpg 768w, https:\/\/www.ortidimare.it\/wp-content\/uploads\/IMG_0102-800x600.jpg 800w, https:\/\/www.ortidimare.it\/wp-content\/uploads\/IMG_0102-700x525.jpg 700w\" sizes=\"auto, (max-width: 1500px) 100vw, 1500px\" \/><\/div><div class=\"ls-slide\" ><img loading=\"lazy\" decoding=\"async\" width=\"1500\" height=\"1001\" src=\"https:\/\/www.ortidimare.it\/wp-content\/uploads\/IMG_6320.jpg\" class=\"ls-bg\" alt=\"\" srcset=\"https:\/\/www.ortidimare.it\/wp-content\/uploads\/IMG_6320.jpg 1500w, https:\/\/www.ortidimare.it\/wp-content\/uploads\/IMG_6320-300x200.jpg 300w, https:\/\/www.ortidimare.it\/wp-content\/uploads\/IMG_6320-1024x683.jpg 1024w, https:\/\/www.ortidimare.it\/wp-content\/uploads\/IMG_6320-768x513.jpg 768w, https:\/\/www.ortidimare.it\/wp-content\/uploads\/IMG_6320-700x467.jpg 700w\" sizes=\"auto, (max-width: 1500px) 100vw, 1500px\" \/><\/div><div class=\"ls-slide\" ><img loading=\"lazy\" decoding=\"async\" width=\"1500\" height=\"1040\" src=\"https:\/\/www.ortidimare.it\/wp-content\/uploads\/AIJM7011.jpg\" class=\"ls-bg\" alt=\"\" srcset=\"https:\/\/www.ortidimare.it\/wp-content\/uploads\/AIJM7011.jpg 1500w, https:\/\/www.ortidimare.it\/wp-content\/uploads\/AIJM7011-300x208.jpg 300w, https:\/\/www.ortidimare.it\/wp-content\/uploads\/AIJM7011-1024x710.jpg 1024w, https:\/\/www.ortidimare.it\/wp-content\/uploads\/AIJM7011-768x532.jpg 768w, https:\/\/www.ortidimare.it\/wp-content\/uploads\/AIJM7011-700x485.jpg 700w\" sizes=\"auto, (max-width: 1500px) 100vw, 1500px\" \/><\/div><div class=\"ls-slide\" ><img loading=\"lazy\" decoding=\"async\" width=\"1001\" height=\"1500\" src=\"https:\/\/www.ortidimare.it\/wp-content\/uploads\/PHOTO-2025-03-11-20-28-27.jpg\" class=\"ls-bg\" alt=\"\" srcset=\"https:\/\/www.ortidimare.it\/wp-content\/uploads\/PHOTO-2025-03-11-20-28-27.jpg 1001w, https:\/\/www.ortidimare.it\/wp-content\/uploads\/PHOTO-2025-03-11-20-28-27-200x300.jpg 200w, https:\/\/www.ortidimare.it\/wp-content\/uploads\/PHOTO-2025-03-11-20-28-27-683x1024.jpg 683w, https:\/\/www.ortidimare.it\/wp-content\/uploads\/PHOTO-2025-03-11-20-28-27-768x1151.jpg 768w, https:\/\/www.ortidimare.it\/wp-content\/uploads\/PHOTO-2025-03-11-20-28-27-700x1049.jpg 700w\" sizes=\"auto, (max-width: 1001px) 100vw, 1001px\" \/><\/div><div class=\"ls-slide\" ><img loading=\"lazy\" decoding=\"async\" width=\"1500\" height=\"1000\" src=\"https:\/\/www.ortidimare.it\/wp-content\/uploads\/issopo_ape20001-2.jpg\" class=\"ls-bg\" alt=\"\" srcset=\"https:\/\/www.ortidimare.it\/wp-content\/uploads\/issopo_ape20001-2.jpg 1500w, https:\/\/www.ortidimare.it\/wp-content\/uploads\/issopo_ape20001-2-300x200.jpg 300w, https:\/\/www.ortidimare.it\/wp-content\/uploads\/issopo_ape20001-2-1024x683.jpg 1024w, https:\/\/www.ortidimare.it\/wp-content\/uploads\/issopo_ape20001-2-768x512.jpg 768w, https:\/\/www.ortidimare.it\/wp-content\/uploads\/issopo_ape20001-2-700x467.jpg 700w\" sizes=\"auto, (max-width: 1500px) 100vw, 1500px\" \/><\/div><\/div>\n<p>[\/vc_column_text][\/vc_column][\/vc_row][vc_row css_animation=&#8220;&#8220; row_type=&#8220;row&#8220; use_row_as_full_screen_section=&#8220;no&#8220; type=&#8220;full_width&#8220; angled_section=&#8220;no&#8220; text_align=&#8220;left&#8220; background_image_as_pattern=&#8220;without_pattern&#8220; css=&#8220;.vc_custom_1749986726448{padding-top: 50px !important;padding-bottom: 50px !important;}&#8220; z_index=&#8220;&#8220;][vc_column][vc_column_text css=&#8220;&#8220;]<\/p>\n<p>Dank der reichhaltigen Bl\u00fcten haben die Bienen, welche in 18 Bienenst\u00f6cken in Orti di Mare (Lacona-Insel Elba) leben, viel Nektar gesammelt, mit welchem sie eine gro\u00dfe Menge Honig produziert haben; wir konnten daher einen Teil davon entnehmen, den Sie nun in unserem Hofladen kaufen k\u00f6nnen. Die Produktion des Honigs durch die Bienen, unsere Honigentnahme und die Honiggewinnung, die Reifung bishin zur Abf\u00fcllung, fand alles auf unserem Anwesen statt, in einem Umkreis von 500 Metern von dort, wo der Honig nun erworben werden kann.<\/p>\n<p>Der Honig wurde in einem unabh\u00e4ngigen Labor (Piana Ricerca di San Piero \u2013 Bologna) mittels einer Pollenanalyse quantitativ und organoleptisch untersucht. <strong>Die Untersuchungen haben ergeben, dass es sich um Honig Millefiori handelt, fl\u00fcssig, aromatisch, warm, normalerweise s\u00fc\u00df mit einer leichten S\u00e4ure, einer nicht wahrnehmbaren Bitterkeit ohne organoleptische Defekte.<\/strong> Die Bienen fliegen bis zu 3 Kilometer von ihren Bienenst\u00f6cken und lassen sich auf einer Vielzahl von Bl\u00fcten nieder, welche alle Pollen produzieren, wovon allerdings nur ein Teil auch Nektar produziert. Die Pollenanalyse hat <strong>38 Pollenarten<\/strong> erkannt, von welchen 26 von melliferen, honigtragenden Pflanzen und 12 von nicht melliferen Pflanzen stammen. Zu den Ersteren z\u00e4hlen (in absteigender Ordnung) Erika, Hornschotenklee, Kreuzbl\u00fctler, Kreuzdorn, Melilotus, Viburnum, Echium und andere; unter den Zweiteren (in absteigender Ordnung) sind Meereszistrosen, salbeibl\u00e4ttrige Zisto, Olive, Steineiche, Rose, Lentisk und andere. <strong>Die Anf\u00fchrer der melliferen Pflanzen (Erika) und die der nicht honigtragenden Pflanzen (Zisto) sind die biologische Unterschrift der mediterranen Macchia in unserem Honig.<\/strong>[\/vc_column_text][\/vc_column][\/vc_row][vc_row css_animation=&#8220;&#8220; row_type=&#8220;row&#8220; use_row_as_full_screen_section=&#8220;no&#8220; type=&#8220;full_width&#8220; angled_section=&#8220;no&#8220; text_align=&#8220;left&#8220; background_image_as_pattern=&#8220;without_pattern&#8220; css=&#8220;.vc_custom_1749986760131{padding-bottom: 50px !important;}&#8220; z_index=&#8220;&#8220;][vc_column width=&#8220;1\/4&#8243;][vc_single_image image=&#8220;36912&#8243; img_size=&#8220;300&#215;225&#8243; alignment=&#8220;center&#8220; style=&#8220;vc_box_border&#8220; border_color=&#8220;chino&#8220; css=&#8220;&#8220; qode_css_animation=&#8220;&#8220;][\/vc_column][vc_column width=&#8220;1\/4&#8243;][vc_single_image image=&#8220;36972&#8243; img_size=&#8220;300&#215;225&#8243; alignment=&#8220;center&#8220; style=&#8220;vc_box_border&#8220; border_color=&#8220;chino&#8220; css=&#8220;&#8220; qode_css_animation=&#8220;&#8220;][\/vc_column][vc_column width=&#8220;1\/4&#8243;][vc_single_image image=&#8220;36982&#8243; img_size=&#8220;300&#215;225&#8243; alignment=&#8220;center&#8220; style=&#8220;vc_box_border&#8220; border_color=&#8220;chino&#8220; css=&#8220;&#8220; qode_css_animation=&#8220;&#8220;][\/vc_column][vc_column width=&#8220;1\/4&#8243;][vc_single_image image=&#8220;36947&#8243; img_size=&#8220;300&#215;225&#8243; alignment=&#8220;center&#8220; style=&#8220;vc_box_border&#8220; border_color=&#8220;chino&#8220; css=&#8220;&#8220; qode_css_animation=&#8220;&#8220;][\/vc_column][\/vc_row]<\/p>\n<\/div>","protected":false},"excerpt":{"rendered":"<p>[vc_row css_animation=&#8220;&#8220; row_type=&#8220;row&#8220; use_row_as_full_screen_section=&#8220;no&#8220; type=&#8220;full_width&#8220; angled_section=&#8220;no&#8220; text_align=&#8220;left&#8220; background_image_as_pattern=&#8220;without_pattern&#8220;][vc_column][vc_column_text css=&#8220;&#8220;] [\/vc_column_text][\/vc_column][\/vc_row][vc_row css_animation=&#8220;&#8220; row_type=&#8220;row&#8220; use_row_as_full_screen_section=&#8220;no&#8220; type=&#8220;full_width&#8220; angled_section=&#8220;no&#8220;&#8230;<\/p>\n","protected":false},"author":7,"featured_media":0,"parent":0,"menu_order":0,"comment_status":"closed","ping_status":"closed","template":"","meta":{"footnotes":""},"class_list":["post-36875","page","type-page","status-publish","hentry"],"yoast_head":"<!-- This site is optimized with the Yoast SEO plugin v27.2 - https:\/\/yoast.com\/product\/yoast-seo-wordpress\/ -->\n<title>DER HONIG MILLEFIORI ( \u201cTAUSEND BLUMEN\u201d) VON ORTI DI MARE - Orti di Mare<\/title>\n<meta name=\"robots\" content=\"index, follow, max-snippet:-1, max-image-preview:large, max-video-preview:-1\" \/>\n<link rel=\"canonical\" href=\"https:\/\/www.ortidimare.it\/de\/le-nostre-api\/\" \/>\n<meta property=\"og:locale\" content=\"de_DE\" \/>\n<meta property=\"og:type\" content=\"article\" \/>\n<meta property=\"og:title\" content=\"DER HONIG MILLEFIORI ( \u201cTAUSEND BLUMEN\u201d) VON ORTI DI MARE - Orti di Mare\" \/>\n<meta property=\"og:description\" content=\"[vc_row css_animation=&#8220;&#8220; row_type=&#8220;row&#8220; use_row_as_full_screen_section=&#8220;no&#8220; type=&#8220;full_width&#8220; angled_section=&#8220;no&#8220; text_align=&#8220;left&#8220; background_image_as_pattern=&#8220;without_pattern&#8220;][vc_column][vc_column_text css=&#8220;&#8220;] [\/vc_column_text][\/vc_column][\/vc_row][vc_row css_animation=&#8220;&#8220; row_type=&#8220;row&#8220; use_row_as_full_screen_section=&#8220;no&#8220; type=&#8220;full_width&#8220; angled_section=&#8220;no&#8220;...\" \/>\n<meta property=\"og:url\" content=\"https:\/\/www.ortidimare.it\/de\/le-nostre-api\/\" \/>\n<meta property=\"og:site_name\" content=\"Orti di Mare\" \/>\n<meta property=\"article:modified_time\" content=\"2025-06-15T11:26:02+00:00\" \/>\n<meta property=\"og:image\" content=\"https:\/\/www.ortidimare.it\/wp-content\/uploads\/2015\/04\/14915199_1362143753858484_2660690015671577933_n1.jpg\" \/>\n\t<meta property=\"og:image:width\" content=\"720\" \/>\n\t<meta property=\"og:image:height\" content=\"540\" \/>\n\t<meta property=\"og:image:type\" content=\"image\/jpeg\" \/>\n<meta name=\"twitter:label1\" content=\"Gesch\u00e4tzte Lesezeit\" \/>\n\t<meta name=\"twitter:data1\" content=\"3\u00a0Minuten\" \/>\n<script type=\"application\/ld+json\" class=\"yoast-schema-graph\">{\"@context\":\"https:\/\/schema.org\",\"@graph\":[{\"@type\":\"WebPage\",\"@id\":\"https:\/\/www.ortidimare.it\/de\/le-nostre-api\/\",\"url\":\"https:\/\/www.ortidimare.it\/de\/le-nostre-api\/\",\"name\":\"DER HONIG MILLEFIORI ( \u201cTAUSEND BLUMEN\u201d) VON ORTI DI MARE - Orti di Mare\",\"isPartOf\":{\"@id\":\"https:\/\/www.ortidimare.it\/de\/#website\"},\"datePublished\":\"2025-05-14T10:42:03+00:00\",\"dateModified\":\"2025-06-15T11:26:02+00:00\",\"breadcrumb\":{\"@id\":\"https:\/\/www.ortidimare.it\/de\/le-nostre-api\/#breadcrumb\"},\"inLanguage\":\"de\",\"potentialAction\":[{\"@type\":\"ReadAction\",\"target\":[\"https:\/\/www.ortidimare.it\/de\/le-nostre-api\/\"]}]},{\"@type\":\"BreadcrumbList\",\"@id\":\"https:\/\/www.ortidimare.it\/de\/le-nostre-api\/#breadcrumb\",\"itemListElement\":[{\"@type\":\"ListItem\",\"position\":1,\"name\":\"Home\",\"item\":\"https:\/\/www.ortidimare.it\/de\/\"},{\"@type\":\"ListItem\",\"position\":2,\"name\":\"DER HONIG MILLEFIORI ( \u201cTAUSEND BLUMEN\u201d) VON ORTI DI MARE\"}]},{\"@type\":\"WebSite\",\"@id\":\"https:\/\/www.ortidimare.it\/de\/#website\",\"url\":\"https:\/\/www.ortidimare.it\/de\/\",\"name\":\"Orti di Mare\",\"description\":\"Lacona - Isola d&#039;Elba\",\"publisher\":{\"@id\":\"https:\/\/www.ortidimare.it\/de\/#organization\"},\"potentialAction\":[{\"@type\":\"SearchAction\",\"target\":{\"@type\":\"EntryPoint\",\"urlTemplate\":\"https:\/\/www.ortidimare.it\/de\/?s={search_term_string}\"},\"query-input\":{\"@type\":\"PropertyValueSpecification\",\"valueRequired\":true,\"valueName\":\"search_term_string\"}}],\"inLanguage\":\"de\"},{\"@type\":\"Organization\",\"@id\":\"https:\/\/www.ortidimare.it\/de\/#organization\",\"name\":\"Orti di Mare\",\"url\":\"https:\/\/www.ortidimare.it\/de\/\",\"logo\":{\"@type\":\"ImageObject\",\"inLanguage\":\"de\",\"@id\":\"https:\/\/www.ortidimare.it\/de\/#\/schema\/logo\/image\/\",\"url\":\"https:\/\/www.ortidimare.it\/wp-content\/uploads\/logo.jpg\",\"contentUrl\":\"https:\/\/www.ortidimare.it\/wp-content\/uploads\/logo.jpg\",\"width\":600,\"height\":600,\"caption\":\"Orti di Mare\"},\"image\":{\"@id\":\"https:\/\/www.ortidimare.it\/de\/#\/schema\/logo\/image\/\"}}]}<\/script>\n<!-- \/ Yoast SEO plugin. -->","yoast_head_json":{"title":"DER HONIG MILLEFIORI ( \u201cTAUSEND BLUMEN\u201d) VON ORTI DI MARE - Orti di Mare","robots":{"index":"index","follow":"follow","max-snippet":"max-snippet:-1","max-image-preview":"max-image-preview:large","max-video-preview":"max-video-preview:-1"},"canonical":"https:\/\/www.ortidimare.it\/de\/le-nostre-api\/","og_locale":"de_DE","og_type":"article","og_title":"DER HONIG MILLEFIORI ( \u201cTAUSEND BLUMEN\u201d) VON ORTI DI MARE - Orti di Mare","og_description":"[vc_row css_animation=&#8220;&#8220; row_type=&#8220;row&#8220; use_row_as_full_screen_section=&#8220;no&#8220; type=&#8220;full_width&#8220; angled_section=&#8220;no&#8220; text_align=&#8220;left&#8220; background_image_as_pattern=&#8220;without_pattern&#8220;][vc_column][vc_column_text css=&#8220;&#8220;] [\/vc_column_text][\/vc_column][\/vc_row][vc_row css_animation=&#8220;&#8220; row_type=&#8220;row&#8220; use_row_as_full_screen_section=&#8220;no&#8220; type=&#8220;full_width&#8220; angled_section=&#8220;no&#8220;...","og_url":"https:\/\/www.ortidimare.it\/de\/le-nostre-api\/","og_site_name":"Orti di Mare","article_modified_time":"2025-06-15T11:26:02+00:00","og_image":[{"width":720,"height":540,"url":"https:\/\/www.ortidimare.it\/wp-content\/uploads\/2015\/04\/14915199_1362143753858484_2660690015671577933_n1.jpg","type":"image\/jpeg"}],"twitter_misc":{"Gesch\u00e4tzte Lesezeit":"3\u00a0Minuten"},"schema":{"@context":"https:\/\/schema.org","@graph":[{"@type":"WebPage","@id":"https:\/\/www.ortidimare.it\/de\/le-nostre-api\/","url":"https:\/\/www.ortidimare.it\/de\/le-nostre-api\/","name":"DER HONIG MILLEFIORI ( \u201cTAUSEND BLUMEN\u201d) VON ORTI DI MARE - Orti di Mare","isPartOf":{"@id":"https:\/\/www.ortidimare.it\/de\/#website"},"datePublished":"2025-05-14T10:42:03+00:00","dateModified":"2025-06-15T11:26:02+00:00","breadcrumb":{"@id":"https:\/\/www.ortidimare.it\/de\/le-nostre-api\/#breadcrumb"},"inLanguage":"de","potentialAction":[{"@type":"ReadAction","target":["https:\/\/www.ortidimare.it\/de\/le-nostre-api\/"]}]},{"@type":"BreadcrumbList","@id":"https:\/\/www.ortidimare.it\/de\/le-nostre-api\/#breadcrumb","itemListElement":[{"@type":"ListItem","position":1,"name":"Home","item":"https:\/\/www.ortidimare.it\/de\/"},{"@type":"ListItem","position":2,"name":"DER HONIG MILLEFIORI ( \u201cTAUSEND BLUMEN\u201d) VON ORTI DI MARE"}]},{"@type":"WebSite","@id":"https:\/\/www.ortidimare.it\/de\/#website","url":"https:\/\/www.ortidimare.it\/de\/","name":"Orti di Mare","description":"Lacona - Isola d&#039;Elba","publisher":{"@id":"https:\/\/www.ortidimare.it\/de\/#organization"},"potentialAction":[{"@type":"SearchAction","target":{"@type":"EntryPoint","urlTemplate":"https:\/\/www.ortidimare.it\/de\/?s={search_term_string}"},"query-input":{"@type":"PropertyValueSpecification","valueRequired":true,"valueName":"search_term_string"}}],"inLanguage":"de"},{"@type":"Organization","@id":"https:\/\/www.ortidimare.it\/de\/#organization","name":"Orti di Mare","url":"https:\/\/www.ortidimare.it\/de\/","logo":{"@type":"ImageObject","inLanguage":"de","@id":"https:\/\/www.ortidimare.it\/de\/#\/schema\/logo\/image\/","url":"https:\/\/www.ortidimare.it\/wp-content\/uploads\/logo.jpg","contentUrl":"https:\/\/www.ortidimare.it\/wp-content\/uploads\/logo.jpg","width":600,"height":600,"caption":"Orti di Mare"},"image":{"@id":"https:\/\/www.ortidimare.it\/de\/#\/schema\/logo\/image\/"}}]}},"_links":{"self":[{"href":"https:\/\/www.ortidimare.it\/de\/wp-json\/wp\/v2\/pages\/36875","targetHints":{"allow":["GET"]}}],"collection":[{"href":"https:\/\/www.ortidimare.it\/de\/wp-json\/wp\/v2\/pages"}],"about":[{"href":"https:\/\/www.ortidimare.it\/de\/wp-json\/wp\/v2\/types\/page"}],"author":[{"embeddable":true,"href":"https:\/\/www.ortidimare.it\/de\/wp-json\/wp\/v2\/users\/7"}],"replies":[{"embeddable":true,"href":"https:\/\/www.ortidimare.it\/de\/wp-json\/wp\/v2\/comments?post=36875"}],"version-history":[{"count":5,"href":"https:\/\/www.ortidimare.it\/de\/wp-json\/wp\/v2\/pages\/36875\/revisions"}],"predecessor-version":[{"id":37088,"href":"https:\/\/www.ortidimare.it\/de\/wp-json\/wp\/v2\/pages\/36875\/revisions\/37088"}],"wp:attachment":[{"href":"https:\/\/www.ortidimare.it\/de\/wp-json\/wp\/v2\/media?parent=36875"}],"curies":[{"name":"wp","href":"https:\/\/api.w.org\/{rel}","templated":true}]}}