{"id":16987,"date":"2015-04-23T10:57:18","date_gmt":"2015-04-23T10:57:18","guid":{"rendered":"http:\/\/www.ortidimare.it\/?page_id=16987"},"modified":"2025-03-27T08:46:41","modified_gmt":"2025-03-27T07:46:41","slug":"kontakt","status":"publish","type":"page","link":"https:\/\/www.ortidimare.it\/de\/kontakt\/","title":{"rendered":"Kontakt"},"content":{"rendered":"<div class=\"wpb-content-wrapper\"><p>[vc_row css_animation=&#8220;&#8220; row_type=&#8220;row&#8220; use_row_as_full_screen_section=&#8220;no&#8220; type=&#8220;grid&#8220; angled_section=&#8220;no&#8220; text_align=&#8220;left&#8220; background_image_as_pattern=&#8220;without_pattern&#8220; z_index=&#8220;&#8220;][vc_column][vc_gmaps link=&#8220;#E-8_JTNDaWZyYW1lJTIwc3JjJTNEJTIyaHR0cHMlM0ElMkYlMkZ3d3cuZ29vZ2xlLmNvbSUyRm1hcHMlMkZlbWJlZCUzRnBiJTNEJTIxMW0xOCUyMTFtMTIlMjExbTMlMjExZDU4NTguNzA2ODcwODA0NTgzJTIxMmQxMC4zMDY1ODUlMjEzZDQyLjc1OTczJTIxMm0zJTIxMWYwJTIxMmYwJTIxM2YwJTIxM20yJTIxMWkxMDI0JTIxMmk3NjglMjE0ZjEzLjElMjEzbTMlMjExbTIlMjExczB4MTJkNjM0NGJhOGNhNzFkZiUyNTNBMHg0ZGNkYTVlMTQ5ZmI2ZGEyJTIxMnNDYW1waW5nJTJCT3J0aSUyQmRpJTJCTWFyZSUyMTVlMCUyMTNtMiUyMTFzaXQlMjEyc2l0JTIxNHYxNTIxMTE5MzMyNTU4JTIyJTIwd2lkdGglM0QlMjI2MDAlMjIlMjBoZWlnaHQlM0QlMjI0NTAlMjIlMjBmcmFtZWJvcmRlciUzRCUyMjAlMjIlMjBzdHlsZSUzRCUyMmJvcmRlciUzQTAlMjIlMjBhbGxvd2Z1bGxzY3JlZW4lM0UlM0MlMkZpZnJhbWUlM0U=&#8220;][vc_separator type=&#8220;transparent&#8220; thickness=&#8220;10&#8243; up=&#8220;15&#8243; down=&#8220;15&#8243;][\/vc_column][\/vc_row][vc_row css_animation=&#8220;&#8220; row_type=&#8220;row&#8220; use_row_as_full_screen_section=&#8220;no&#8220; type=&#8220;grid&#8220; angled_section=&#8220;no&#8220; text_align=&#8220;left&#8220; background_image_as_pattern=&#8220;without_pattern&#8220;][vc_column width=&#8220;2\/3&#8243;][vc_single_image image=&#8220;16856&#8243; img_size=&#8220;large&#8220; onclick=&#8220;custom_link&#8220; img_link_target=&#8220;_blank&#8220; qode_css_animation=&#8220;&#8220; link=&#8220;https:\/\/www.google.com\/maps\/@42.75973,10.306585,3a,75y,185.49h,79.57t\/data=!3m5!1e1!3m3!1sg6xw6FnF_QEAAAQfCV7UWA!2e0!3e11&#8243;][vc_separator type=&#8220;transparent&#8220; up=&#8220;6&#8243; down=&#8220;6&#8243;][vc_column_text]<a href=\"https:\/\/www.google.com\/maps\/@42.75973,10.306585,3a,75y,185.49h,79.57t\/data=!3m5!1e1!3m3!1sg6xw6FnF_QEAAAQfCV7UWA!2e0!3e11\" target=\"_blank\" rel=\"noopener noreferrer\"><strong>Einen Steinwurf vom Strand entfernt!<\/strong><\/a>[\/vc_column_text][\/vc_column][vc_column width=&#8220;1\/3&#8243;][vc_column_text]<strong>Orti di Mare<\/strong><br \/>\nvia dei Vigneti, 522<br \/>\nGebiet Lacona \u2013 57031 Capoliveri (LI)<br \/>\nBreite 42.763396 \u2013 L\u00e4nge 10.3077536[\/vc_column_text][vc_separator type=&#8220;transparent&#8220; up=&#8220;6&#8243; down=&#8220;6&#8243;][vc_column_text]<strong>ACHTUNG!<\/strong> Per Telefon und <strong><a href=\"mailto:booking@ortidimare.it\">e-mail<\/a><\/strong> k\u00f6nnen wir ausschliesslich allgemeine Informationen geben. F\u00fcr Anfragen bez\u00fcglich der Verf\u00fcgbarkeit und Reservierungen ist es notwendig, das entsprechende Formular auszuf\u00fcllen.[\/vc_column_text][vc_separator type=&#8220;transparent&#8220; up=&#8220;6&#8243; down=&#8220;6&#8243;][vc_column_text css=&#8220;&#8220;]Dieses finden Sie unter<\/p>\n<p><strong><a title=\"Campingplatz \u2013 Preise und Buchungen\" href=\"https:\/\/www.ortidimare.it\/de\/campingplatz-preise-und-buchungen\/\">CAMPINGPLATZ<\/a><\/strong><\/p>\n<p><strong><a title=\"Glamping Zelte \u2013 Preise und Buchungen\" href=\"https:\/\/www.ortidimare.it\/de\/campingplatz-preise-und-buchungen\/glamping-zelte\/\">GLAMPING ZELTE<\/a><\/strong><\/p>\n<p><strong><a title=\"Wohnungen \u2013 Preise und Buchungen\" href=\"https:\/\/www.ortidimare.it\/de\/wohnungen\/\">WOHNUNGEN<\/a><\/strong><\/p>\n<p><strong><a title=\"Wohnmobilstellplatz Low Cost \u2013 Preise und Buchungen\" href=\"https:\/\/www.ortidimare.it\/de\/wohnmobilstellplatz\/\">LOW COST WOHNMOBILSTELLPLATZ<\/a><\/strong>[\/vc_column_text][vc_separator type=&#8220;transparent&#8220; thickness=&#8220;10&#8243; up=&#8220;15&#8243; down=&#8220;15&#8243;][vc_column_text css=&#8220;&#8220;]<strong><span style=\"color: #699519;\">REZEPTION<\/span><\/strong><\/p>\n<p>Handy <strong>+39.331.58.67.805<\/strong> <em>(ganzj\u00e4hrig, zu den auf dem Anrufbeantworter angegebenen Zeiten)<\/em><\/p>\n<p>&nbsp;<\/p>\n<p><span style=\"color: #699519;\"><strong>HOFLADEN MARKET-CAF\u00c9\/<\/strong><strong>BISTRO<\/strong><\/span><\/p>\n<p>Von Mitte April bis Ende Oktober t\u00e4glich durchgehend ge\u00f6ffnet. Reservierungen f\u00fcr das Mittag- oder Abendessen sind nicht m\u00f6glich.<\/p>\n<p>Die Nummer des Anrufbeantworters dient nur zu Informationszwecken:<\/p>\n<p><strong>+39 351 9060631<\/strong>[\/vc_column_text][vc_separator type=&#8220;transparent&#8220; thickness=&#8220;10&#8243; up=&#8220;15&#8243; down=&#8220;15&#8243;]<span class='q_social_icon_holder normal_social' ><a itemprop='url' href='https:\/\/www.facebook.com\/pages\/Orti-di-Mare-Isola-dElba\/793939267345605' target='_blank'><i class=\"qode_icon_font_awesome fa fa-facebook fa-lg simple_social\" style=\"\" ><\/i><\/a><\/span><span class='q_social_icon_holder normal_social' ><a itemprop='url' href='https:\/\/instagram.com\/ortidimare\/' target='_self'><i class=\"qode_icon_font_awesome fa fa-instagram fa-lg simple_social\" style=\"\" ><\/i><\/a><\/span>[\/vc_column][\/vc_row][vc_row css_animation=&#8220;&#8220; row_type=&#8220;row&#8220; use_row_as_full_screen_section=&#8220;no&#8220; type=&#8220;full_width&#8220; angled_section=&#8220;no&#8220; text_align=&#8220;left&#8220; background_image_as_pattern=&#8220;without_pattern&#8220;][vc_column][vc_separator type=&#8220;transparent&#8220; thickness=&#8220;10&#8243; up=&#8220;15&#8243; down=&#8220;15&#8243;][\/vc_column][\/vc_row]<\/p>\n<\/div>","protected":false},"excerpt":{"rendered":"<p>[vc_row css_animation=&#8220;&#8220; row_type=&#8220;row&#8220; use_row_as_full_screen_section=&#8220;no&#8220; type=&#8220;grid&#8220; angled_section=&#8220;no&#8220; text_align=&#8220;left&#8220; background_image_as_pattern=&#8220;without_pattern&#8220; z_index=&#8220;&#8220;][vc_column][vc_gmaps link=&#8220;#E-8_JTNDaWZyYW1lJTIwc3JjJTNEJTIyaHR0cHMlM0ElMkYlMkZ3d3cuZ29vZ2xlLmNvbSUyRm1hcHMlMkZlbWJlZCUzRnBiJTNEJTIxMW0xOCUyMTFtMTIlMjExbTMlMjExZDU4NTguNzA2ODcwODA0NTgzJTIxMmQxMC4zMDY1ODUlMjEzZDQyLjc1OTczJTIxMm0zJTIxMWYwJTIxMmYwJTIxM2YwJTIxM20yJTIxMWkxMDI0JTIxMmk3NjglMjE0ZjEzLjElMjEzbTMlMjExbTIlMjExczB4MTJkNjM0NGJhOGNhNzFkZiUyNTNBMHg0ZGNkYTVlMTQ5ZmI2ZGEyJTIxMnNDYW1waW5nJTJCT3J0aSUyQmRpJTJCTWFyZSUyMTVlMCUyMTNtMiUyMTFzaXQlMjEyc2l0JTIxNHYxNTIxMTE5MzMyNTU4JTIyJTIwd2lkdGglM0QlMjI2MDAlMjIlMjBoZWlnaHQlM0QlMjI0NTAlMjIlMjBmcmFtZWJvcmRlciUzRCUyMjAlMjIlMjBzdHlsZSUzRCUyMmJvcmRlciUzQTAlMjIlMjBhbGxvd2Z1bGxzY3JlZW4lM0UlM0MlMkZpZnJhbWUlM0U=&#8220;][vc_separator type=&#8220;transparent&#8220; thickness=&#8220;10&#8243; up=&#8220;15&#8243; down=&#8220;15&#8243;][\/vc_column][\/vc_row][vc_row css_animation=&#8220;&#8220;&#8230;<\/p>\n","protected":false},"author":7,"featured_media":16801,"parent":0,"menu_order":0,"comment_status":"open","ping_status":"closed","template":"full_width.php","meta":{"footnotes":""},"class_list":["post-16987","page","type-page","status-publish","has-post-thumbnail","hentry"],"yoast_head":"<!-- This site is optimized with the Yoast SEO plugin v27.4 - https:\/\/yoast.com\/product\/yoast-seo-wordpress\/ -->\n<title>Kontakt - Orti di Mare<\/title>\n<meta name=\"description\" content=\"Kontakt: Campingplatz, Wohnmobilstellplatz, Null-Kilometer-Restaurant, Hofladen-Caf\u00e9\" \/>\n<meta name=\"robots\" content=\"index, follow, max-snippet:-1, max-image-preview:large, max-video-preview:-1\" \/>\n<link rel=\"canonical\" href=\"https:\/\/www.ortidimare.it\/de\/kontakt\/\" \/>\n<meta property=\"og:locale\" content=\"de_DE\" \/>\n<meta property=\"og:type\" content=\"article\" \/>\n<meta property=\"og:title\" content=\"Kontakt - Orti di Mare\" \/>\n<meta property=\"og:description\" content=\"Kontakt: Campingplatz, Wohnmobilstellplatz, Null-Kilometer-Restaurant, Hofladen-Caf\u00e9\" \/>\n<meta property=\"og:url\" content=\"https:\/\/www.ortidimare.it\/de\/kontakt\/\" \/>\n<meta property=\"og:site_name\" content=\"Orti di Mare\" \/>\n<meta property=\"article:modified_time\" content=\"2025-03-27T07:46:41+00:00\" \/>\n<meta property=\"og:image\" content=\"https:\/\/www.ortidimare.it\/wp-content\/uploads\/2013\/10\/bott-contatti.png\" \/>\n\t<meta property=\"og:image:width\" content=\"217\" \/>\n\t<meta property=\"og:image:height\" content=\"217\" \/>\n\t<meta property=\"og:image:type\" content=\"image\/png\" \/>\n<meta name=\"twitter:label1\" content=\"Gesch\u00e4tzte Lesezeit\" \/>\n\t<meta name=\"twitter:data1\" content=\"2\u00a0Minuten\" \/>\n<script type=\"application\/ld+json\" class=\"yoast-schema-graph\">{\"@context\":\"https:\\\/\\\/schema.org\",\"@graph\":[{\"@type\":\"WebPage\",\"@id\":\"https:\\\/\\\/www.ortidimare.it\\\/de\\\/kontakt\\\/\",\"url\":\"https:\\\/\\\/www.ortidimare.it\\\/de\\\/kontakt\\\/\",\"name\":\"Kontakt - Orti di Mare\",\"isPartOf\":{\"@id\":\"https:\\\/\\\/www.ortidimare.it\\\/de\\\/#website\"},\"primaryImageOfPage\":{\"@id\":\"https:\\\/\\\/www.ortidimare.it\\\/de\\\/kontakt\\\/#primaryimage\"},\"image\":{\"@id\":\"https:\\\/\\\/www.ortidimare.it\\\/de\\\/kontakt\\\/#primaryimage\"},\"thumbnailUrl\":\"https:\\\/\\\/www.ortidimare.it\\\/wp-content\\\/uploads\\\/2013\\\/10\\\/bott-contatti.png\",\"datePublished\":\"2015-04-23T10:57:18+00:00\",\"dateModified\":\"2025-03-27T07:46:41+00:00\",\"description\":\"Kontakt: Campingplatz, Wohnmobilstellplatz, Null-Kilometer-Restaurant, Hofladen-Caf\u00e9\",\"breadcrumb\":{\"@id\":\"https:\\\/\\\/www.ortidimare.it\\\/de\\\/kontakt\\\/#breadcrumb\"},\"inLanguage\":\"de\",\"potentialAction\":[{\"@type\":\"ReadAction\",\"target\":[\"https:\\\/\\\/www.ortidimare.it\\\/de\\\/kontakt\\\/\"]}]},{\"@type\":\"ImageObject\",\"inLanguage\":\"de\",\"@id\":\"https:\\\/\\\/www.ortidimare.it\\\/de\\\/kontakt\\\/#primaryimage\",\"url\":\"https:\\\/\\\/www.ortidimare.it\\\/wp-content\\\/uploads\\\/2013\\\/10\\\/bott-contatti.png\",\"contentUrl\":\"https:\\\/\\\/www.ortidimare.it\\\/wp-content\\\/uploads\\\/2013\\\/10\\\/bott-contatti.png\",\"width\":217,\"height\":217,\"caption\":\"Orti di Mare: contatti\"},{\"@type\":\"BreadcrumbList\",\"@id\":\"https:\\\/\\\/www.ortidimare.it\\\/de\\\/kontakt\\\/#breadcrumb\",\"itemListElement\":[{\"@type\":\"ListItem\",\"position\":1,\"name\":\"Home\",\"item\":\"https:\\\/\\\/www.ortidimare.it\\\/de\\\/\"},{\"@type\":\"ListItem\",\"position\":2,\"name\":\"Kontakt\"}]},{\"@type\":\"WebSite\",\"@id\":\"https:\\\/\\\/www.ortidimare.it\\\/de\\\/#website\",\"url\":\"https:\\\/\\\/www.ortidimare.it\\\/de\\\/\",\"name\":\"Orti di Mare\",\"description\":\"Lacona - Isola d&#039;Elba\",\"publisher\":{\"@id\":\"https:\\\/\\\/www.ortidimare.it\\\/de\\\/#organization\"},\"potentialAction\":[{\"@type\":\"SearchAction\",\"target\":{\"@type\":\"EntryPoint\",\"urlTemplate\":\"https:\\\/\\\/www.ortidimare.it\\\/de\\\/?s={search_term_string}\"},\"query-input\":{\"@type\":\"PropertyValueSpecification\",\"valueRequired\":true,\"valueName\":\"search_term_string\"}}],\"inLanguage\":\"de\"},{\"@type\":\"Organization\",\"@id\":\"https:\\\/\\\/www.ortidimare.it\\\/de\\\/#organization\",\"name\":\"Orti di Mare\",\"url\":\"https:\\\/\\\/www.ortidimare.it\\\/de\\\/\",\"logo\":{\"@type\":\"ImageObject\",\"inLanguage\":\"de\",\"@id\":\"https:\\\/\\\/www.ortidimare.it\\\/de\\\/#\\\/schema\\\/logo\\\/image\\\/\",\"url\":\"https:\\\/\\\/www.ortidimare.it\\\/wp-content\\\/uploads\\\/logo.jpg\",\"contentUrl\":\"https:\\\/\\\/www.ortidimare.it\\\/wp-content\\\/uploads\\\/logo.jpg\",\"width\":600,\"height\":600,\"caption\":\"Orti di Mare\"},\"image\":{\"@id\":\"https:\\\/\\\/www.ortidimare.it\\\/de\\\/#\\\/schema\\\/logo\\\/image\\\/\"}}]}<\/script>\n<!-- \/ Yoast SEO plugin. -->","yoast_head_json":{"title":"Kontakt - Orti di Mare","description":"Kontakt: Campingplatz, Wohnmobilstellplatz, Null-Kilometer-Restaurant, Hofladen-Caf\u00e9","robots":{"index":"index","follow":"follow","max-snippet":"max-snippet:-1","max-image-preview":"max-image-preview:large","max-video-preview":"max-video-preview:-1"},"canonical":"https:\/\/www.ortidimare.it\/de\/kontakt\/","og_locale":"de_DE","og_type":"article","og_title":"Kontakt - Orti di Mare","og_description":"Kontakt: Campingplatz, Wohnmobilstellplatz, Null-Kilometer-Restaurant, Hofladen-Caf\u00e9","og_url":"https:\/\/www.ortidimare.it\/de\/kontakt\/","og_site_name":"Orti di Mare","article_modified_time":"2025-03-27T07:46:41+00:00","og_image":[{"width":217,"height":217,"url":"https:\/\/www.ortidimare.it\/wp-content\/uploads\/2013\/10\/bott-contatti.png","type":"image\/png"}],"twitter_misc":{"Gesch\u00e4tzte Lesezeit":"2\u00a0Minuten"},"schema":{"@context":"https:\/\/schema.org","@graph":[{"@type":"WebPage","@id":"https:\/\/www.ortidimare.it\/de\/kontakt\/","url":"https:\/\/www.ortidimare.it\/de\/kontakt\/","name":"Kontakt - Orti di Mare","isPartOf":{"@id":"https:\/\/www.ortidimare.it\/de\/#website"},"primaryImageOfPage":{"@id":"https:\/\/www.ortidimare.it\/de\/kontakt\/#primaryimage"},"image":{"@id":"https:\/\/www.ortidimare.it\/de\/kontakt\/#primaryimage"},"thumbnailUrl":"https:\/\/www.ortidimare.it\/wp-content\/uploads\/2013\/10\/bott-contatti.png","datePublished":"2015-04-23T10:57:18+00:00","dateModified":"2025-03-27T07:46:41+00:00","description":"Kontakt: Campingplatz, Wohnmobilstellplatz, Null-Kilometer-Restaurant, Hofladen-Caf\u00e9","breadcrumb":{"@id":"https:\/\/www.ortidimare.it\/de\/kontakt\/#breadcrumb"},"inLanguage":"de","potentialAction":[{"@type":"ReadAction","target":["https:\/\/www.ortidimare.it\/de\/kontakt\/"]}]},{"@type":"ImageObject","inLanguage":"de","@id":"https:\/\/www.ortidimare.it\/de\/kontakt\/#primaryimage","url":"https:\/\/www.ortidimare.it\/wp-content\/uploads\/2013\/10\/bott-contatti.png","contentUrl":"https:\/\/www.ortidimare.it\/wp-content\/uploads\/2013\/10\/bott-contatti.png","width":217,"height":217,"caption":"Orti di Mare: contatti"},{"@type":"BreadcrumbList","@id":"https:\/\/www.ortidimare.it\/de\/kontakt\/#breadcrumb","itemListElement":[{"@type":"ListItem","position":1,"name":"Home","item":"https:\/\/www.ortidimare.it\/de\/"},{"@type":"ListItem","position":2,"name":"Kontakt"}]},{"@type":"WebSite","@id":"https:\/\/www.ortidimare.it\/de\/#website","url":"https:\/\/www.ortidimare.it\/de\/","name":"Orti di Mare","description":"Lacona - Isola d&#039;Elba","publisher":{"@id":"https:\/\/www.ortidimare.it\/de\/#organization"},"potentialAction":[{"@type":"SearchAction","target":{"@type":"EntryPoint","urlTemplate":"https:\/\/www.ortidimare.it\/de\/?s={search_term_string}"},"query-input":{"@type":"PropertyValueSpecification","valueRequired":true,"valueName":"search_term_string"}}],"inLanguage":"de"},{"@type":"Organization","@id":"https:\/\/www.ortidimare.it\/de\/#organization","name":"Orti di Mare","url":"https:\/\/www.ortidimare.it\/de\/","logo":{"@type":"ImageObject","inLanguage":"de","@id":"https:\/\/www.ortidimare.it\/de\/#\/schema\/logo\/image\/","url":"https:\/\/www.ortidimare.it\/wp-content\/uploads\/logo.jpg","contentUrl":"https:\/\/www.ortidimare.it\/wp-content\/uploads\/logo.jpg","width":600,"height":600,"caption":"Orti di Mare"},"image":{"@id":"https:\/\/www.ortidimare.it\/de\/#\/schema\/logo\/image\/"}}]}},"_links":{"self":[{"href":"https:\/\/www.ortidimare.it\/de\/wp-json\/wp\/v2\/pages\/16987","targetHints":{"allow":["GET"]}}],"collection":[{"href":"https:\/\/www.ortidimare.it\/de\/wp-json\/wp\/v2\/pages"}],"about":[{"href":"https:\/\/www.ortidimare.it\/de\/wp-json\/wp\/v2\/types\/page"}],"author":[{"embeddable":true,"href":"https:\/\/www.ortidimare.it\/de\/wp-json\/wp\/v2\/users\/7"}],"replies":[{"embeddable":true,"href":"https:\/\/www.ortidimare.it\/de\/wp-json\/wp\/v2\/comments?post=16987"}],"version-history":[{"count":5,"href":"https:\/\/www.ortidimare.it\/de\/wp-json\/wp\/v2\/pages\/16987\/revisions"}],"predecessor-version":[{"id":36556,"href":"https:\/\/www.ortidimare.it\/de\/wp-json\/wp\/v2\/pages\/16987\/revisions\/36556"}],"wp:featuredmedia":[{"embeddable":true,"href":"https:\/\/www.ortidimare.it\/de\/wp-json\/wp\/v2\/media\/16801"}],"wp:attachment":[{"href":"https:\/\/www.ortidimare.it\/de\/wp-json\/wp\/v2\/media?parent=16987"}],"curies":[{"name":"wp","href":"https:\/\/api.w.org\/{rel}","templated":true}]}}