{"id":16969,"date":"2015-04-22T16:40:20","date_gmt":"2015-04-22T16:40:20","guid":{"rendered":"http:\/\/www.ortidimare.it\/?page_id=16969"},"modified":"2021-03-12T15:28:36","modified_gmt":"2021-03-12T14:28:36","slug":"gastemeinungen","status":"publish","type":"page","link":"https:\/\/www.ortidimare.it\/de\/gastemeinungen\/","title":{"rendered":"G\u00e4stemeinungen"},"content":{"rendered":"<div class=\"wpb-content-wrapper\"><p>[vc_row css_animation=&#8220;&#8220; row_type=&#8220;row&#8220; use_row_as_full_screen_section=&#8220;no&#8220; type=&#8220;full_width&#8220; angled_section=&#8220;no&#8220; text_align=&#8220;left&#8220; background_image_as_pattern=&#8220;without_pattern&#8220;][vc_column][vc_row_inner row_type=&#8220;row&#8220; type=&#8220;full_width&#8220; text_align=&#8220;left&#8220; css_animation=&#8220;&#8220;][vc_column_inner][vc_separator type=&#8220;transparent&#8220; thickness=&#8220;10&#8243; up=&#8220;15&#8243; down=&#8220;15&#8243;]<div class='testimonials_holder clearfix dark'><div class=\"testimonials testimonials_carousel\" data-show-navigation=\"yes\" data-animation-type=\"slide\" data-animation-speed=\"0\" data-auto-rotate-slides=\"0\" data-number-per-slide=\"1\"><ul class=\"slides\"><li id=\"testimonials34212\" class=\"testimonial_content\"><div class=\"testimonial_content_inner\"><div class=\"testimonial_text_holder\"><div class=\"testimonial_text_inner\" style=\"\"><p style='font-size:14px;'><p style=\"text-align: left;\"><strong>Alles ist sehr sch\u00f6n und mit viel liebe gemacht \u2605\u2605\u2605\u2605\u2605<\/strong><br>  \r\nWir waren 2 Wochen \u00fcber Pfingsten auf diesem wundervollen Campingplatz. Man kann wirklich sagen, dass er sich von den anderen abhebt, alles ist sehr sch\u00f6n und mit viel liebe gemacht. Die Zelt- und Stellpl\u00e4tze sind sehr gro\u00dfz\u00fcgig und nat\u00fcrlich angelegt. unter Korkeichen, Olivenb\u00e4umen oder Nadelb\u00e4umen, je nach dem, welchen Platz man hat, kann man sein Zelt aufschlagen \/ Bus hinstellen. es sind nur 7 Minuten zum Meer. Es gibt im Campingplatz ein Restaurant mit Biologischem sehr leckerem Essen! Viele Eissorten, alles selbst gemacht und ebenfalls biologisch. Sie haben eine eigene Landwirtschaft, mit dem Ertrag gibt es Saisonale Gerichte auf der Karte. Es gibt noch vieles gutes zu schreiben, aber das w\u00fcrde hier den Rahmen sprengen. Rundum ein wundervoller Campingplatz!<\/p><\/p><p class=\"testimonial_author\" style=\"\"><\/p><\/div><\/div><\/div><\/li><li id=\"testimonials34211\" class=\"testimonial_content\"><div class=\"testimonial_content_inner\"><div class=\"testimonial_text_holder\"><div class=\"testimonial_text_inner\" style=\"\"><p style='font-size:14px;'><p style=\"text-align: left;\"><strong>Eine Oase der Ruhe! \u2605\u2605\u2605\u2605\u2605<\/strong><br>  \r\nOrti di Mare ist ein wirklich sch\u00f6ner Campingplatz, der mit viel Liebe zum Detail gestaltet wurde. Die Stellpl\u00e4tze sind sehr sch\u00f6n angelegt und bieten teilweise einem gro\u00dfartigen Blick auf die Bucht von Lacona. Die Sanit\u00e4ranlagen bestehen aus einzelnen kleinen Badezimmern mit Toilette, Bidet, Waschbecken und Dusche. Alles ist in einem sehr guten und sauberen Zustand. Das Restaurant\/die Bar l\u00e4dt zum Verweilen und entspannen ein, hier finden sich neben einigen Liegen und H\u00e4ngematten auch ein paar Spielger\u00e4te f\u00fcr Kinder.<br \/>\r\nDer Staff auf dem Platz und in der Bar ist hilfsbereit und freundlich das geht schon bei der Ankunft an der Rezeption los (ich glaube sie hei\u00dft Jada) und zieht sich w\u00e4hrend des gesamten Aufenthalts durch. Die Produkte der Bar und des kleinen Ladens sind echt lecker und (abgesehen vom Hauswein) echt zu empfehlen.<br \/>\r\nAlles in allem ein toller Ort zu verweilen.<\/p><\/p><p class=\"testimonial_author\" style=\"\"><\/p><\/div><\/div><\/div><\/li><li id=\"testimonials34210\" class=\"testimonial_content\"><div class=\"testimonial_content_inner\"><div class=\"testimonial_text_holder\"><div class=\"testimonial_text_inner\" style=\"\"><p style='font-size:14px;'><p style=\"text-align: left;\"><strong>Traumhaft sch\u00f6ner Platz \u2605\u2605\u2605\u2605\u2605<\/strong><br>  \r\nTraumhaft sch\u00f6ner Platz, den man nicht mehr verlassen m\u00f6chte.<br \/>\r\nDie Eigent\u00fcmer leben hier konsequent ihr Konzept der Nachhaltigkeit und Qualit\u00e4t.<br \/>\r\nGanz gro\u00dfartig!<\/p><\/p><p class=\"testimonial_author\" style=\"\"><\/p><\/div><\/div><\/div><\/li><li id=\"testimonials20627\" class=\"testimonial_content\"><div class=\"testimonial_content_inner\"><div class=\"testimonial_text_holder\"><div class=\"testimonial_text_inner\" style=\"\"><p style='font-size:14px;'><p style=\"text-align: left;\"><strong>Geht es noch besser? \u2605\u2605\u2605\u2605\u2605<\/strong><br> \r\n Toller Camping, Stellplatz super, Konzept \u00fcberzeugt vom ersten Augenblick an. Sanit\u00e4ranlagen, Kiosk, Restaurant Italienisch wie es sein muss. Wir werden wiederkommen..<\/p><\/p><p class=\"testimonial_author\" style=\"\">Peter Me.<span class=\"author_company_divider\"> - <\/span><span class=\"author_company\">Facebook.com<\/span><\/p><\/div><\/div><\/div><\/li><li id=\"testimonials20626\" class=\"testimonial_content\"><div class=\"testimonial_content_inner\"><div class=\"testimonial_text_holder\"><div class=\"testimonial_text_inner\" style=\"\"><p style='font-size:14px;'><p style=\"text-align: left;\"><strong>Super \u2605\u2605\u2605\u2605\u2605<\/strong><br> \r\nWir waren dieses Jahr zum zweiten Mal da. Im April erstrahlt die Insel in allen Farben. Der Campingplatz ist definitiv nicht voll!! Wir werden auch unsere n\u00e4chsten Ferien in Elba wieder auf dem Orti di Mare verbringen weil auch die Lage f\u00fcr uns Perfekt ist. Speziell mit Kinder ist er sehr zu empfehlen. \r\nDes weiteren ist er sehr gut gelegen und verf\u00fcgt \u00fcber alles was man bracht. \r\nHerzlichen Dank nochmals und bis zum n\u00e4chsten Mal!<\/p><\/p><p class=\"testimonial_author\" style=\"\">howzit17<span class=\"author_company_divider\"> - <\/span><span class=\"author_company\">tripadvisor.com<\/span><\/p><\/div><\/div><\/div><\/li><li id=\"testimonials20625\" class=\"testimonial_content\"><div class=\"testimonial_content_inner\"><div class=\"testimonial_text_holder\"><div class=\"testimonial_text_inner\" style=\"\"><p style='font-size:14px;'><p style=\"text-align: left;\"><strong>Zweite Ostern auf Insel ELBA \u2605\u2605\u2605\u2605\u2605<\/strong><br> \r\nLage sehr Ruhig, Betreuung durch personal unauff\u00e4llig freundlich. Dies Mal war auch der platzeigene Bioladen bereits ge\u00f6ffnet. Tolle Produkte. Besonders das Wei\u00dfbrot ist besonders hervor zu heben auch die hauseigenen Marmeladen hervorragend. Top Platz f\u00fcr Ruhe und Erholung suchende.<\/p><\/p><p class=\"testimonial_author\" style=\"\">_resch_st_veit<span class=\"author_company_divider\"> - <\/span><span class=\"author_company\">tripadvisor.com<\/span><\/p><\/div><\/div><\/div><\/li><li id=\"testimonials20624\" class=\"testimonial_content\"><div class=\"testimonial_content_inner\"><div class=\"testimonial_text_holder\"><div class=\"testimonial_text_inner\" style=\"\"><p style='font-size:14px;'><p style=\"text-align: left;\"><strong>Ein Ort der Ruhe \u2605\u2605\u2605\u2605\u2605<\/strong><br> \r\nEin biologischer und nachhaltig gef\u00fchrter Platz mit einer besonders sp\u00fcrbaren Energie. Die Pl\u00e4tze sind terassenf\u00f6rmig angelegt und haben verschiedene Gr\u00f6ssen in der Sonne oder auch im Schatten. Der Blick auf das Meer ist ein Traum, hier ist Erholung in der Natur noch m\u00f6glich. Im kleinen \"Farmer Market\" bekommt man k\u00f6stliches selbstgebackenes Brot und Kuchen, eigenes Gem\u00fcse, Obst, Marmeladen, Eis, Oliven\u00f6l und noch viele andere Leckereien in bester Bio Qualit\u00e4t. Kleine Gerichte laden in gem\u00fctlicher Atmosph\u00e4re unter begr\u00fcnten Pergolen zum verweilen ein. Hier sind liebevolle Infotafeln aufgestellt, auf denen man die eigene Geschichte von Orti di Mare nachlesen kann. Im Waschhaus gibt es einzelne Badezimmer mit Dusche, Waschbecken und WC und auch hier ist es sehr sauber und gepflegt. \r\nWir kommen wieder und sagen Euch DANKE f\u00fcr diesen wunderbaren Ort!<\/p><\/p><p class=\"testimonial_author\" style=\"\">DominikundSandra<span class=\"author_company_divider\"> - <\/span><span class=\"author_company\">tripadvisor.com<\/span><\/p><\/div><\/div><\/div><\/li><li id=\"testimonials20623\" class=\"testimonial_content\"><div class=\"testimonial_content_inner\"><div class=\"testimonial_text_holder\"><div class=\"testimonial_text_inner\" style=\"\"><p style='font-size:14px;'><p style=\"text-align: left;\"><strong>Ruhiger Campingplatz \u2605\u2605\u2605\u2605\u2605<\/strong><br> \r\nSehr saubere Toiletten und Duschen. Kleiner Bioladen mit selbstgebackenem Brot beim Eingang. Vermutlich das beste Brot der Insel. 5 min  Fussweg zum Strand. Der Platz ist ideal gelegen als Ausgangspunkt f\u00fcr Ausfl\u00fcge. Kann den Platz nur empfehlen.<\/p><\/p><p class=\"testimonial_author\" style=\"\"><\/p><\/div><\/div><\/div><\/li><li id=\"testimonials20618\" class=\"testimonial_content\"><div class=\"testimonial_content_inner\"><div class=\"testimonial_text_holder\"><div class=\"testimonial_text_inner\" style=\"\"><p style='font-size:14px;'><p style=\"text-align: left;\"><strong>Ein wundersch\u00f6ner Platz \u2605\u2605\u2605\u2605\u2605<\/strong><br> \r\nNicht zu gro\u00df. Alles was man braucht. Super Duschen und Toilette. Zeltpl\u00e4tze unter Sonnend\u00e4chern und Olivenb\u00e4umen. 5 min. zum Strand. Tolles kleines Restaurant direkt am Platz mit selbstgemachtem Eis.<\/p><\/p><p class=\"testimonial_author\" style=\"\">Martin E.<span class=\"author_company_divider\"> - <\/span><span class=\"author_company\">google.com<\/span><\/p><\/div><\/div><\/div><\/li><li id=\"testimonials20616\" class=\"testimonial_content\"><div class=\"testimonial_content_inner\"><div class=\"testimonial_text_holder\"><div class=\"testimonial_text_inner\" style=\"\"><p style='font-size:14px;'><p style=\"text-align: left;\"><strong>Wundersch\u00f6ner Campingplatz mit einem ganz tollen Preis-\/Leistungsverh\u00e4ltnis \u2605\u2605\u2605\u2605\u2605<\/strong><br> \r\nWir waren anfangs Oktober knapp zwei Wochen mit dem VW Bus da und erhielten einen riesigen Stellplatz mit wunderbarer Aussicht aufs Meer. Der Campingplatz wird nach biologischen Grunds\u00e4tzen und sehr nachhaltig gef\u00fchrt. Das frische Brot vom kleinen Laden ist wohl das Beste, was man auf Elba kriegen kann. Auch ist das Personal \u00e4usserst freundlich und stets hilfsbereit. Die sanitarischen Anlagen geh\u00f6ren zum sch\u00f6nsten, welche wir bisher auf einem Campingplatz vorgefunden haben. Wir kommen gerne wieder.<\/p><\/p><p class=\"testimonial_author\" style=\"\">4cv_1950<span class=\"author_company_divider\"> - <\/span><span class=\"author_company\">tripadvisor.com<\/span><\/p><\/div><\/div><\/div><\/li><li id=\"testimonials18529\" class=\"testimonial_content\"><div class=\"testimonial_content_inner\"><div class=\"testimonial_text_holder\"><div class=\"testimonial_text_inner\" style=\"\"><p style='font-size:14px;'><p style=\"text-align: left;\"><strong>Sehr sch\u00f6ner Campingplatz inmitten der Natur  \u2605\u2605\u2605\u2605\u2605<\/strong><br>\r\nWir waren letzten Sommer auf diesem Campingplatz und er war super. Sehr sch\u00f6n in der Natur gelegen, sehr sauber (was mir insbesondere bei Toiletten und Duschen sehr wichtig war) und nette Mitarbeiter. Parkpl\u00e4tze sind nicht weit von Zeltpl\u00e4tzen entfernt und Elektrizit\u00e4t gibt es f\u00fcr einen kleinen Zuschlag auch am Zeltplatz (brauchten wir nicht). Liegt nicht direkt am Meer, ein kleiner Spaziergang entlang eines sch\u00f6nen Weges ist n\u00f6tig. Wifi ist auch vorhanden.<\/p><\/p><p class=\"testimonial_author\" style=\"\">tmtm349<span class=\"author_company_divider\"> - <\/span><span class=\"author_company\">tripadvisor.de<\/span><\/p><\/div><\/div><\/div><\/li><li id=\"testimonials18521\" class=\"testimonial_content\"><div class=\"testimonial_content_inner\"><div class=\"testimonial_text_holder\"><div class=\"testimonial_text_inner\" style=\"\"><p style='font-size:14px;'><p style=\"text-align: left;\"><strong>Wundersch\u00f6ner Camping, Essen in Bio-Qualit\u00e4t (Kiosk, Restaurant), sch\u00f6ner Sandstrand  \u2605\u2605\u2605\u2605\u2605<\/strong><br>\r\nWas braucht man mehr um sich bestens zu erholen: gesundes Essen in Bio-Qualit\u00e4t, Sonne, sauberers Meer & Sandstrand einige Meter entfernt, beschatteter Campingplatz? Nette Nachbarn nat\u00fcrlich - und nette Leute suchen und finden genau diesen Camping!<\/p><\/p><p class=\"testimonial_author\" style=\"\">Pro Windkraft N<span class=\"author_company_divider\"> - <\/span><span class=\"author_company\">tripadvisor.de<\/span><\/p><\/div><\/div><\/div><\/li><li id=\"testimonials18520\" class=\"testimonial_content\"><div class=\"testimonial_content_inner\"><div class=\"testimonial_text_holder\"><div class=\"testimonial_text_inner\" style=\"\"><p style='font-size:14px;'><p style=\"text-align: left;\"><strong>Oase auf Elba  \u2605\u2605\u2605\u2605\u2605<\/strong><br>\r\nBei all den Campingpl\u00e4tzen auf Elba mit Animation, Disco und Pool mit Wasserrutsche ist dieser Platz eine wahre Oase ! Ruhig gelegen, gro\u00dfz\u00fcgige Parzellen, top Sanit\u00e4ranlagen, sehr freundliches Personal, tolles kleines Caf\u00e9 mit Bio-Produkten unter Olivenb\u00e4umen und Weinreben und trotzdem nur 10 min zu Fu\u00df zum Strand.<\/p><\/p><p class=\"testimonial_author\" style=\"\">malte1612<span class=\"author_company_divider\"> - <\/span><span class=\"author_company\">tripadvisor.de<\/span><\/p><\/div><\/div><\/div><\/li><li id=\"testimonials18517\" class=\"testimonial_content\"><div class=\"testimonial_content_inner\"><div class=\"testimonial_text_holder\"><div class=\"testimonial_text_inner\" style=\"\"><p style='font-size:14px;'><p style=\"text-align: left;\"><strong>Eine Idylle, ganzj\u00e4hrig eine Reise weit!  \u2605\u2605\u2605\u2605\u2605<\/strong><br>\r\nWir sind regelm\u00e4ssig im Winter auf diesem wundersch\u00f6nen Campingplatz und geniessen es, dort zu Ruhe zu kommen. \r\nDie Umgebung, die Sanit\u00e4ranlagen, die Stellpl\u00e4tze, alles ist wunderbar und mit viel Liebe zum Detail angelegt.<\/p><\/p><p class=\"testimonial_author\" style=\"\">daskleinenilpferd<span class=\"author_company_divider\"> - <\/span><span class=\"author_company\">tripadvisor.de<\/span><\/p><\/div><\/div><\/div><\/li><li id=\"testimonials16973\" class=\"testimonial_content\"><div class=\"testimonial_content_inner\"><div class=\"testimonial_text_holder\"><div class=\"testimonial_text_inner\" style=\"\"><p style='font-size:14px;'><p style=\"text-align: left;\"><strong>Charmant, idyllisch, strandnah, erholsam  \u2605\u2605\u2605\u2605\u2605<\/strong><br>\r\nDa wir das erste Mal mit unserem Camper auf Elba gingen, suchten wir mittels ADAC-Stellplatzf\u00fchrer vorab nach einem Campingplatz und wurden dabei auf dieses h\u00fcbsche Agricamping aufmerksam. Unsere Erwartungen wurden nicht entt\u00e4uscht. Wundersch\u00f6ne Parzellen zwischen viel Gr\u00fcn, tolle Sanit\u00e4ranlage (sogar mit dezenter Musik), super nette und unkomplizierte Besitzer und angenehme Campingg\u00e4ste. Es war ruhig (wir schliefen herrlich!) und trotzdem ist man in einpaar Minuten unten am Strand. Ganz in der N\u00e4he hat es einen Mercato (7 Tage die Woche ge\u00f6ffnet) und in der Hauptsaison gibt es sogar auf dem Campingplatz ein kleiner Cafe-Laden, bei welchem man regional-saisonale Produkte kaufen oder sich direkt zu Fr\u00fchst\u00fcck\/Lunch\/Abendsnack verk\u00f6stigen kann. Rundum: Wir kommen sehr gerne wieder und k\u00f6nnen diesen Campingplatz nur weiterempfehlen!\r\n\r\nVielen Dank!\r\n\r\nLiebe Gr\u00fcsse aus der Schweiz \ud83d\ude42<\/p><\/p><p class=\"testimonial_author\" style=\"\">C S<span class=\"author_company_divider\"> - <\/span><span class=\"author_company\">tripadvisor.de<\/span><\/p><\/div><\/div><\/div><\/li><li id=\"testimonials16974\" class=\"testimonial_content\"><div class=\"testimonial_content_inner\"><div class=\"testimonial_text_holder\"><div class=\"testimonial_text_inner\" style=\"\"><p style='font-size:14px;'><p style=\"text-align: left;\"><strong>Wundersch\u00f6n, nat\u00fcrlich und erholsam  \u2605\u2605\u2605\u2605\u2605<\/strong><br>\r\nSehr liebevoll gestaltete R\u00e4ume und Pl\u00e4tze zum Wohlf\u00fchlen. Von unserer Ferienwohnung und dem Campingplatz aus ein wundersch\u00f6ner Blick aufs Meer und \u00fcberhaupt eine sch\u00f6ne Natur drumherum. Wir geh\u00f6rten im Januar zu den wenigen G\u00e4sten au\u00dferhalb der Saison, was ich sehr empfehlen kann! So konnten wir viel Ruhe, Sonne, leere Str\u00e4nde und die angenehme Atmosph\u00e4re von Orti di Mare genie\u00dfen.<\/p><\/p><p class=\"testimonial_author\" style=\"\">jopri2016<span class=\"author_company_divider\"> - <\/span><span class=\"author_company\">tripadvisor.de<\/span><\/p><\/div><\/div><\/div><\/li><\/ul><\/div><\/div>[\/vc_column_inner][\/vc_row_inner][vc_separator type=&#8220;transparent&#8220; thickness=&#8220;10&#8243; up=&#8220;15&#8243; down=&#8220;15&#8243;][\/vc_column][\/vc_row]<\/p>\n<\/div>","protected":false},"excerpt":{"rendered":"<p>[vc_row css_animation=&#8220;&#8220; row_type=&#8220;row&#8220; use_row_as_full_screen_section=&#8220;no&#8220; type=&#8220;full_width&#8220; angled_section=&#8220;no&#8220; text_align=&#8220;left&#8220; background_image_as_pattern=&#8220;without_pattern&#8220;][vc_column][vc_row_inner row_type=&#8220;row&#8220; type=&#8220;full_width&#8220; text_align=&#8220;left&#8220; css_animation=&#8220;&#8220;][vc_column_inner][vc_separator type=&#8220;transparent&#8220; thickness=&#8220;10&#8243; up=&#8220;15&#8243;&#8230;<\/p>\n","protected":false},"author":7,"featured_media":16970,"parent":0,"menu_order":0,"comment_status":"open","ping_status":"closed","template":"","meta":{"footnotes":""},"class_list":["post-16969","page","type-page","status-publish","has-post-thumbnail","hentry"],"yoast_head":"<!-- This site is optimized with the Yoast SEO plugin v27.4 - https:\/\/yoast.com\/product\/yoast-seo-wordpress\/ -->\n<title>G\u00e4stemeinungen - Orti di Mare<\/title>\n<meta name=\"description\" content=\"G\u00e4stemeinungen: Das sagen unsere G\u00e4ste\" \/>\n<meta name=\"robots\" content=\"index, follow, max-snippet:-1, max-image-preview:large, max-video-preview:-1\" \/>\n<link rel=\"canonical\" href=\"https:\/\/www.ortidimare.it\/de\/gastemeinungen\/\" \/>\n<meta property=\"og:locale\" content=\"de_DE\" \/>\n<meta property=\"og:type\" content=\"article\" \/>\n<meta property=\"og:title\" content=\"G\u00e4stemeinungen - Orti di Mare\" \/>\n<meta property=\"og:description\" content=\"G\u00e4stemeinungen: Das sagen unsere G\u00e4ste\" \/>\n<meta property=\"og:url\" content=\"https:\/\/www.ortidimare.it\/de\/gastemeinungen\/\" \/>\n<meta property=\"og:site_name\" content=\"Orti di Mare\" \/>\n<meta property=\"article:modified_time\" content=\"2021-03-12T14:28:36+00:00\" \/>\n<meta property=\"og:image\" content=\"https:\/\/www.ortidimare.it\/wp-content\/uploads\/2015\/04\/bott-dicono-di-noi.png\" \/>\n\t<meta property=\"og:image:width\" content=\"217\" \/>\n\t<meta property=\"og:image:height\" content=\"217\" \/>\n\t<meta property=\"og:image:type\" content=\"image\/png\" \/>\n<meta name=\"twitter:label1\" content=\"Gesch\u00e4tzte Lesezeit\" \/>\n\t<meta name=\"twitter:data1\" content=\"1\u00a0Minute\" \/>\n<script type=\"application\/ld+json\" class=\"yoast-schema-graph\">{\"@context\":\"https:\\\/\\\/schema.org\",\"@graph\":[{\"@type\":\"WebPage\",\"@id\":\"https:\\\/\\\/www.ortidimare.it\\\/de\\\/gastemeinungen\\\/\",\"url\":\"https:\\\/\\\/www.ortidimare.it\\\/de\\\/gastemeinungen\\\/\",\"name\":\"G\u00e4stemeinungen - Orti di Mare\",\"isPartOf\":{\"@id\":\"https:\\\/\\\/www.ortidimare.it\\\/de\\\/#website\"},\"primaryImageOfPage\":{\"@id\":\"https:\\\/\\\/www.ortidimare.it\\\/de\\\/gastemeinungen\\\/#primaryimage\"},\"image\":{\"@id\":\"https:\\\/\\\/www.ortidimare.it\\\/de\\\/gastemeinungen\\\/#primaryimage\"},\"thumbnailUrl\":\"https:\\\/\\\/www.ortidimare.it\\\/wp-content\\\/uploads\\\/2015\\\/04\\\/bott-dicono-di-noi.png\",\"datePublished\":\"2015-04-22T16:40:20+00:00\",\"dateModified\":\"2021-03-12T14:28:36+00:00\",\"description\":\"G\u00e4stemeinungen: Das sagen unsere G\u00e4ste\",\"breadcrumb\":{\"@id\":\"https:\\\/\\\/www.ortidimare.it\\\/de\\\/gastemeinungen\\\/#breadcrumb\"},\"inLanguage\":\"de\",\"potentialAction\":[{\"@type\":\"ReadAction\",\"target\":[\"https:\\\/\\\/www.ortidimare.it\\\/de\\\/gastemeinungen\\\/\"]}]},{\"@type\":\"ImageObject\",\"inLanguage\":\"de\",\"@id\":\"https:\\\/\\\/www.ortidimare.it\\\/de\\\/gastemeinungen\\\/#primaryimage\",\"url\":\"https:\\\/\\\/www.ortidimare.it\\\/wp-content\\\/uploads\\\/2015\\\/04\\\/bott-dicono-di-noi.png\",\"contentUrl\":\"https:\\\/\\\/www.ortidimare.it\\\/wp-content\\\/uploads\\\/2015\\\/04\\\/bott-dicono-di-noi.png\",\"width\":217,\"height\":217,\"caption\":\"Orti di Mare: dicono di noi\"},{\"@type\":\"BreadcrumbList\",\"@id\":\"https:\\\/\\\/www.ortidimare.it\\\/de\\\/gastemeinungen\\\/#breadcrumb\",\"itemListElement\":[{\"@type\":\"ListItem\",\"position\":1,\"name\":\"Home\",\"item\":\"https:\\\/\\\/www.ortidimare.it\\\/de\\\/\"},{\"@type\":\"ListItem\",\"position\":2,\"name\":\"G\u00e4stemeinungen\"}]},{\"@type\":\"WebSite\",\"@id\":\"https:\\\/\\\/www.ortidimare.it\\\/de\\\/#website\",\"url\":\"https:\\\/\\\/www.ortidimare.it\\\/de\\\/\",\"name\":\"Orti di Mare\",\"description\":\"Lacona - Isola d&#039;Elba\",\"publisher\":{\"@id\":\"https:\\\/\\\/www.ortidimare.it\\\/de\\\/#organization\"},\"potentialAction\":[{\"@type\":\"SearchAction\",\"target\":{\"@type\":\"EntryPoint\",\"urlTemplate\":\"https:\\\/\\\/www.ortidimare.it\\\/de\\\/?s={search_term_string}\"},\"query-input\":{\"@type\":\"PropertyValueSpecification\",\"valueRequired\":true,\"valueName\":\"search_term_string\"}}],\"inLanguage\":\"de\"},{\"@type\":\"Organization\",\"@id\":\"https:\\\/\\\/www.ortidimare.it\\\/de\\\/#organization\",\"name\":\"Orti di Mare\",\"url\":\"https:\\\/\\\/www.ortidimare.it\\\/de\\\/\",\"logo\":{\"@type\":\"ImageObject\",\"inLanguage\":\"de\",\"@id\":\"https:\\\/\\\/www.ortidimare.it\\\/de\\\/#\\\/schema\\\/logo\\\/image\\\/\",\"url\":\"https:\\\/\\\/www.ortidimare.it\\\/wp-content\\\/uploads\\\/logo.jpg\",\"contentUrl\":\"https:\\\/\\\/www.ortidimare.it\\\/wp-content\\\/uploads\\\/logo.jpg\",\"width\":600,\"height\":600,\"caption\":\"Orti di Mare\"},\"image\":{\"@id\":\"https:\\\/\\\/www.ortidimare.it\\\/de\\\/#\\\/schema\\\/logo\\\/image\\\/\"}}]}<\/script>\n<!-- \/ Yoast SEO plugin. -->","yoast_head_json":{"title":"G\u00e4stemeinungen - Orti di Mare","description":"G\u00e4stemeinungen: Das sagen unsere G\u00e4ste","robots":{"index":"index","follow":"follow","max-snippet":"max-snippet:-1","max-image-preview":"max-image-preview:large","max-video-preview":"max-video-preview:-1"},"canonical":"https:\/\/www.ortidimare.it\/de\/gastemeinungen\/","og_locale":"de_DE","og_type":"article","og_title":"G\u00e4stemeinungen - Orti di Mare","og_description":"G\u00e4stemeinungen: Das sagen unsere G\u00e4ste","og_url":"https:\/\/www.ortidimare.it\/de\/gastemeinungen\/","og_site_name":"Orti di Mare","article_modified_time":"2021-03-12T14:28:36+00:00","og_image":[{"width":217,"height":217,"url":"https:\/\/www.ortidimare.it\/wp-content\/uploads\/2015\/04\/bott-dicono-di-noi.png","type":"image\/png"}],"twitter_misc":{"Gesch\u00e4tzte Lesezeit":"1\u00a0Minute"},"schema":{"@context":"https:\/\/schema.org","@graph":[{"@type":"WebPage","@id":"https:\/\/www.ortidimare.it\/de\/gastemeinungen\/","url":"https:\/\/www.ortidimare.it\/de\/gastemeinungen\/","name":"G\u00e4stemeinungen - Orti di Mare","isPartOf":{"@id":"https:\/\/www.ortidimare.it\/de\/#website"},"primaryImageOfPage":{"@id":"https:\/\/www.ortidimare.it\/de\/gastemeinungen\/#primaryimage"},"image":{"@id":"https:\/\/www.ortidimare.it\/de\/gastemeinungen\/#primaryimage"},"thumbnailUrl":"https:\/\/www.ortidimare.it\/wp-content\/uploads\/2015\/04\/bott-dicono-di-noi.png","datePublished":"2015-04-22T16:40:20+00:00","dateModified":"2021-03-12T14:28:36+00:00","description":"G\u00e4stemeinungen: Das sagen unsere G\u00e4ste","breadcrumb":{"@id":"https:\/\/www.ortidimare.it\/de\/gastemeinungen\/#breadcrumb"},"inLanguage":"de","potentialAction":[{"@type":"ReadAction","target":["https:\/\/www.ortidimare.it\/de\/gastemeinungen\/"]}]},{"@type":"ImageObject","inLanguage":"de","@id":"https:\/\/www.ortidimare.it\/de\/gastemeinungen\/#primaryimage","url":"https:\/\/www.ortidimare.it\/wp-content\/uploads\/2015\/04\/bott-dicono-di-noi.png","contentUrl":"https:\/\/www.ortidimare.it\/wp-content\/uploads\/2015\/04\/bott-dicono-di-noi.png","width":217,"height":217,"caption":"Orti di Mare: dicono di noi"},{"@type":"BreadcrumbList","@id":"https:\/\/www.ortidimare.it\/de\/gastemeinungen\/#breadcrumb","itemListElement":[{"@type":"ListItem","position":1,"name":"Home","item":"https:\/\/www.ortidimare.it\/de\/"},{"@type":"ListItem","position":2,"name":"G\u00e4stemeinungen"}]},{"@type":"WebSite","@id":"https:\/\/www.ortidimare.it\/de\/#website","url":"https:\/\/www.ortidimare.it\/de\/","name":"Orti di Mare","description":"Lacona - Isola d&#039;Elba","publisher":{"@id":"https:\/\/www.ortidimare.it\/de\/#organization"},"potentialAction":[{"@type":"SearchAction","target":{"@type":"EntryPoint","urlTemplate":"https:\/\/www.ortidimare.it\/de\/?s={search_term_string}"},"query-input":{"@type":"PropertyValueSpecification","valueRequired":true,"valueName":"search_term_string"}}],"inLanguage":"de"},{"@type":"Organization","@id":"https:\/\/www.ortidimare.it\/de\/#organization","name":"Orti di Mare","url":"https:\/\/www.ortidimare.it\/de\/","logo":{"@type":"ImageObject","inLanguage":"de","@id":"https:\/\/www.ortidimare.it\/de\/#\/schema\/logo\/image\/","url":"https:\/\/www.ortidimare.it\/wp-content\/uploads\/logo.jpg","contentUrl":"https:\/\/www.ortidimare.it\/wp-content\/uploads\/logo.jpg","width":600,"height":600,"caption":"Orti di Mare"},"image":{"@id":"https:\/\/www.ortidimare.it\/de\/#\/schema\/logo\/image\/"}}]}},"_links":{"self":[{"href":"https:\/\/www.ortidimare.it\/de\/wp-json\/wp\/v2\/pages\/16969","targetHints":{"allow":["GET"]}}],"collection":[{"href":"https:\/\/www.ortidimare.it\/de\/wp-json\/wp\/v2\/pages"}],"about":[{"href":"https:\/\/www.ortidimare.it\/de\/wp-json\/wp\/v2\/types\/page"}],"author":[{"embeddable":true,"href":"https:\/\/www.ortidimare.it\/de\/wp-json\/wp\/v2\/users\/7"}],"replies":[{"embeddable":true,"href":"https:\/\/www.ortidimare.it\/de\/wp-json\/wp\/v2\/comments?post=16969"}],"version-history":[{"count":5,"href":"https:\/\/www.ortidimare.it\/de\/wp-json\/wp\/v2\/pages\/16969\/revisions"}],"predecessor-version":[{"id":33484,"href":"https:\/\/www.ortidimare.it\/de\/wp-json\/wp\/v2\/pages\/16969\/revisions\/33484"}],"wp:featuredmedia":[{"embeddable":true,"href":"https:\/\/www.ortidimare.it\/de\/wp-json\/wp\/v2\/media\/16970"}],"wp:attachment":[{"href":"https:\/\/www.ortidimare.it\/de\/wp-json\/wp\/v2\/media?parent=16969"}],"curies":[{"name":"wp","href":"https:\/\/api.w.org\/{rel}","templated":true}]}}